{"id":31070,"date":"2021-06-01T16:37:29","date_gmt":"2021-06-01T14:37:29","guid":{"rendered":"https:\/\/www.dimann.com\/unser-versprechen\/"},"modified":"2025-10-15T15:57:32","modified_gmt":"2025-10-15T13:57:32","slug":"unser-versprechen","status":"publish","type":"page","link":"https:\/\/www.dimann.com\/de\/unser-versprechen\/","title":{"rendered":"\u00dcber uns: Wissen, Beratung und Hilfe bei Blasenentz\u00fcndung"},"content":{"rendered":"<div class=\"la-nostra-promessa-bold-statement\">\n<p class=\"p1 p1a\">Wir wollen helfen<\/p>\n<p class=\"p1 p1b\">alle Frauen der Welt<\/p>\n<p class=\"p1 p1c\">um endg\u00fcltig zu kl\u00e4ren<\/p>\n<p class=\"p1 p1d\">ihre eigene Blasenentz\u00fcndung.<\/p>\n<\/div>\n<p>&nbsp;<\/p>\n<p class=\"p1\"><span class=\"s1\">Es gibt kein Wundermittel gegen Blasenentz\u00fcndung, und wir k\u00f6nnen nicht garantieren, dass dies das letzte Mal ist, dass Sie ein Produkt gegen diesen unertr\u00e4glichen Reisebegleiter kaufen. <\/span><\/p>\n<p class=\"p1\"><span class=\"s1\">Aber bei uns k\u00f6nnen Sie sicher sein, dass wir Ihnen nie ein Produkt anbieten werden, das nicht f\u00fcr Sie geeignet ist.<\/span><\/p>\n<p>&nbsp;<\/p>\n<p class=\"p1\"><span class=\"s1\">Wir helfen Ihnen, mehr \u00fcber Ihre Erkrankung und Ihren K\u00f6rper zu erfahren. <\/span><\/p>\n<p class=\"p1\"><span class=\"s1\">Wir unterst\u00fctzen Sie auf Ihrem Weg zu mehr Gesundheit. <\/span><\/p>\n<p class=\"p1\"><span class=\"s1\">Wir schlagen Ihnen die besten Abhilfema\u00dfnahmen vor. Wir bleiben bei der Lebensstilberatung, wenn das reicht. <\/span><\/p>\n<p class=\"p1\"><span class=\"s1\">Wir sind vom ersten bis zum letzten Kontakt f\u00fcr Sie da.<\/span><\/p>\n","protected":false},"excerpt":{"rendered":"<p>Wir wollen helfen alle Frauen der Welt um endg\u00fcltig zu kl\u00e4ren ihre eigene Blasenentz\u00fcndung. &nbsp; Es gibt kein Wundermittel gegen Blasenentz\u00fcndung, und wir k\u00f6nnen nicht garantieren, dass dies das letzte Mal ist, dass Sie ein Produkt gegen diesen unertr\u00e4glichen Reisebegleiter kaufen. Aber bei uns k\u00f6nnen Sie sicher sein, dass wir Ihnen nie ein Produkt anbieten [&hellip;]<\/p>\n","protected":false},"author":3,"featured_media":0,"parent":0,"menu_order":0,"comment_status":"closed","ping_status":"closed","template":"","meta":{"_acf_changed":false,"footnotes":""},"class_list":["post-31070","page","type-page","status-publish","hentry"],"acf":[],"yoast_head":"<!-- This site is optimized with the Yoast SEO plugin v27.2 - https:\/\/yoast.com\/product\/yoast-seo-wordpress\/ -->\n<title>Unser Versprechen<\/title>\n<meta name=\"description\" content=\"Unser Versprechen ist es, Frauen, die eine Blasenentz\u00fcndung haben oder denken, dass sie eine haben k\u00f6nnten, mit Rat und Tat zur Seite zu stehen. Bei uns lernen Sie sich selbst besser kennen.\" \/>\n<meta name=\"robots\" content=\"index, follow, max-snippet:-1, max-image-preview:large, max-video-preview:-1\" \/>\n<link rel=\"canonical\" href=\"https:\/\/www.dimann.com\/de\/unser-versprechen\/\" \/>\n<meta property=\"og:locale\" content=\"de_DE\" \/>\n<meta property=\"og:type\" content=\"article\" \/>\n<meta property=\"og:title\" content=\"Unser Versprechen\" \/>\n<meta property=\"og:description\" content=\"Unser Versprechen ist es, Frauen, die eine Blasenentz\u00fcndung haben oder denken, dass sie eine haben k\u00f6nnten, mit Rat und Tat zur Seite zu stehen. Bei uns lernen Sie sich selbst besser kennen.\" \/>\n<meta property=\"og:url\" content=\"https:\/\/www.dimann.com\/de\/unser-versprechen\/\" \/>\n<meta property=\"og:site_name\" content=\"Dimann\" \/>\n<meta property=\"article:publisher\" content=\"https:\/\/www.facebook.com\/pg\/Dimann.cistite\/posts\/\" \/>\n<meta property=\"article:modified_time\" content=\"2025-10-15T13:57:32+00:00\" \/>\n<meta property=\"og:image\" content=\"http:\/\/default\" \/>\n<meta name=\"twitter:card\" content=\"summary_large_image\" \/>\n<meta name=\"twitter:label1\" content=\"Gesch\u00e4tzte Lesezeit\" \/>\n\t<meta name=\"twitter:data1\" content=\"1\u00a0Minute\" \/>\n<!-- \/ Yoast SEO plugin. -->","yoast_head_json":{"title":"Unser Versprechen","description":"Unser Versprechen ist es, Frauen, die eine Blasenentz\u00fcndung haben oder denken, dass sie eine haben k\u00f6nnten, mit Rat und Tat zur Seite zu stehen. Bei uns lernen Sie sich selbst besser kennen.","robots":{"index":"index","follow":"follow","max-snippet":"max-snippet:-1","max-image-preview":"max-image-preview:large","max-video-preview":"max-video-preview:-1"},"canonical":"https:\/\/www.dimann.com\/de\/unser-versprechen\/","og_locale":"de_DE","og_type":"article","og_title":"Unser Versprechen","og_description":"Unser Versprechen ist es, Frauen, die eine Blasenentz\u00fcndung haben oder denken, dass sie eine haben k\u00f6nnten, mit Rat und Tat zur Seite zu stehen. Bei uns lernen Sie sich selbst besser kennen.","og_url":"https:\/\/www.dimann.com\/de\/unser-versprechen\/","og_site_name":"Dimann","article_publisher":"https:\/\/www.facebook.com\/pg\/Dimann.cistite\/posts\/","article_modified_time":"2025-10-15T13:57:32+00:00","og_image":[{"url":"default","type":"","width":"","height":""}],"twitter_card":"summary_large_image","twitter_misc":{"Gesch\u00e4tzte Lesezeit":"1\u00a0Minute"},"schema":{"@context":"https:\/\/schema.org","@graph":[{"@type":"WebPage","@id":"https:\/\/www.dimann.com\/de\/unser-versprechen\/","url":"https:\/\/www.dimann.com\/de\/unser-versprechen\/","name":"Unser Versprechen","isPartOf":{"@id":"https:\/\/www.dimann.com\/de\/#website"},"datePublished":"2021-06-01T14:37:29+00:00","dateModified":"2025-10-15T13:57:32+00:00","description":"Unser Versprechen ist es, Frauen, die eine Blasenentz\u00fcndung haben oder denken, dass sie eine haben k\u00f6nnten, mit Rat und Tat zur Seite zu stehen. Bei uns lernen Sie sich selbst besser kennen.","inLanguage":"de","potentialAction":[{"@type":"ReadAction","target":["https:\/\/www.dimann.com\/de\/unser-versprechen\/"]}]},{"@type":"WebSite","@id":"https:\/\/www.dimann.com\/de\/#website","url":"https:\/\/www.dimann.com\/de\/","name":"Dimann","description":"","publisher":{"@id":"https:\/\/www.dimann.com\/de\/#organization"},"potentialAction":[{"@type":"SearchAction","target":{"@type":"EntryPoint","urlTemplate":"https:\/\/www.dimann.com\/de\/?s={search_term_string}"},"query-input":{"@type":"PropertyValueSpecification","valueRequired":true,"valueName":"search_term_string"}}],"inLanguage":"de"},{"@type":"Organization","@id":"https:\/\/www.dimann.com\/de\/#organization","name":"Dimann","url":"https:\/\/www.dimann.com\/de\/","logo":{"@type":"ImageObject","inLanguage":"de","@id":"https:\/\/www.dimann.com\/de\/#\/schema\/logo\/image\/","url":"https:\/\/www.dimann.com\/wp-content\/uploads\/2019\/07\/logo.svg","contentUrl":"https:\/\/www.dimann.com\/wp-content\/uploads\/2019\/07\/logo.svg","width":1,"height":1,"caption":"Dimann"},"image":{"@id":"https:\/\/www.dimann.com\/de\/#\/schema\/logo\/image\/"},"sameAs":["https:\/\/www.facebook.com\/pg\/Dimann.cistite\/posts\/","https:\/\/www.instagram.com\/dimann_official\/"]}]}},"_links":{"self":[{"href":"https:\/\/www.dimann.com\/de\/wp-json\/wp\/v2\/pages\/31070","targetHints":{"allow":["GET"]}}],"collection":[{"href":"https:\/\/www.dimann.com\/de\/wp-json\/wp\/v2\/pages"}],"about":[{"href":"https:\/\/www.dimann.com\/de\/wp-json\/wp\/v2\/types\/page"}],"author":[{"embeddable":true,"href":"https:\/\/www.dimann.com\/de\/wp-json\/wp\/v2\/users\/3"}],"replies":[{"embeddable":true,"href":"https:\/\/www.dimann.com\/de\/wp-json\/wp\/v2\/comments?post=31070"}],"version-history":[{"count":5,"href":"https:\/\/www.dimann.com\/de\/wp-json\/wp\/v2\/pages\/31070\/revisions"}],"predecessor-version":[{"id":58219,"href":"https:\/\/www.dimann.com\/de\/wp-json\/wp\/v2\/pages\/31070\/revisions\/58219"}],"wp:attachment":[{"href":"https:\/\/www.dimann.com\/de\/wp-json\/wp\/v2\/media?parent=31070"}],"curies":[{"name":"wp","href":"https:\/\/api.w.org\/{rel}","templated":true}]}}