{"id":39911,"date":"2024-04-19T15:53:40","date_gmt":"2024-04-19T13:53:40","guid":{"rendered":"https:\/\/www.dimann.com\/abc\/"},"modified":"2025-10-15T15:54:10","modified_gmt":"2025-10-15T13:54:10","slug":"abc","status":"publish","type":"page","link":"https:\/\/www.dimann.com\/de\/abc\/","title":{"rendered":"W\u00e4hlen Sie Ihre Sprache f\u00fcr den Dimann Kontakt"},"content":{"rendered":"\t\t<div data-elementor-type=\"wp-page\" data-elementor-id=\"39911\" class=\"elementor elementor-39911 elementor-28698\" data-elementor-post-type=\"page\">\n\t\t\t\t\t\t<section class=\"elementor-section elementor-top-section elementor-element elementor-element-4e3ccfd elementor-section-full_width elementor-section-height-min-height elementor-section-stretched elementor-section-content-middle elementor-section-height-default elementor-section-items-middle\" data-id=\"4e3ccfd\" data-element_type=\"section\" data-e-type=\"section\" data-settings=\"{&quot;stretch_section&quot;:&quot;section-stretched&quot;}\">\n\t\t\t\t\t\t<div class=\"elementor-container elementor-column-gap-default\">\n\t\t\t\t\t<div class=\"elementor-column elementor-col-100 elementor-top-column elementor-element elementor-element-fc3b1f0\" data-id=\"fc3b1f0\" data-element_type=\"column\" data-e-type=\"column\">\n\t\t\t<div class=\"elementor-widget-wrap elementor-element-populated\">\n\t\t\t\t\t\t<div class=\"elementor-element elementor-element-4e66015 elementor-widget elementor-widget-text-editor\" data-id=\"4e66015\" data-element_type=\"widget\" data-e-type=\"widget\" data-widget_type=\"text-editor.default\">\n\t\t\t\t<div class=\"elementor-widget-container\">\n\t\t\t\t\t\t\t\t\t<p><strong>Sprache w\u00e4hlen<\/strong><br>\n<strong>Elegir idioma<\/strong><br>\n<strong>W\u00e4hlen Sie die Sprache aus<\/strong><br>\n<strong>Sprache w\u00e4hlen<\/strong><br>\n<strong>W\u00e4hlen Sie die Sprache<\/strong><\/p>\t\t\t\t\t\t\t\t<\/div>\n\t\t\t\t<\/div>\n\t\t\t\t<div class=\"elementor-element elementor-element-55cc860 elementor-widget elementor-widget-spacer\" data-id=\"55cc860\" data-element_type=\"widget\" data-e-type=\"widget\" data-widget_type=\"spacer.default\">\n\t\t\t\t<div class=\"elementor-widget-container\">\n\t\t\t\t\t\t\t<div class=\"elementor-spacer\">\n\t\t\t<div class=\"elementor-spacer-inner\"><\/div>\n\t\t<\/div>\n\t\t\t\t\t\t<\/div>\n\t\t\t\t<\/div>\n\t\t\t\t<section class=\"elementor-section elementor-inner-section elementor-element elementor-element-402ee91 elementor-section-content-middle elementor-section-boxed elementor-section-height-default elementor-section-height-default\" data-id=\"402ee91\" data-element_type=\"section\" data-e-type=\"section\">\n\t\t\t\t\t\t<div class=\"elementor-container elementor-column-gap-default\">\n\t\t\t\t\t<div class=\"elementor-column elementor-col-20 elementor-inner-column elementor-element elementor-element-e25b831\" data-id=\"e25b831\" data-element_type=\"column\" data-e-type=\"column\">\n\t\t\t<div class=\"elementor-widget-wrap elementor-element-populated\">\n\t\t\t\t\t\t<div class=\"elementor-element elementor-element-e7b90bc elementor-widget elementor-widget-image\" data-id=\"e7b90bc\" data-element_type=\"widget\" data-e-type=\"widget\" data-widget_type=\"image.default\">\n\t\t\t\t<div class=\"elementor-widget-container\">\n\t\t\t\t\t\t\t\t\t\t\t\t\t\t\t\t<a href=\"\/de\/contattoci\/\">\n\t\t\t\t\t\t\t<img fetchpriority=\"high\" decoding=\"async\" width=\"512\" height=\"512\" src=\"https:\/\/www.dimann.com\/wp-content\/uploads\/2023\/02\/Italian.png\" class=\"attachment-large size-large wp-image-36741\" alt=\"\" srcset=\"https:\/\/www.dimann.com\/wp-content\/uploads\/2023\/02\/Italian.png 512w, https:\/\/www.dimann.com\/wp-content\/uploads\/2023\/02\/Italian-120x120.png 120w, https:\/\/www.dimann.com\/wp-content\/uploads\/2023\/02\/Italian-186x187.png 186w, https:\/\/www.dimann.com\/wp-content\/uploads\/2023\/02\/Italian-384x384.png 384w, https:\/\/www.dimann.com\/wp-content\/uploads\/2023\/02\/Italian-390x390.png 390w, https:\/\/www.dimann.com\/wp-content\/uploads\/2023\/02\/Italian-420x420.png 420w, https:\/\/www.dimann.com\/wp-content\/uploads\/2023\/02\/Italian-300x300.png 300w, https:\/\/www.dimann.com\/wp-content\/uploads\/2023\/02\/Italian-100x100.png 100w\" sizes=\"(max-width: 512px) 100vw, 512px\" \/>\t\t\t\t\t\t\t\t<\/a>\n\t\t\t\t\t\t\t\t\t\t\t\t\t\t\t<\/div>\n\t\t\t\t<\/div>\n\t\t\t\t\t<\/div>\n\t\t<\/div>\n\t\t\t\t<div class=\"elementor-column elementor-col-20 elementor-inner-column elementor-element elementor-element-8a3fa6a\" data-id=\"8a3fa6a\" data-element_type=\"column\" data-e-type=\"column\">\n\t\t\t<div class=\"elementor-widget-wrap elementor-element-populated\">\n\t\t\t\t\t\t<div class=\"elementor-element elementor-element-e00b8b8 elementor-widget elementor-widget-image\" data-id=\"e00b8b8\" data-element_type=\"widget\" data-e-type=\"widget\" data-widget_type=\"image.default\">\n\t\t\t\t<div class=\"elementor-widget-container\">\n\t\t\t\t\t\t\t\t\t\t\t\t\t\t\t\t<a href=\"\/es\/contacto\/\">\n\t\t\t\t\t\t\t<img decoding=\"async\" width=\"512\" height=\"512\" data-src=\"https:\/\/www.dimann.com\/wp-content\/uploads\/2023\/02\/Spanish.png\" class=\"attachment-large size-large wp-image-36731 lazyload\" alt=\"\" data-srcset=\"https:\/\/www.dimann.com\/wp-content\/uploads\/2023\/02\/Spanish.png 512w, https:\/\/www.dimann.com\/wp-content\/uploads\/2023\/02\/Spanish-120x120.png 120w, https:\/\/www.dimann.com\/wp-content\/uploads\/2023\/02\/Spanish-186x187.png 186w, https:\/\/www.dimann.com\/wp-content\/uploads\/2023\/02\/Spanish-384x384.png 384w, https:\/\/www.dimann.com\/wp-content\/uploads\/2023\/02\/Spanish-390x390.png 390w, https:\/\/www.dimann.com\/wp-content\/uploads\/2023\/02\/Spanish-420x420.png 420w, https:\/\/www.dimann.com\/wp-content\/uploads\/2023\/02\/Spanish-300x300.png 300w, https:\/\/www.dimann.com\/wp-content\/uploads\/2023\/02\/Spanish-100x100.png 100w\" data-sizes=\"(max-width: 512px) 100vw, 512px\" src=\"data:image\/svg+xml;base64,PHN2ZyB3aWR0aD0iMSIgaGVpZ2h0PSIxIiB4bWxucz0iaHR0cDovL3d3dy53My5vcmcvMjAwMC9zdmciPjwvc3ZnPg==\" style=\"--smush-placeholder-width: 512px; --smush-placeholder-aspect-ratio: 512\/512;\" \/>\t\t\t\t\t\t\t\t<\/a>\n\t\t\t\t\t\t\t\t\t\t\t\t\t\t\t<\/div>\n\t\t\t\t<\/div>\n\t\t\t\t\t<\/div>\n\t\t<\/div>\n\t\t\t\t<div class=\"elementor-column elementor-col-20 elementor-inner-column elementor-element elementor-element-b42d13e\" data-id=\"b42d13e\" data-element_type=\"column\" data-e-type=\"column\">\n\t\t\t<div class=\"elementor-widget-wrap elementor-element-populated\">\n\t\t\t\t\t\t<div class=\"elementor-element elementor-element-ec3241b elementor-widget elementor-widget-image\" data-id=\"ec3241b\" data-element_type=\"widget\" data-e-type=\"widget\" data-widget_type=\"image.default\">\n\t\t\t\t<div class=\"elementor-widget-container\">\n\t\t\t\t\t\t\t\t\t\t\t\t\t\t\t\t<a href=\"\/fr\/contactez-nous\/\">\n\t\t\t\t\t\t\t<img decoding=\"async\" width=\"512\" height=\"512\" data-src=\"https:\/\/www.dimann.com\/wp-content\/uploads\/2023\/02\/French.png\" class=\"attachment-large size-large wp-image-36736 lazyload\" alt=\"\" data-srcset=\"https:\/\/www.dimann.com\/wp-content\/uploads\/2023\/02\/French.png 512w, https:\/\/www.dimann.com\/wp-content\/uploads\/2023\/02\/French-120x120.png 120w, https:\/\/www.dimann.com\/wp-content\/uploads\/2023\/02\/French-186x187.png 186w, https:\/\/www.dimann.com\/wp-content\/uploads\/2023\/02\/French-384x384.png 384w, https:\/\/www.dimann.com\/wp-content\/uploads\/2023\/02\/French-390x390.png 390w, https:\/\/www.dimann.com\/wp-content\/uploads\/2023\/02\/French-420x420.png 420w, https:\/\/www.dimann.com\/wp-content\/uploads\/2023\/02\/French-300x300.png 300w, https:\/\/www.dimann.com\/wp-content\/uploads\/2023\/02\/French-100x100.png 100w\" data-sizes=\"(max-width: 512px) 100vw, 512px\" src=\"data:image\/svg+xml;base64,PHN2ZyB3aWR0aD0iMSIgaGVpZ2h0PSIxIiB4bWxucz0iaHR0cDovL3d3dy53My5vcmcvMjAwMC9zdmciPjwvc3ZnPg==\" style=\"--smush-placeholder-width: 512px; --smush-placeholder-aspect-ratio: 512\/512;\" \/>\t\t\t\t\t\t\t\t<\/a>\n\t\t\t\t\t\t\t\t\t\t\t\t\t\t\t<\/div>\n\t\t\t\t<\/div>\n\t\t\t\t\t<\/div>\n\t\t<\/div>\n\t\t\t\t<div class=\"elementor-column elementor-col-20 elementor-inner-column elementor-element elementor-element-18847d2\" data-id=\"18847d2\" data-element_type=\"column\" data-e-type=\"column\">\n\t\t\t<div class=\"elementor-widget-wrap elementor-element-populated\">\n\t\t\t\t\t\t<div class=\"elementor-element elementor-element-5765168 elementor-widget elementor-widget-image\" data-id=\"5765168\" data-element_type=\"widget\" data-e-type=\"widget\" data-widget_type=\"image.default\">\n\t\t\t\t<div class=\"elementor-widget-container\">\n\t\t\t\t\t\t\t\t\t\t\t\t\t\t\t\t<a href=\"\/de\/kontakt\/\">\n\t\t\t\t\t\t\t<img decoding=\"async\" width=\"512\" height=\"512\" data-src=\"https:\/\/www.dimann.com\/wp-content\/uploads\/2023\/02\/German.png\" class=\"attachment-large size-large wp-image-36813 lazyload\" alt=\"\" data-srcset=\"https:\/\/www.dimann.com\/wp-content\/uploads\/2023\/02\/German.png 512w, https:\/\/www.dimann.com\/wp-content\/uploads\/2023\/02\/German-120x120.png 120w, https:\/\/www.dimann.com\/wp-content\/uploads\/2023\/02\/German-186x187.png 186w, https:\/\/www.dimann.com\/wp-content\/uploads\/2023\/02\/German-384x384.png 384w, https:\/\/www.dimann.com\/wp-content\/uploads\/2023\/02\/German-390x390.png 390w, https:\/\/www.dimann.com\/wp-content\/uploads\/2023\/02\/German-420x420.png 420w, https:\/\/www.dimann.com\/wp-content\/uploads\/2023\/02\/German-300x300.png 300w, https:\/\/www.dimann.com\/wp-content\/uploads\/2023\/02\/German-100x100.png 100w\" data-sizes=\"(max-width: 512px) 100vw, 512px\" src=\"data:image\/svg+xml;base64,PHN2ZyB3aWR0aD0iMSIgaGVpZ2h0PSIxIiB4bWxucz0iaHR0cDovL3d3dy53My5vcmcvMjAwMC9zdmciPjwvc3ZnPg==\" style=\"--smush-placeholder-width: 512px; --smush-placeholder-aspect-ratio: 512\/512;\" \/>\t\t\t\t\t\t\t\t<\/a>\n\t\t\t\t\t\t\t\t\t\t\t\t\t\t\t<\/div>\n\t\t\t\t<\/div>\n\t\t\t\t\t<\/div>\n\t\t<\/div>\n\t\t\t\t<div class=\"elementor-column elementor-col-20 elementor-inner-column elementor-element elementor-element-11ea330\" data-id=\"11ea330\" data-element_type=\"column\" data-e-type=\"column\">\n\t\t\t<div class=\"elementor-widget-wrap elementor-element-populated\">\n\t\t\t\t\t\t<div class=\"elementor-element elementor-element-ef87ee9 elementor-widget elementor-widget-image\" data-id=\"ef87ee9\" data-element_type=\"widget\" data-e-type=\"widget\" data-widget_type=\"image.default\">\n\t\t\t\t<div class=\"elementor-widget-container\">\n\t\t\t\t\t\t\t\t\t\t\t\t\t\t\t\t<a href=\"https:\/\/www.dimann.com\/en\/contact-us\/\">\n\t\t\t\t\t\t\t<img decoding=\"async\" width=\"512\" height=\"512\" data-src=\"https:\/\/www.dimann.com\/wp-content\/uploads\/2023\/02\/UK.png\" class=\"attachment-large size-large wp-image-36888 lazyload\" alt=\"\" data-srcset=\"https:\/\/www.dimann.com\/wp-content\/uploads\/2023\/02\/UK.png 512w, https:\/\/www.dimann.com\/wp-content\/uploads\/2023\/02\/UK-120x120.png 120w, https:\/\/www.dimann.com\/wp-content\/uploads\/2023\/02\/UK-186x187.png 186w, https:\/\/www.dimann.com\/wp-content\/uploads\/2023\/02\/UK-384x384.png 384w, https:\/\/www.dimann.com\/wp-content\/uploads\/2023\/02\/UK-390x390.png 390w, https:\/\/www.dimann.com\/wp-content\/uploads\/2023\/02\/UK-420x420.png 420w, https:\/\/www.dimann.com\/wp-content\/uploads\/2023\/02\/UK-300x300.png 300w, https:\/\/www.dimann.com\/wp-content\/uploads\/2023\/02\/UK-100x100.png 100w\" data-sizes=\"(max-width: 512px) 100vw, 512px\" src=\"data:image\/svg+xml;base64,PHN2ZyB3aWR0aD0iMSIgaGVpZ2h0PSIxIiB4bWxucz0iaHR0cDovL3d3dy53My5vcmcvMjAwMC9zdmciPjwvc3ZnPg==\" style=\"--smush-placeholder-width: 512px; --smush-placeholder-aspect-ratio: 512\/512;\" \/>\t\t\t\t\t\t\t\t<\/a>\n\t\t\t\t\t\t\t\t\t\t\t\t\t\t\t<\/div>\n\t\t\t\t<\/div>\n\t\t\t\t\t<\/div>\n\t\t<\/div>\n\t\t\t\t\t<\/div>\n\t\t<\/section>\n\t\t\t\t<div class=\"elementor-element elementor-element-4fc49b2 elementor-widget elementor-widget-spacer\" data-id=\"4fc49b2\" data-element_type=\"widget\" data-e-type=\"widget\" data-widget_type=\"spacer.default\">\n\t\t\t\t<div class=\"elementor-widget-container\">\n\t\t\t\t\t\t\t<div class=\"elementor-spacer\">\n\t\t\t<div class=\"elementor-spacer-inner\"><\/div>\n\t\t<\/div>\n\t\t\t\t\t\t<\/div>\n\t\t\t\t<\/div>\n\t\t\t\t\t<\/div>\n\t\t<\/div>\n\t\t\t\t\t<\/div>\n\t\t<\/section>\n\t\t\t\t<\/div>\n\t\t","protected":false},"excerpt":{"rendered":"<p>Sprache w\u00e4hlen Elegir idioma W\u00e4hlen Sie die Sprache aus Sprache w\u00e4hlen W\u00e4hlen Sie die Sprache<\/p>\n","protected":false},"author":3,"featured_media":0,"parent":0,"menu_order":0,"comment_status":"closed","ping_status":"closed","template":"elementor_canvas","meta":{"_acf_changed":false,"footnotes":""},"class_list":["post-39911","page","type-page","status-publish","hentry"],"acf":[],"yoast_head":"<!-- This site is optimized with the Yoast SEO plugin v27.5 - https:\/\/yoast.com\/product\/yoast-seo-wordpress\/ -->\n<title>W\u00e4hlen Sie Ihre Sprache f\u00fcr den Dimann Kontakt | Dimann<\/title>\n<meta name=\"robots\" content=\"index, follow, max-snippet:-1, max-image-preview:large, max-video-preview:-1\" \/>\n<link rel=\"canonical\" href=\"https:\/\/www.dimann.com\/de\/abc\/\" \/>\n<meta property=\"og:locale\" content=\"de_DE\" \/>\n<meta property=\"og:type\" content=\"article\" \/>\n<meta property=\"og:title\" content=\"W\u00e4hlen Sie Ihre Sprache f\u00fcr den Dimann Kontakt | Dimann\" \/>\n<meta property=\"og:description\" content=\"Sprache w\u00e4hlen Elegir idioma W\u00e4hlen Sie die Sprache aus Sprache w\u00e4hlen W\u00e4hlen Sie die Sprache\" \/>\n<meta property=\"og:url\" content=\"https:\/\/www.dimann.com\/de\/abc\/\" \/>\n<meta property=\"og:site_name\" content=\"Dimann\" \/>\n<meta property=\"article:publisher\" content=\"https:\/\/www.facebook.com\/pg\/Dimann.cistite\/posts\/\" \/>\n<meta property=\"article:modified_time\" content=\"2025-10-15T13:54:10+00:00\" \/>\n<meta property=\"og:image\" content=\"https:\/\/www.dimann.com\/wp-content\/uploads\/2023\/02\/Italian.png\" \/>\n<meta name=\"twitter:card\" content=\"summary_large_image\" \/>\n<!-- \/ Yoast SEO plugin. -->","yoast_head_json":{"title":"W\u00e4hlen Sie Ihre Sprache f\u00fcr den Dimann Kontakt | Dimann","robots":{"index":"index","follow":"follow","max-snippet":"max-snippet:-1","max-image-preview":"max-image-preview:large","max-video-preview":"max-video-preview:-1"},"canonical":"https:\/\/www.dimann.com\/de\/abc\/","og_locale":"de_DE","og_type":"article","og_title":"W\u00e4hlen Sie Ihre Sprache f\u00fcr den Dimann Kontakt | Dimann","og_description":"Sprache w\u00e4hlen Elegir idioma W\u00e4hlen Sie die Sprache aus Sprache w\u00e4hlen W\u00e4hlen Sie die Sprache","og_url":"https:\/\/www.dimann.com\/de\/abc\/","og_site_name":"Dimann","article_publisher":"https:\/\/www.facebook.com\/pg\/Dimann.cistite\/posts\/","article_modified_time":"2025-10-15T13:54:10+00:00","og_image":[{"url":"https:\/\/www.dimann.com\/wp-content\/uploads\/2023\/02\/Italian.png","type":"","width":"","height":""}],"twitter_card":"summary_large_image","schema":{"@context":"https:\/\/schema.org","@graph":[{"@type":"WebPage","@id":"https:\/\/www.dimann.com\/de\/abc\/","url":"https:\/\/www.dimann.com\/de\/abc\/","name":"W\u00e4hlen Sie Ihre Sprache f\u00fcr den Dimann Kontakt | Dimann","isPartOf":{"@id":"https:\/\/www.dimann.com\/de\/#website"},"primaryImageOfPage":{"@id":"https:\/\/www.dimann.com\/de\/abc\/#primaryimage"},"image":{"@id":"https:\/\/www.dimann.com\/de\/abc\/#primaryimage"},"thumbnailUrl":"https:\/\/www.dimann.com\/wp-content\/uploads\/2023\/02\/Italian.png","datePublished":"2024-04-19T13:53:40+00:00","dateModified":"2025-10-15T13:54:10+00:00","inLanguage":"de","potentialAction":[{"@type":"ReadAction","target":["https:\/\/www.dimann.com\/de\/abc\/"]}]},{"@type":"ImageObject","inLanguage":"de","@id":"https:\/\/www.dimann.com\/de\/abc\/#primaryimage","url":"https:\/\/www.dimann.com\/wp-content\/uploads\/2023\/02\/Italian.png","contentUrl":"https:\/\/www.dimann.com\/wp-content\/uploads\/2023\/02\/Italian.png"},{"@type":"WebSite","@id":"https:\/\/www.dimann.com\/de\/#website","url":"https:\/\/www.dimann.com\/de\/","name":"Dimann","description":"","publisher":{"@id":"https:\/\/www.dimann.com\/de\/#organization"},"potentialAction":[{"@type":"SearchAction","target":{"@type":"EntryPoint","urlTemplate":"https:\/\/www.dimann.com\/de\/?s={search_term_string}"},"query-input":{"@type":"PropertyValueSpecification","valueRequired":true,"valueName":"search_term_string"}}],"inLanguage":"de"},{"@type":"Organization","@id":"https:\/\/www.dimann.com\/de\/#organization","name":"Dimann","url":"https:\/\/www.dimann.com\/de\/","logo":{"@type":"ImageObject","inLanguage":"de","@id":"https:\/\/www.dimann.com\/de\/#\/schema\/logo\/image\/","url":"https:\/\/www.dimann.com\/wp-content\/uploads\/2019\/07\/logo.svg","contentUrl":"https:\/\/www.dimann.com\/wp-content\/uploads\/2019\/07\/logo.svg","width":1,"height":1,"caption":"Dimann"},"image":{"@id":"https:\/\/www.dimann.com\/de\/#\/schema\/logo\/image\/"},"sameAs":["https:\/\/www.facebook.com\/pg\/Dimann.cistite\/posts\/","https:\/\/www.instagram.com\/dimann_official\/"]}]}},"_links":{"self":[{"href":"https:\/\/www.dimann.com\/de\/wp-json\/wp\/v2\/pages\/39911","targetHints":{"allow":["GET"]}}],"collection":[{"href":"https:\/\/www.dimann.com\/de\/wp-json\/wp\/v2\/pages"}],"about":[{"href":"https:\/\/www.dimann.com\/de\/wp-json\/wp\/v2\/types\/page"}],"author":[{"embeddable":true,"href":"https:\/\/www.dimann.com\/de\/wp-json\/wp\/v2\/users\/3"}],"replies":[{"embeddable":true,"href":"https:\/\/www.dimann.com\/de\/wp-json\/wp\/v2\/comments?post=39911"}],"version-history":[{"count":2,"href":"https:\/\/www.dimann.com\/de\/wp-json\/wp\/v2\/pages\/39911\/revisions"}],"predecessor-version":[{"id":58164,"href":"https:\/\/www.dimann.com\/de\/wp-json\/wp\/v2\/pages\/39911\/revisions\/58164"}],"wp:attachment":[{"href":"https:\/\/www.dimann.com\/de\/wp-json\/wp\/v2\/media?parent=39911"}],"curies":[{"name":"wp","href":"https:\/\/api.w.org\/{rel}","templated":true}]}}