{"id":40152,"date":"2024-04-24T10:54:55","date_gmt":"2024-04-24T08:54:55","guid":{"rendered":"https:\/\/www.dimann.com\/back-to-board\/"},"modified":"2025-10-15T15:50:15","modified_gmt":"2025-10-15T13:50:15","slug":"back-to-board","status":"publish","type":"page","link":"https:\/\/www.dimann.com\/de\/back-to-board\/","title":{"rendered":"Blasenentz\u00fcndung vorbeugen: Mentalit\u00e4t und Routine"},"content":{"rendered":"\t\t<div data-elementor-type=\"wp-page\" data-elementor-id=\"40152\" class=\"elementor elementor-40152 elementor-36601\" data-elementor-post-type=\"page\">\n\t\t\t\t\t\t<section class=\"elementor-section elementor-top-section elementor-element elementor-element-84df077 elementor-section-boxed elementor-section-height-default elementor-section-height-default\" data-id=\"84df077\" data-element_type=\"section\" data-e-type=\"section\">\n\t\t\t\t\t\t<div class=\"elementor-container elementor-column-gap-default\">\n\t\t\t\t\t<div class=\"elementor-column elementor-col-100 elementor-top-column elementor-element elementor-element-756b0e6e\" data-id=\"756b0e6e\" data-element_type=\"column\" data-e-type=\"column\">\n\t\t\t<div class=\"elementor-widget-wrap elementor-element-populated\">\n\t\t\t\t\t\t<div class=\"elementor-element elementor-element-6099c8e9 elementor-widget elementor-widget-text-editor\" data-id=\"6099c8e9\" data-element_type=\"widget\" data-e-type=\"widget\" data-widget_type=\"text-editor.default\">\n\t\t\t\t<div class=\"elementor-widget-container\">\n\t\t\t\t\t\t\t\t\t<h1>Die Vorbeugung von Blasenentz\u00fcndungen ist eine Frage des Geistes<\/h1>\n\t\t\t\t\t\t\t\t<\/div>\n\t\t\t\t<\/div>\n\t\t\t\t\t<\/div>\n\t\t<\/div>\n\t\t\t\t\t<\/div>\n\t\t<\/section>\n\t\t\t\t<section class=\"elementor-section elementor-top-section elementor-element elementor-element-52a513be elementor-section-boxed elementor-section-height-default elementor-section-height-default\" data-id=\"52a513be\" data-element_type=\"section\" data-e-type=\"section\">\n\t\t\t\t\t\t<div class=\"elementor-container elementor-column-gap-default\">\n\t\t\t\t\t<div class=\"elementor-column elementor-col-100 elementor-top-column elementor-element elementor-element-4268ce2b\" data-id=\"4268ce2b\" data-element_type=\"column\" data-e-type=\"column\">\n\t\t\t<div class=\"elementor-widget-wrap elementor-element-populated\">\n\t\t\t\t\t\t<div class=\"elementor-element elementor-element-7be39a8b elementor-widget elementor-widget-spacer\" data-id=\"7be39a8b\" data-element_type=\"widget\" data-e-type=\"widget\" data-widget_type=\"spacer.default\">\n\t\t\t\t<div class=\"elementor-widget-container\">\n\t\t\t\t\t\t\t<div class=\"elementor-spacer\">\n\t\t\t<div class=\"elementor-spacer-inner\"><\/div>\n\t\t<\/div>\n\t\t\t\t\t\t<\/div>\n\t\t\t\t<\/div>\n\t\t\t\t\t<\/div>\n\t\t<\/div>\n\t\t\t\t\t<\/div>\n\t\t<\/section>\n\t\t\t\t<section class=\"elementor-section elementor-top-section elementor-element elementor-element-7932ca89 elementor-section-boxed elementor-section-height-default elementor-section-height-default\" data-id=\"7932ca89\" data-element_type=\"section\" data-e-type=\"section\">\n\t\t\t\t\t\t<div class=\"elementor-container elementor-column-gap-default\">\n\t\t\t\t\t<div class=\"elementor-column elementor-col-50 elementor-top-column elementor-element elementor-element-18663525\" data-id=\"18663525\" data-element_type=\"column\" data-e-type=\"column\">\n\t\t\t<div class=\"elementor-widget-wrap elementor-element-populated\">\n\t\t\t\t\t\t<div class=\"elementor-element elementor-element-5c3dba69 elementor-widget elementor-widget-image\" data-id=\"5c3dba69\" data-element_type=\"widget\" data-e-type=\"widget\" data-widget_type=\"image.default\">\n\t\t\t\t<div class=\"elementor-widget-container\">\n\t\t\t\t\t\t\t\t\t\t\t\t\t\t\t<img fetchpriority=\"high\" decoding=\"async\" width=\"542\" height=\"535\" src=\"https:\/\/www.dimann.com\/wp-content\/uploads\/2022\/11\/Sales-Page-Dimann-no-presentazione-9-1-1.png\" class=\"attachment-large size-large wp-image-35344\" alt=\"\" srcset=\"https:\/\/www.dimann.com\/wp-content\/uploads\/2022\/11\/Sales-Page-Dimann-no-presentazione-9-1-1.png 542w, https:\/\/www.dimann.com\/wp-content\/uploads\/2022\/11\/Sales-Page-Dimann-no-presentazione-9-1-1-120x118.png 120w, https:\/\/www.dimann.com\/wp-content\/uploads\/2022\/11\/Sales-Page-Dimann-no-presentazione-9-1-1-186x184.png 186w, https:\/\/www.dimann.com\/wp-content\/uploads\/2022\/11\/Sales-Page-Dimann-no-presentazione-9-1-1-395x390.png 395w, https:\/\/www.dimann.com\/wp-content\/uploads\/2022\/11\/Sales-Page-Dimann-no-presentazione-9-1-1-420x415.png 420w, https:\/\/www.dimann.com\/wp-content\/uploads\/2022\/11\/Sales-Page-Dimann-no-presentazione-9-1-1-100x100.png 100w\" sizes=\"(max-width: 542px) 100vw, 542px\" \/>\t\t\t\t\t\t\t\t\t\t\t\t\t\t\t<\/div>\n\t\t\t\t<\/div>\n\t\t\t\t\t<\/div>\n\t\t<\/div>\n\t\t\t\t<div class=\"elementor-column elementor-col-50 elementor-top-column elementor-element elementor-element-71657c02\" data-id=\"71657c02\" data-element_type=\"column\" data-e-type=\"column\">\n\t\t\t<div class=\"elementor-widget-wrap elementor-element-populated\">\n\t\t\t\t\t\t<div class=\"elementor-element elementor-element-5241c182 elementor-widget elementor-widget-heading\" data-id=\"5241c182\" data-element_type=\"widget\" data-e-type=\"widget\" data-widget_type=\"heading.default\">\n\t\t\t\t<div class=\"elementor-widget-container\">\n\t\t\t\t\t<h2 class=\"elementor-heading-title elementor-size-large\">Die Blasenentz\u00fcndung h\u00f6rt nicht auf,  <br><b>wenn Sie es nicht verhindern!<\/b><\/h2>\t\t\t\t<\/div>\n\t\t\t\t<\/div>\n\t\t\t\t<div class=\"elementor-element elementor-element-544fb54c elementor-widget elementor-widget-text-editor\" data-id=\"544fb54c\" data-element_type=\"widget\" data-e-type=\"widget\" data-widget_type=\"text-editor.default\">\n\t\t\t\t<div class=\"elementor-widget-container\">\n\t\t\t\t\t\t\t\t\t<p><b>Wir sagen es oft: Blasenentz\u00fcndung vorbeugen ist eine Frage des Geistes.  <\/b><\/p>\n<\/p>\n<p><i>Vorbeugung bedeutet, sich im Vorfeld mit Ihrer Blasenentz\u00fcndung zu besch\u00e4ftigen, damit sie Ihnen nicht jeden Plan durchkreuzt<\/i>.  <\/p>\n<p>Und f\u00fcr diejenigen, die unter wiederkehrenden Blasenentz\u00fcndungen leiden, MUSS die Vorbeugung der wichtigste Schritt sein, meinen Sie nicht auch?  <\/p>\n<\/p>\n<p>Es ist kein Exzess oder eine Besessenheit: Im Gegenteil, es bedeutet, sich des Problems bewusst zu sein und <b>pro-aktiv zu handeln<\/b>, um es zu l\u00f6sen.  <\/p>\n<\/p>\n<p>Und als ob das nicht schon \u00fcberzeugend genug w\u00e4re, finden Sie hier <u>8 Dinge, die Sie vermeiden k\u00f6nnen, wenn Sie die Pr\u00e4vention zu einem Teil Ihrer t\u00e4glichen Routine machen<\/u>:  <\/p>\n<ul>\n<li>Neue <b>Antibiotika-Kuren<\/b> mit allen m\u00f6glichen <b>Nebenwirkungen<\/b>;  <\/li>\n<li><b>Neue Ausgaben<\/b> f\u00fcr medizinische Untersuchungen und diagnostische Tests;  <\/li>\n<li><b>Endlose Schlangen<\/b> im Wartezimmer;  <\/li>\n<li>Das Risiko, <b>das Gleichgewicht<\/b> Ihrer bakteriellen Darm- und Vaginalflora <b>zu beeintr\u00e4chtigen<\/b>;  <\/li>\n<li><b>Andere<\/b> verwandte <b>Pathologien<\/b> (z.B. Candida);  <\/li>\n<li><b>Pl\u00f6tzliche Abwesenheit<\/b> von der Arbeit;  <\/li>\n<li><b>Ruinierte<\/b> Ausfl\u00fcge oder Wochenenden;  <\/li>\n<li>Die <b>Angst<\/b>, dass eine Blasenentz\u00fcndung immer gleich um die Ecke ist.<\/li>\n<\/ul>\n\t\t\t\t\t\t\t\t<\/div>\n\t\t\t\t<\/div>\n\t\t\t\t<div class=\"elementor-element elementor-element-a6dd574 elementor-widget elementor-widget-text-editor\" data-id=\"a6dd574\" data-element_type=\"widget\" data-e-type=\"widget\" data-widget_type=\"text-editor.default\">\n\t\t\t\t<div class=\"elementor-widget-container\">\n\t\t\t\t\t\t\t\t\t<p><span class=\"TextRun SCXW265168042 BCX0\" lang=\"IT-IT\" xml:lang=\"IT-IT\" data-contrast=\"auto\"><span class=\"NormalTextRun SCXW265168042 BCX0\">Klingt das nicht nach guten Gr\u00fcnden, den Kampf gegen Blasenentz\u00fcndung selbst in die Hand zu nehmen?<\/span><\/span><\/p>\n\t\t\t\t\t\t\t\t<\/div>\n\t\t\t\t<\/div>\n\t\t\t\t\t<\/div>\n\t\t<\/div>\n\t\t\t\t\t<\/div>\n\t\t<\/section>\n\t\t\t\t<section class=\"elementor-section elementor-top-section elementor-element elementor-element-70955438 elementor-section-boxed elementor-section-height-default elementor-section-height-default\" data-id=\"70955438\" data-element_type=\"section\" data-e-type=\"section\">\n\t\t\t\t\t\t<div class=\"elementor-container elementor-column-gap-default\">\n\t\t\t\t\t<div class=\"elementor-column elementor-col-100 elementor-top-column elementor-element elementor-element-138a6815\" data-id=\"138a6815\" data-element_type=\"column\" data-e-type=\"column\">\n\t\t\t<div class=\"elementor-widget-wrap elementor-element-populated\">\n\t\t\t\t\t\t<div class=\"elementor-element elementor-element-72bb06a8 elementor-widget elementor-widget-text-editor\" data-id=\"72bb06a8\" data-element_type=\"widget\" data-e-type=\"widget\" data-widget_type=\"text-editor.default\">\n\t\t\t\t<div class=\"elementor-widget-container\">\n\t\t\t\t\t\t\t\t\t<h3><strong>F\u00fcr Sie 10% Extra-Rabatt auf alle Dimann-Produkte<\/strong><\/h3>\n\t\t\t\t\t\t\t\t<\/div>\n\t\t\t\t<\/div>\n\t\t\t\t<div class=\"elementor-element elementor-element-63160a7c elementor-widget elementor-widget-text-editor\" data-id=\"63160a7c\" data-element_type=\"widget\" data-e-type=\"widget\" data-widget_type=\"text-editor.default\">\n\t\t\t\t<div class=\"elementor-widget-container\">\n\t\t\t\t\t\t\t\t\t<p><span style=\"color: #60be92;\">Verwenden Sie den Rabattcode<b>&#8218;IOPREVENGO<\/b>&#8218;.<\/span><\/p>\n\t\t\t\t\t\t\t\t<\/div>\n\t\t\t\t<\/div>\n\t\t\t\t<div class=\"elementor-element elementor-element-bfd5440 elementor-widget elementor-widget-spacer\" data-id=\"bfd5440\" data-element_type=\"widget\" data-e-type=\"widget\" data-widget_type=\"spacer.default\">\n\t\t\t\t<div class=\"elementor-widget-container\">\n\t\t\t\t\t\t\t<div class=\"elementor-spacer\">\n\t\t\t<div class=\"elementor-spacer-inner\"><\/div>\n\t\t<\/div>\n\t\t\t\t\t\t<\/div>\n\t\t\t\t<\/div>\n\t\t\t\t<div class=\"elementor-element elementor-element-615ec7e elementor-align-center elementor-widget elementor-widget-button\" data-id=\"615ec7e\" data-element_type=\"widget\" data-e-type=\"widget\" data-widget_type=\"button.default\">\n\t\t\t\t<div class=\"elementor-widget-container\">\n\t\t\t\t\t\t\t\t\t<div class=\"elementor-button-wrapper\">\n\t\t\t\t\t<a class=\"elementor-button elementor-button-link elementor-size-lg\" href=\"https:\/\/www.naturadiretta.com\/it\/1198-cistite\/?utm_source=Dimann&#038;utm_medium=tornaabordo\">\n\t\t\t\t\t\t<span class=\"elementor-button-content-wrapper\">\n\t\t\t\t\t\t\t\t\t<span class=\"elementor-button-text\">PROFITIEREN SIE JETZT<\/span>\n\t\t\t\t\t<\/span>\n\t\t\t\t\t<\/a>\n\t\t\t\t<\/div>\n\t\t\t\t\t\t\t\t<\/div>\n\t\t\t\t<\/div>\n\t\t\t\t<div class=\"elementor-element elementor-element-9f8444a elementor-widget elementor-widget-spacer\" data-id=\"9f8444a\" data-element_type=\"widget\" data-e-type=\"widget\" data-widget_type=\"spacer.default\">\n\t\t\t\t<div class=\"elementor-widget-container\">\n\t\t\t\t\t\t\t<div class=\"elementor-spacer\">\n\t\t\t<div class=\"elementor-spacer-inner\"><\/div>\n\t\t<\/div>\n\t\t\t\t\t\t<\/div>\n\t\t\t\t<\/div>\n\t\t\t\t<div class=\"elementor-element elementor-element-a614a74 elementor-widget elementor-widget-spacer\" data-id=\"a614a74\" data-element_type=\"widget\" data-e-type=\"widget\" data-widget_type=\"spacer.default\">\n\t\t\t\t<div class=\"elementor-widget-container\">\n\t\t\t\t\t\t\t<div class=\"elementor-spacer\">\n\t\t\t<div class=\"elementor-spacer-inner\"><\/div>\n\t\t<\/div>\n\t\t\t\t\t\t<\/div>\n\t\t\t\t<\/div>\n\t\t\t\t\t<\/div>\n\t\t<\/div>\n\t\t\t\t\t<\/div>\n\t\t<\/section>\n\t\t\t\t<\/div>\n\t\t","protected":false},"excerpt":{"rendered":"<p>Die Vorbeugung von Blasenentz\u00fcndungen ist eine Frage des Geistes Die Blasenentz\u00fcndung h\u00f6rt nicht auf, wenn Sie es nicht verhindern! Wir sagen es oft: Blasenentz\u00fcndung vorbeugen ist eine Frage des Geistes. Vorbeugung bedeutet, sich im Vorfeld mit Ihrer Blasenentz\u00fcndung zu besch\u00e4ftigen, damit sie Ihnen nicht jeden Plan durchkreuzt. Und f\u00fcr diejenigen, die unter wiederkehrenden Blasenentz\u00fcndungen leiden, [&hellip;]<\/p>\n","protected":false},"author":4,"featured_media":0,"parent":0,"menu_order":0,"comment_status":"closed","ping_status":"closed","template":"landing-page-base.php","meta":{"_acf_changed":false,"footnotes":""},"class_list":["post-40152","page","type-page","status-publish","hentry"],"acf":[],"yoast_head":"<!-- This site is optimized with the Yoast SEO plugin v27.5 - https:\/\/yoast.com\/product\/yoast-seo-wordpress\/ -->\n<title>Blasenentz\u00fcndung vorbeugen: Mentalit\u00e4t und Routine | Dimann<\/title>\n<meta name=\"robots\" content=\"index, follow, max-snippet:-1, max-image-preview:large, max-video-preview:-1\" \/>\n<link rel=\"canonical\" href=\"https:\/\/www.dimann.com\/de\/back-to-board\/\" \/>\n<meta property=\"og:locale\" content=\"de_DE\" \/>\n<meta property=\"og:type\" content=\"article\" \/>\n<meta property=\"og:title\" content=\"Blasenentz\u00fcndung vorbeugen: Mentalit\u00e4t und Routine | Dimann\" \/>\n<meta property=\"og:description\" content=\"Die Vorbeugung von Blasenentz\u00fcndungen ist eine Frage des Geistes Die Blasenentz\u00fcndung h\u00f6rt nicht auf, wenn Sie es nicht verhindern! Wir sagen es oft: Blasenentz\u00fcndung vorbeugen ist eine Frage des Geistes. Vorbeugung bedeutet, sich im Vorfeld mit Ihrer Blasenentz\u00fcndung zu besch\u00e4ftigen, damit sie Ihnen nicht jeden Plan durchkreuzt. Und f\u00fcr diejenigen, die unter wiederkehrenden Blasenentz\u00fcndungen leiden, [&hellip;]\" \/>\n<meta property=\"og:url\" content=\"https:\/\/www.dimann.com\/de\/back-to-board\/\" \/>\n<meta property=\"og:site_name\" content=\"Dimann\" \/>\n<meta property=\"article:publisher\" content=\"https:\/\/www.facebook.com\/pg\/Dimann.cistite\/posts\/\" \/>\n<meta property=\"article:modified_time\" content=\"2025-10-15T13:50:15+00:00\" \/>\n<meta property=\"og:image\" content=\"https:\/\/www.dimann.com\/wp-content\/uploads\/2022\/11\/Sales-Page-Dimann-no-presentazione-9-1-1.png\" \/>\n<meta name=\"twitter:card\" content=\"summary_large_image\" \/>\n<meta name=\"twitter:label1\" content=\"Gesch\u00e4tzte Lesezeit\" \/>\n\t<meta name=\"twitter:data1\" content=\"1\u00a0Minute\" \/>\n<!-- \/ Yoast SEO plugin. -->","yoast_head_json":{"title":"Blasenentz\u00fcndung vorbeugen: Mentalit\u00e4t und Routine | Dimann","robots":{"index":"index","follow":"follow","max-snippet":"max-snippet:-1","max-image-preview":"max-image-preview:large","max-video-preview":"max-video-preview:-1"},"canonical":"https:\/\/www.dimann.com\/de\/back-to-board\/","og_locale":"de_DE","og_type":"article","og_title":"Blasenentz\u00fcndung vorbeugen: Mentalit\u00e4t und Routine | Dimann","og_description":"Die Vorbeugung von Blasenentz\u00fcndungen ist eine Frage des Geistes Die Blasenentz\u00fcndung h\u00f6rt nicht auf, wenn Sie es nicht verhindern! Wir sagen es oft: Blasenentz\u00fcndung vorbeugen ist eine Frage des Geistes. Vorbeugung bedeutet, sich im Vorfeld mit Ihrer Blasenentz\u00fcndung zu besch\u00e4ftigen, damit sie Ihnen nicht jeden Plan durchkreuzt. Und f\u00fcr diejenigen, die unter wiederkehrenden Blasenentz\u00fcndungen leiden, [&hellip;]","og_url":"https:\/\/www.dimann.com\/de\/back-to-board\/","og_site_name":"Dimann","article_publisher":"https:\/\/www.facebook.com\/pg\/Dimann.cistite\/posts\/","article_modified_time":"2025-10-15T13:50:15+00:00","og_image":[{"url":"https:\/\/www.dimann.com\/wp-content\/uploads\/2022\/11\/Sales-Page-Dimann-no-presentazione-9-1-1.png","type":"","width":"","height":""}],"twitter_card":"summary_large_image","twitter_misc":{"Gesch\u00e4tzte Lesezeit":"1\u00a0Minute"},"schema":{"@context":"https:\/\/schema.org","@graph":[{"@type":"WebPage","@id":"https:\/\/www.dimann.com\/de\/back-to-board\/","url":"https:\/\/www.dimann.com\/de\/back-to-board\/","name":"Blasenentz\u00fcndung vorbeugen: Mentalit\u00e4t und Routine | Dimann","isPartOf":{"@id":"https:\/\/www.dimann.com\/de\/#website"},"primaryImageOfPage":{"@id":"https:\/\/www.dimann.com\/de\/back-to-board\/#primaryimage"},"image":{"@id":"https:\/\/www.dimann.com\/de\/back-to-board\/#primaryimage"},"thumbnailUrl":"https:\/\/www.dimann.com\/wp-content\/uploads\/2022\/11\/Sales-Page-Dimann-no-presentazione-9-1-1.png","datePublished":"2024-04-24T08:54:55+00:00","dateModified":"2025-10-15T13:50:15+00:00","inLanguage":"de","potentialAction":[{"@type":"ReadAction","target":["https:\/\/www.dimann.com\/de\/back-to-board\/"]}]},{"@type":"ImageObject","inLanguage":"de","@id":"https:\/\/www.dimann.com\/de\/back-to-board\/#primaryimage","url":"https:\/\/www.dimann.com\/wp-content\/uploads\/2022\/11\/Sales-Page-Dimann-no-presentazione-9-1-1.png","contentUrl":"https:\/\/www.dimann.com\/wp-content\/uploads\/2022\/11\/Sales-Page-Dimann-no-presentazione-9-1-1.png"},{"@type":"WebSite","@id":"https:\/\/www.dimann.com\/de\/#website","url":"https:\/\/www.dimann.com\/de\/","name":"Dimann","description":"","publisher":{"@id":"https:\/\/www.dimann.com\/de\/#organization"},"potentialAction":[{"@type":"SearchAction","target":{"@type":"EntryPoint","urlTemplate":"https:\/\/www.dimann.com\/de\/?s={search_term_string}"},"query-input":{"@type":"PropertyValueSpecification","valueRequired":true,"valueName":"search_term_string"}}],"inLanguage":"de"},{"@type":"Organization","@id":"https:\/\/www.dimann.com\/de\/#organization","name":"Dimann","url":"https:\/\/www.dimann.com\/de\/","logo":{"@type":"ImageObject","inLanguage":"de","@id":"https:\/\/www.dimann.com\/de\/#\/schema\/logo\/image\/","url":"https:\/\/www.dimann.com\/wp-content\/uploads\/2019\/07\/logo.svg","contentUrl":"https:\/\/www.dimann.com\/wp-content\/uploads\/2019\/07\/logo.svg","width":1,"height":1,"caption":"Dimann"},"image":{"@id":"https:\/\/www.dimann.com\/de\/#\/schema\/logo\/image\/"},"sameAs":["https:\/\/www.facebook.com\/pg\/Dimann.cistite\/posts\/","https:\/\/www.instagram.com\/dimann_official\/"]}]}},"_links":{"self":[{"href":"https:\/\/www.dimann.com\/de\/wp-json\/wp\/v2\/pages\/40152","targetHints":{"allow":["GET"]}}],"collection":[{"href":"https:\/\/www.dimann.com\/de\/wp-json\/wp\/v2\/pages"}],"about":[{"href":"https:\/\/www.dimann.com\/de\/wp-json\/wp\/v2\/types\/page"}],"author":[{"embeddable":true,"href":"https:\/\/www.dimann.com\/de\/wp-json\/wp\/v2\/users\/4"}],"replies":[{"embeddable":true,"href":"https:\/\/www.dimann.com\/de\/wp-json\/wp\/v2\/comments?post=40152"}],"version-history":[{"count":3,"href":"https:\/\/www.dimann.com\/de\/wp-json\/wp\/v2\/pages\/40152\/revisions"}],"predecessor-version":[{"id":58092,"href":"https:\/\/www.dimann.com\/de\/wp-json\/wp\/v2\/pages\/40152\/revisions\/58092"}],"wp:attachment":[{"href":"https:\/\/www.dimann.com\/de\/wp-json\/wp\/v2\/media?parent=40152"}],"curies":[{"name":"wp","href":"https:\/\/api.w.org\/{rel}","templated":true}]}}