{"id":27959,"date":"2021-04-16T15:41:36","date_gmt":"2021-04-16T13:41:36","guid":{"rendered":"https:\/\/www.dimann.com\/la-cistitis\/"},"modified":"2025-10-21T13:01:44","modified_gmt":"2025-10-21T11:01:44","slug":"la-cistitis","status":"publish","type":"page","link":"https:\/\/www.dimann.com\/es\/la-cistitis\/","title":{"rendered":"Cistitis: s\u00edntomas, causas y riesgos si no se trata"},"content":{"rendered":"<p class=\"p1\"><span class=\"s1\">La cistitis es una <b>inflamaci\u00f3n<\/b> de la pared de la vejiga, a menudo causada por una infecci\u00f3n del tracto urinario.<br \/>\n<\/span><\/p>\n<p class=\"p1\"><span class=\"s1\">La mayor\u00eda de los casos de infecci\u00f3n son causados por <b>bacterias<\/b> del intestino. <\/span><\/p>\n<p class=\"p1\"><span class=\"s1\">La cistitis afecta con mayor frecuencia a<b> las mujeres<\/b>, desde la juventud hasta la madurez, en funci\u00f3n de los diferentes factores desencadenantes.<br \/>\n<b><\/b><\/span><\/p>\n<p class=\"p1\"><span class=\"s1\"><b>Si no se trata adecuadamente<\/b>, tiende a volverse cr\u00f3nica.<\/span><\/p>\n<div class=\"sintomi-desktop\">\n<p>S\u00cdNTOMAS<\/p>\n<ul>\n<li class=\"li1\"><span class=\"s2\">Necesidad urgente e imparable de orinar<\/span><\/li>\n<li class=\"li1\"><span class=\"s2\">Dolor al orinar y \u00abgota a gota\u00bb<\/span><\/li>\n<li class=\"li1\"><span class=\"s2\">Ardor persistente<\/span><\/li>\n<li class=\"li1\"><span class=\"s2\">Sensaci\u00f3n de vejiga pesada <\/span><\/li>\n<li class=\"li1\"><span class=\"s2\">Sensaci\u00f3n de vaciado incompleto de la vejiga<\/span><\/li>\n<li class=\"li1\"><span class=\"s2\">Orina turbia y maloliente<\/span><\/li>\n<li class=\"li1\"><span class=\"s2\">Dolor abdominal bajo y calambres<\/span><\/li>\n<li class=\"li1\"><span class=\"s2\">A veces, presencia de sangre en la orina<\/span><\/li>\n<\/ul>\n<\/div>\n","protected":false},"excerpt":{"rendered":"<p>La cistitis es una inflamaci\u00f3n de la pared de la vejiga, a menudo causada por una infecci\u00f3n del tracto urinario. La mayor\u00eda de los casos de infecci\u00f3n son causados por bacterias del intestino. La cistitis afecta con mayor frecuencia a las mujeres, desde la juventud hasta la madurez, en funci\u00f3n de los diferentes factores desencadenantes. [&hellip;]<\/p>\n","protected":false},"author":3,"featured_media":0,"parent":0,"menu_order":0,"comment_status":"closed","ping_status":"closed","template":"","meta":{"_acf_changed":false,"footnotes":""},"class_list":["post-27959","page","type-page","status-publish","hentry"],"acf":[],"yoast_head":"<!-- This site is optimized with the Yoast SEO plugin v27.2 - https:\/\/yoast.com\/product\/yoast-seo-wordpress\/ -->\n<title>Cistitis: causas, s\u00edntomas y remedios naturales<\/title>\n<meta name=\"description\" content=\"Qu\u00e9 es la cistitis, cu\u00e1les son las causas y los s\u00edntomas t\u00edpicos, cu\u00e1les son los remedios para tratar la cistitis.\" \/>\n<meta name=\"robots\" content=\"index, follow, max-snippet:-1, max-image-preview:large, max-video-preview:-1\" \/>\n<link rel=\"canonical\" href=\"https:\/\/www.dimann.com\/es\/la-cistitis\/\" \/>\n<meta property=\"og:locale\" content=\"es_ES\" \/>\n<meta property=\"og:type\" content=\"article\" \/>\n<meta property=\"og:title\" content=\"Cistitis: causas, s\u00edntomas y remedios naturales\" \/>\n<meta property=\"og:description\" content=\"Qu\u00e9 es la cistitis, cu\u00e1les son las causas y los s\u00edntomas t\u00edpicos, cu\u00e1les son los remedios para tratar la cistitis.\" \/>\n<meta property=\"og:url\" content=\"https:\/\/www.dimann.com\/es\/la-cistitis\/\" \/>\n<meta property=\"og:site_name\" content=\"Dimann\" \/>\n<meta property=\"article:publisher\" content=\"https:\/\/www.facebook.com\/pg\/Dimann.cistite\/posts\/\" \/>\n<meta property=\"article:modified_time\" content=\"2025-10-21T11:01:44+00:00\" \/>\n<meta property=\"og:image\" content=\"http:\/\/default\" \/>\n<meta name=\"twitter:card\" content=\"summary_large_image\" \/>\n<meta name=\"twitter:label1\" content=\"Tiempo de lectura\" \/>\n\t<meta name=\"twitter:data1\" content=\"1 minuto\" \/>\n<!-- \/ Yoast SEO plugin. -->","yoast_head_json":{"title":"Cistitis: causas, s\u00edntomas y remedios naturales","description":"Qu\u00e9 es la cistitis, cu\u00e1les son las causas y los s\u00edntomas t\u00edpicos, cu\u00e1les son los remedios para tratar la cistitis.","robots":{"index":"index","follow":"follow","max-snippet":"max-snippet:-1","max-image-preview":"max-image-preview:large","max-video-preview":"max-video-preview:-1"},"canonical":"https:\/\/www.dimann.com\/es\/la-cistitis\/","og_locale":"es_ES","og_type":"article","og_title":"Cistitis: causas, s\u00edntomas y remedios naturales","og_description":"Qu\u00e9 es la cistitis, cu\u00e1les son las causas y los s\u00edntomas t\u00edpicos, cu\u00e1les son los remedios para tratar la cistitis.","og_url":"https:\/\/www.dimann.com\/es\/la-cistitis\/","og_site_name":"Dimann","article_publisher":"https:\/\/www.facebook.com\/pg\/Dimann.cistite\/posts\/","article_modified_time":"2025-10-21T11:01:44+00:00","og_image":[{"url":"default","type":"","width":"","height":""}],"twitter_card":"summary_large_image","twitter_misc":{"Tiempo de lectura":"1 minuto"},"schema":{"@context":"https:\/\/schema.org","@graph":[{"@type":"WebPage","@id":"https:\/\/www.dimann.com\/es\/la-cistitis\/","url":"https:\/\/www.dimann.com\/es\/la-cistitis\/","name":"Cistitis: causas, s\u00edntomas y remedios naturales","isPartOf":{"@id":"https:\/\/www.dimann.com\/es\/#website"},"datePublished":"2021-04-16T13:41:36+00:00","dateModified":"2025-10-21T11:01:44+00:00","description":"Qu\u00e9 es la cistitis, cu\u00e1les son las causas y los s\u00edntomas t\u00edpicos, cu\u00e1les son los remedios para tratar la cistitis.","inLanguage":"es","potentialAction":[{"@type":"ReadAction","target":["https:\/\/www.dimann.com\/es\/la-cistitis\/"]}]},{"@type":"WebSite","@id":"https:\/\/www.dimann.com\/es\/#website","url":"https:\/\/www.dimann.com\/es\/","name":"Dimann","description":"","publisher":{"@id":"https:\/\/www.dimann.com\/es\/#organization"},"potentialAction":[{"@type":"SearchAction","target":{"@type":"EntryPoint","urlTemplate":"https:\/\/www.dimann.com\/es\/?s={search_term_string}"},"query-input":{"@type":"PropertyValueSpecification","valueRequired":true,"valueName":"search_term_string"}}],"inLanguage":"es"},{"@type":"Organization","@id":"https:\/\/www.dimann.com\/es\/#organization","name":"Dimann","url":"https:\/\/www.dimann.com\/es\/","logo":{"@type":"ImageObject","inLanguage":"es","@id":"https:\/\/www.dimann.com\/es\/#\/schema\/logo\/image\/","url":"https:\/\/www.dimann.com\/wp-content\/uploads\/2019\/07\/logo.svg","contentUrl":"https:\/\/www.dimann.com\/wp-content\/uploads\/2019\/07\/logo.svg","width":1,"height":1,"caption":"Dimann"},"image":{"@id":"https:\/\/www.dimann.com\/es\/#\/schema\/logo\/image\/"},"sameAs":["https:\/\/www.facebook.com\/pg\/Dimann.cistite\/posts\/","https:\/\/www.instagram.com\/dimann_official\/"]}]}},"_links":{"self":[{"href":"https:\/\/www.dimann.com\/es\/wp-json\/wp\/v2\/pages\/27959","targetHints":{"allow":["GET"]}}],"collection":[{"href":"https:\/\/www.dimann.com\/es\/wp-json\/wp\/v2\/pages"}],"about":[{"href":"https:\/\/www.dimann.com\/es\/wp-json\/wp\/v2\/types\/page"}],"author":[{"embeddable":true,"href":"https:\/\/www.dimann.com\/es\/wp-json\/wp\/v2\/users\/3"}],"replies":[{"embeddable":true,"href":"https:\/\/www.dimann.com\/es\/wp-json\/wp\/v2\/comments?post=27959"}],"version-history":[{"count":5,"href":"https:\/\/www.dimann.com\/es\/wp-json\/wp\/v2\/pages\/27959\/revisions"}],"predecessor-version":[{"id":58620,"href":"https:\/\/www.dimann.com\/es\/wp-json\/wp\/v2\/pages\/27959\/revisions\/58620"}],"wp:attachment":[{"href":"https:\/\/www.dimann.com\/es\/wp-json\/wp\/v2\/media?parent=27959"}],"curies":[{"name":"wp","href":"https:\/\/api.w.org\/{rel}","templated":true}]}}