{"id":27960,"date":"2021-04-16T15:41:37","date_gmt":"2021-04-16T13:41:37","guid":{"rendered":"https:\/\/www.dimann.com\/nuestra-promesa\/"},"modified":"2025-10-15T15:58:28","modified_gmt":"2025-10-15T13:58:28","slug":"nuestra-promesa","status":"publish","type":"page","link":"https:\/\/www.dimann.com\/es\/nuestra-promesa\/","title":{"rendered":"Nuestra misi\u00f3n: apoyar a mujeres con cistitis"},"content":{"rendered":"<div class=\"la-nostra-promessa-bold-statement\">\n<p class=\"p1 p1a\">Queremos ayudar<\/p>\n<p class=\"p1 p1b\">todas las mujeres del mundo<\/p>\n<p class=\"p1 p1c\">para abordar definitivamente<\/p>\n<p class=\"p1 p1d\">su propia cistitis.<\/p>\n<\/div>\n<p>&nbsp;<\/p>\n<p class=\"p1\"><span class=\"s1\">No existe una cura m\u00e1gica para la cistitis, y no garantizamos que esta vez sea la \u00faltima en la que compre un producto para esta insoportable compa\u00f1era de viaje.  <\/span><\/p>\n<p class=\"p1\"><span class=\"s1\">Pero con nosotros puede estar seguro de que nunca le ofreceremos un producto que no sea para usted.<\/span><\/p>\n<p>&nbsp;<\/p>\n<p class=\"p1\"><span class=\"s1\">Le ayudaremos a conocer mejor su enfermedad y su cuerpo.  <\/span><\/p>\n<p class=\"p1\"><span class=\"s1\">Le apoyaremos en su camino hacia una mejor salud.  <\/span><\/p>\n<p class=\"p1\"><span class=\"s1\">Le sugeriremos los mejores remedios. Nos ce\u00f1iremos a los consejos sobre el estilo de vida si eso es suficiente.  <\/span><\/p>\n<p class=\"p1\"><span class=\"s1\">Estaremos con usted desde el primer hasta el \u00faltimo contacto.<\/span><\/p>\n","protected":false},"excerpt":{"rendered":"<p>Queremos ayudar todas las mujeres del mundo para abordar definitivamente su propia cistitis. &nbsp; No existe una cura m\u00e1gica para la cistitis, y no garantizamos que esta vez sea la \u00faltima en la que compre un producto para esta insoportable compa\u00f1era de viaje. Pero con nosotros puede estar seguro de que nunca le ofreceremos un [&hellip;]<\/p>\n","protected":false},"author":3,"featured_media":0,"parent":0,"menu_order":0,"comment_status":"closed","ping_status":"closed","template":"","meta":{"_acf_changed":false,"footnotes":""},"class_list":["post-27960","page","type-page","status-publish","hentry"],"acf":[],"yoast_head":"<!-- This site is optimized with the Yoast SEO plugin v27.5 - https:\/\/yoast.com\/product\/yoast-seo-wordpress\/ -->\n<title>Nuestra promesa<\/title>\n<meta name=\"description\" content=\"Nuestra promesa es acompa\u00f1ar, aconsejar y ayudar a las mujeres que tienen o creen que pueden tener cistitis. Con nosotros, te conocer\u00e1s mejor a ti mismo.\" \/>\n<meta name=\"robots\" content=\"index, follow, max-snippet:-1, max-image-preview:large, max-video-preview:-1\" \/>\n<link rel=\"canonical\" href=\"https:\/\/www.dimann.com\/es\/nuestra-promesa\/\" \/>\n<meta property=\"og:locale\" content=\"es_ES\" \/>\n<meta property=\"og:type\" content=\"article\" \/>\n<meta property=\"og:title\" content=\"Nuestra promesa\" \/>\n<meta property=\"og:description\" content=\"Nuestra promesa es acompa\u00f1ar, aconsejar y ayudar a las mujeres que tienen o creen que pueden tener cistitis. Con nosotros, te conocer\u00e1s mejor a ti mismo.\" \/>\n<meta property=\"og:url\" content=\"https:\/\/www.dimann.com\/es\/nuestra-promesa\/\" \/>\n<meta property=\"og:site_name\" content=\"Dimann\" \/>\n<meta property=\"article:publisher\" content=\"https:\/\/www.facebook.com\/pg\/Dimann.cistite\/posts\/\" \/>\n<meta property=\"article:modified_time\" content=\"2025-10-15T13:58:28+00:00\" \/>\n<meta property=\"og:image\" content=\"http:\/\/default\" \/>\n<meta name=\"twitter:card\" content=\"summary_large_image\" \/>\n<meta name=\"twitter:label1\" content=\"Tiempo de lectura\" \/>\n\t<meta name=\"twitter:data1\" content=\"1 minuto\" \/>\n<!-- \/ Yoast SEO plugin. -->","yoast_head_json":{"title":"Nuestra promesa","description":"Nuestra promesa es acompa\u00f1ar, aconsejar y ayudar a las mujeres que tienen o creen que pueden tener cistitis. Con nosotros, te conocer\u00e1s mejor a ti mismo.","robots":{"index":"index","follow":"follow","max-snippet":"max-snippet:-1","max-image-preview":"max-image-preview:large","max-video-preview":"max-video-preview:-1"},"canonical":"https:\/\/www.dimann.com\/es\/nuestra-promesa\/","og_locale":"es_ES","og_type":"article","og_title":"Nuestra promesa","og_description":"Nuestra promesa es acompa\u00f1ar, aconsejar y ayudar a las mujeres que tienen o creen que pueden tener cistitis. Con nosotros, te conocer\u00e1s mejor a ti mismo.","og_url":"https:\/\/www.dimann.com\/es\/nuestra-promesa\/","og_site_name":"Dimann","article_publisher":"https:\/\/www.facebook.com\/pg\/Dimann.cistite\/posts\/","article_modified_time":"2025-10-15T13:58:28+00:00","og_image":[{"url":"default","type":"","width":"","height":""}],"twitter_card":"summary_large_image","twitter_misc":{"Tiempo de lectura":"1 minuto"},"schema":{"@context":"https:\/\/schema.org","@graph":[{"@type":"WebPage","@id":"https:\/\/www.dimann.com\/es\/nuestra-promesa\/","url":"https:\/\/www.dimann.com\/es\/nuestra-promesa\/","name":"Nuestra promesa","isPartOf":{"@id":"https:\/\/www.dimann.com\/es\/#website"},"datePublished":"2021-04-16T13:41:37+00:00","dateModified":"2025-10-15T13:58:28+00:00","description":"Nuestra promesa es acompa\u00f1ar, aconsejar y ayudar a las mujeres que tienen o creen que pueden tener cistitis. Con nosotros, te conocer\u00e1s mejor a ti mismo.","inLanguage":"es","potentialAction":[{"@type":"ReadAction","target":["https:\/\/www.dimann.com\/es\/nuestra-promesa\/"]}]},{"@type":"WebSite","@id":"https:\/\/www.dimann.com\/es\/#website","url":"https:\/\/www.dimann.com\/es\/","name":"Dimann","description":"","publisher":{"@id":"https:\/\/www.dimann.com\/es\/#organization"},"potentialAction":[{"@type":"SearchAction","target":{"@type":"EntryPoint","urlTemplate":"https:\/\/www.dimann.com\/es\/?s={search_term_string}"},"query-input":{"@type":"PropertyValueSpecification","valueRequired":true,"valueName":"search_term_string"}}],"inLanguage":"es"},{"@type":"Organization","@id":"https:\/\/www.dimann.com\/es\/#organization","name":"Dimann","url":"https:\/\/www.dimann.com\/es\/","logo":{"@type":"ImageObject","inLanguage":"es","@id":"https:\/\/www.dimann.com\/es\/#\/schema\/logo\/image\/","url":"https:\/\/www.dimann.com\/wp-content\/uploads\/2019\/07\/logo.svg","contentUrl":"https:\/\/www.dimann.com\/wp-content\/uploads\/2019\/07\/logo.svg","width":1,"height":1,"caption":"Dimann"},"image":{"@id":"https:\/\/www.dimann.com\/es\/#\/schema\/logo\/image\/"},"sameAs":["https:\/\/www.facebook.com\/pg\/Dimann.cistite\/posts\/","https:\/\/www.instagram.com\/dimann_official\/"]}]}},"_links":{"self":[{"href":"https:\/\/www.dimann.com\/es\/wp-json\/wp\/v2\/pages\/27960","targetHints":{"allow":["GET"]}}],"collection":[{"href":"https:\/\/www.dimann.com\/es\/wp-json\/wp\/v2\/pages"}],"about":[{"href":"https:\/\/www.dimann.com\/es\/wp-json\/wp\/v2\/types\/page"}],"author":[{"embeddable":true,"href":"https:\/\/www.dimann.com\/es\/wp-json\/wp\/v2\/users\/3"}],"replies":[{"embeddable":true,"href":"https:\/\/www.dimann.com\/es\/wp-json\/wp\/v2\/comments?post=27960"}],"version-history":[{"count":6,"href":"https:\/\/www.dimann.com\/es\/wp-json\/wp\/v2\/pages\/27960\/revisions"}],"predecessor-version":[{"id":58235,"href":"https:\/\/www.dimann.com\/es\/wp-json\/wp\/v2\/pages\/27960\/revisions\/58235"}],"wp:attachment":[{"href":"https:\/\/www.dimann.com\/es\/wp-json\/wp\/v2\/media?parent=27960"}],"curies":[{"name":"wp","href":"https:\/\/api.w.org\/{rel}","templated":true}]}}