{"id":27970,"date":"2021-04-16T15:41:40","date_gmt":"2021-04-16T13:41:40","guid":{"rendered":"https:\/\/www.dimann.com\/il-d-mannose\/"},"modified":"2025-10-21T12:31:01","modified_gmt":"2025-10-21T10:31:01","slug":"d-manosa","status":"publish","type":"page","link":"https:\/\/www.dimann.com\/es\/d-manosa\/","title":{"rendered":"D-manosa: monosac\u00e1rido natural de corteza de abedul"},"content":{"rendered":"<p class=\"p1\"><span class=\"s1\">La D-manosa (manosa derecha) es un az\u00facar simple, o monosac\u00e1rido, extra\u00eddo de forma natural de la corteza de los \u00e1rboles de madera dura.<\/span><\/p>\n<p class=\"p1\"><span class=\"s1\">La D-manosa de los productos Dimann se extrae de la corteza de abedul, la fuente m\u00e1s pura y de mayor calidad.<\/span><\/p>\n","protected":false},"excerpt":{"rendered":"<p>La D-manosa (manosa derecha) es un az\u00facar simple, o monosac\u00e1rido, extra\u00eddo de forma natural de la corteza de los \u00e1rboles de madera dura. La D-manosa de los productos Dimann se extrae de la corteza de abedul, la fuente m\u00e1s pura y de mayor calidad.<\/p>\n","protected":false},"author":3,"featured_media":0,"parent":0,"menu_order":0,"comment_status":"closed","ping_status":"closed","template":"","meta":{"_acf_changed":false,"footnotes":""},"class_list":["post-27970","page","type-page","status-publish","hentry"],"acf":[],"yoast_head":"<!-- This site is optimized with the Yoast SEO plugin v27.2 - https:\/\/yoast.com\/product\/yoast-seo-wordpress\/ -->\n<title>D-Manosa: todo lo que necesita saber<\/title>\n<meta name=\"description\" content=\"D-manosa pura, az\u00facar simple para eliminar las bacterias de la vejiga. La D-manosa pura cura y previene la cistitis. Descubre sus caracter\u00edsticas.\" \/>\n<meta name=\"robots\" content=\"index, follow, max-snippet:-1, max-image-preview:large, max-video-preview:-1\" \/>\n<link rel=\"canonical\" href=\"https:\/\/www.dimann.com\/es\/d-manosa\/\" \/>\n<meta property=\"og:locale\" content=\"es_ES\" \/>\n<meta property=\"og:type\" content=\"article\" \/>\n<meta property=\"og:title\" content=\"D-Manosa: todo lo que necesita saber\" \/>\n<meta property=\"og:description\" content=\"D-manosa pura, az\u00facar simple para eliminar las bacterias de la vejiga. La D-manosa pura cura y previene la cistitis. Descubre sus caracter\u00edsticas.\" \/>\n<meta property=\"og:url\" content=\"https:\/\/www.dimann.com\/es\/d-manosa\/\" \/>\n<meta property=\"og:site_name\" content=\"Dimann\" \/>\n<meta property=\"article:publisher\" content=\"https:\/\/www.facebook.com\/pg\/Dimann.cistite\/posts\/\" \/>\n<meta property=\"article:modified_time\" content=\"2025-10-21T10:31:01+00:00\" \/>\n<meta property=\"og:image\" content=\"http:\/\/default\" \/>\n<meta name=\"twitter:card\" content=\"summary_large_image\" \/>\n<meta name=\"twitter:label1\" content=\"Tiempo de lectura\" \/>\n\t<meta name=\"twitter:data1\" content=\"1 minuto\" \/>\n<!-- \/ Yoast SEO plugin. -->","yoast_head_json":{"title":"D-Manosa: todo lo que necesita saber","description":"D-manosa pura, az\u00facar simple para eliminar las bacterias de la vejiga. La D-manosa pura cura y previene la cistitis. Descubre sus caracter\u00edsticas.","robots":{"index":"index","follow":"follow","max-snippet":"max-snippet:-1","max-image-preview":"max-image-preview:large","max-video-preview":"max-video-preview:-1"},"canonical":"https:\/\/www.dimann.com\/es\/d-manosa\/","og_locale":"es_ES","og_type":"article","og_title":"D-Manosa: todo lo que necesita saber","og_description":"D-manosa pura, az\u00facar simple para eliminar las bacterias de la vejiga. La D-manosa pura cura y previene la cistitis. Descubre sus caracter\u00edsticas.","og_url":"https:\/\/www.dimann.com\/es\/d-manosa\/","og_site_name":"Dimann","article_publisher":"https:\/\/www.facebook.com\/pg\/Dimann.cistite\/posts\/","article_modified_time":"2025-10-21T10:31:01+00:00","og_image":[{"url":"default","type":"","width":"","height":""}],"twitter_card":"summary_large_image","twitter_misc":{"Tiempo de lectura":"1 minuto"},"schema":{"@context":"https:\/\/schema.org","@graph":[{"@type":"WebPage","@id":"https:\/\/www.dimann.com\/es\/d-manosa\/","url":"https:\/\/www.dimann.com\/es\/d-manosa\/","name":"D-Manosa: todo lo que necesita saber","isPartOf":{"@id":"https:\/\/www.dimann.com\/es\/#website"},"datePublished":"2021-04-16T13:41:40+00:00","dateModified":"2025-10-21T10:31:01+00:00","description":"D-manosa pura, az\u00facar simple para eliminar las bacterias de la vejiga. La D-manosa pura cura y previene la cistitis. Descubre sus caracter\u00edsticas.","inLanguage":"es","potentialAction":[{"@type":"ReadAction","target":["https:\/\/www.dimann.com\/es\/d-manosa\/"]}]},{"@type":"WebSite","@id":"https:\/\/www.dimann.com\/es\/#website","url":"https:\/\/www.dimann.com\/es\/","name":"Dimann","description":"","publisher":{"@id":"https:\/\/www.dimann.com\/es\/#organization"},"potentialAction":[{"@type":"SearchAction","target":{"@type":"EntryPoint","urlTemplate":"https:\/\/www.dimann.com\/es\/?s={search_term_string}"},"query-input":{"@type":"PropertyValueSpecification","valueRequired":true,"valueName":"search_term_string"}}],"inLanguage":"es"},{"@type":"Organization","@id":"https:\/\/www.dimann.com\/es\/#organization","name":"Dimann","url":"https:\/\/www.dimann.com\/es\/","logo":{"@type":"ImageObject","inLanguage":"es","@id":"https:\/\/www.dimann.com\/es\/#\/schema\/logo\/image\/","url":"https:\/\/www.dimann.com\/wp-content\/uploads\/2019\/07\/logo.svg","contentUrl":"https:\/\/www.dimann.com\/wp-content\/uploads\/2019\/07\/logo.svg","width":1,"height":1,"caption":"Dimann"},"image":{"@id":"https:\/\/www.dimann.com\/es\/#\/schema\/logo\/image\/"},"sameAs":["https:\/\/www.facebook.com\/pg\/Dimann.cistite\/posts\/","https:\/\/www.instagram.com\/dimann_official\/"]}]}},"_links":{"self":[{"href":"https:\/\/www.dimann.com\/es\/wp-json\/wp\/v2\/pages\/27970","targetHints":{"allow":["GET"]}}],"collection":[{"href":"https:\/\/www.dimann.com\/es\/wp-json\/wp\/v2\/pages"}],"about":[{"href":"https:\/\/www.dimann.com\/es\/wp-json\/wp\/v2\/types\/page"}],"author":[{"embeddable":true,"href":"https:\/\/www.dimann.com\/es\/wp-json\/wp\/v2\/users\/3"}],"replies":[{"embeddable":true,"href":"https:\/\/www.dimann.com\/es\/wp-json\/wp\/v2\/comments?post=27970"}],"version-history":[{"count":8,"href":"https:\/\/www.dimann.com\/es\/wp-json\/wp\/v2\/pages\/27970\/revisions"}],"predecessor-version":[{"id":58612,"href":"https:\/\/www.dimann.com\/es\/wp-json\/wp\/v2\/pages\/27970\/revisions\/58612"}],"wp:attachment":[{"href":"https:\/\/www.dimann.com\/es\/wp-json\/wp\/v2\/media?parent=27970"}],"curies":[{"name":"wp","href":"https:\/\/api.w.org\/{rel}","templated":true}]}}