{"id":39937,"date":"2024-04-19T17:41:18","date_gmt":"2024-04-19T15:41:18","guid":{"rendered":"https:\/\/www.dimann.com\/completar-el-camino-b2\/"},"modified":"2025-10-15T15:53:33","modified_gmt":"2025-10-15T13:53:33","slug":"completar-el-camino-b2","status":"publish","type":"page","link":"https:\/\/www.dimann.com\/es\/completar-el-camino-b2\/","title":{"rendered":"4. Oferta de venta cruzada (Dimann Flogo) &#8211; B2"},"content":{"rendered":"\t\t<div data-elementor-type=\"wp-page\" data-elementor-id=\"39937\" class=\"elementor elementor-39937 elementor-34991\" data-elementor-post-type=\"page\">\n\t\t\t\t\t\t<section class=\"elementor-section elementor-top-section elementor-element elementor-element-30870e94 elementor-section-boxed elementor-section-height-default elementor-section-height-default\" data-id=\"30870e94\" data-element_type=\"section\" data-e-type=\"section\">\n\t\t\t\t\t\t<div class=\"elementor-container elementor-column-gap-default\">\n\t\t\t\t\t<div class=\"elementor-column elementor-col-100 elementor-top-column elementor-element elementor-element-16f3f7e4\" data-id=\"16f3f7e4\" data-element_type=\"column\" data-e-type=\"column\">\n\t\t\t<div class=\"elementor-widget-wrap elementor-element-populated\">\n\t\t\t\t\t\t<div class=\"elementor-element elementor-element-bdce0ec elementor-widget elementor-widget-heading\" data-id=\"bdce0ec\" data-element_type=\"widget\" data-e-type=\"widget\" data-widget_type=\"heading.default\">\n\t\t\t\t<div class=\"elementor-widget-container\">\n\t\t\t\t\t<h2 class=\"elementor-heading-title elementor-size-default\">\u00bfSab\u00edas que...<\/h2>\t\t\t\t<\/div>\n\t\t\t\t<\/div>\n\t\t\t\t<div class=\"elementor-element elementor-element-7a3d891e elementor-widget elementor-widget-spacer\" data-id=\"7a3d891e\" data-element_type=\"widget\" data-e-type=\"widget\" data-widget_type=\"spacer.default\">\n\t\t\t\t<div class=\"elementor-widget-container\">\n\t\t\t\t\t\t\t<div class=\"elementor-spacer\">\n\t\t\t<div class=\"elementor-spacer-inner\"><\/div>\n\t\t<\/div>\n\t\t\t\t\t\t<\/div>\n\t\t\t\t<\/div>\n\t\t\t\t<section class=\"elementor-section elementor-inner-section elementor-element elementor-element-16577c4d elementor-section-boxed elementor-section-height-default elementor-section-height-default\" data-id=\"16577c4d\" data-element_type=\"section\" data-e-type=\"section\">\n\t\t\t\t\t\t<div class=\"elementor-container elementor-column-gap-default\">\n\t\t\t\t\t<div class=\"elementor-column elementor-col-66 elementor-inner-column elementor-element elementor-element-2aa7f1e2\" data-id=\"2aa7f1e2\" data-element_type=\"column\" data-e-type=\"column\">\n\t\t\t<div class=\"elementor-widget-wrap elementor-element-populated\">\n\t\t\t\t\t\t<div class=\"elementor-element elementor-element-7baf6326 elementor-widget elementor-widget-heading\" data-id=\"7baf6326\" data-element_type=\"widget\" data-e-type=\"widget\" data-widget_type=\"heading.default\">\n\t\t\t\t<div class=\"elementor-widget-container\">\n\t\t\t\t\t<h2 class=\"elementor-heading-title elementor-size-default\">...\u00bfpuedes desconectar enseguida las molestias de la cistitis gracias a la formulaci\u00f3n de Dimann Flogo?<\/h2>\t\t\t\t<\/div>\n\t\t\t\t<\/div>\n\t\t\t\t<div class=\"elementor-element elementor-element-309f6d8 elementor-widget elementor-widget-heading\" data-id=\"309f6d8\" data-element_type=\"widget\" data-e-type=\"widget\" data-widget_type=\"heading.default\">\n\t\t\t\t<div class=\"elementor-widget-container\">\n\t\t\t\t\t<h2 class=\"elementor-heading-title elementor-size-default\">No te preocupes, ya hemos guardado tu cesta.\n<\/h2>\t\t\t\t<\/div>\n\t\t\t\t<\/div>\n\t\t\t\t<div class=\"elementor-element elementor-element-4148ee4c elementor-widget elementor-widget-heading\" data-id=\"4148ee4c\" data-element_type=\"widget\" data-e-type=\"widget\" data-widget_type=\"heading.default\">\n\t\t\t\t<div class=\"elementor-widget-container\">\n\t\t\t\t\t<h2 class=\"elementor-heading-title elementor-size-default\">Para empezar a sentirte mejor desde la primera toma, \u00a1Dimann Flogo es tu segundo aliado ganador!<\/h2>\t\t\t\t<\/div>\n\t\t\t\t<\/div>\n\t\t\t\t<div class=\"elementor-element elementor-element-24c615bc elementor-widget elementor-widget-heading\" data-id=\"24c615bc\" data-element_type=\"widget\" data-e-type=\"widget\" data-widget_type=\"heading.default\">\n\t\t\t\t<div class=\"elementor-widget-container\">\n\t\t\t\t\t<h2 class=\"elementor-heading-title elementor-size-default\">Por eso queremos darte la oportunidad de a\u00f1adirlo a tu pedido a un precio \u00fanico.<\/h2>\t\t\t\t<\/div>\n\t\t\t\t<\/div>\n\t\t\t\t\t<\/div>\n\t\t<\/div>\n\t\t\t\t<div class=\"elementor-column elementor-col-33 elementor-inner-column elementor-element elementor-element-269907b3 elementor-hidden-mobile\" data-id=\"269907b3\" data-element_type=\"column\" data-e-type=\"column\">\n\t\t\t<div class=\"elementor-widget-wrap elementor-element-populated\">\n\t\t\t\t\t\t<div class=\"elementor-element elementor-element-3b844236 elementor-widget elementor-widget-image\" data-id=\"3b844236\" data-element_type=\"widget\" data-e-type=\"widget\" data-widget_type=\"image.default\">\n\t\t\t\t<div class=\"elementor-widget-container\">\n\t\t\t\t\t\t\t\t\t\t\t\t\t\t\t<img fetchpriority=\"high\" decoding=\"async\" width=\"945\" height=\"827\" src=\"https:\/\/www.dimann.com\/wp-content\/uploads\/2022\/11\/flogo-5.png\" class=\"attachment-large size-large wp-image-35179\" alt=\"\" srcset=\"https:\/\/www.dimann.com\/wp-content\/uploads\/2022\/11\/flogo-5.png 945w, https:\/\/www.dimann.com\/wp-content\/uploads\/2022\/11\/flogo-5-120x105.png 120w, https:\/\/www.dimann.com\/wp-content\/uploads\/2022\/11\/flogo-5-186x163.png 186w, https:\/\/www.dimann.com\/wp-content\/uploads\/2022\/11\/flogo-5-446x390.png 446w, https:\/\/www.dimann.com\/wp-content\/uploads\/2022\/11\/flogo-5-420x368.png 420w, https:\/\/www.dimann.com\/wp-content\/uploads\/2022\/11\/flogo-5-700x613.png 700w, https:\/\/www.dimann.com\/wp-content\/uploads\/2022\/11\/flogo-5-720x630.png 720w, https:\/\/www.dimann.com\/wp-content\/uploads\/2022\/11\/flogo-5-600x525.png 600w\" sizes=\"(max-width: 945px) 100vw, 945px\" \/>\t\t\t\t\t\t\t\t\t\t\t\t\t\t\t<\/div>\n\t\t\t\t<\/div>\n\t\t\t\t\t<\/div>\n\t\t<\/div>\n\t\t\t\t\t<\/div>\n\t\t<\/section>\n\t\t\t\t<div class=\"elementor-element elementor-element-5a8c811b elementor-widget elementor-widget-spacer\" data-id=\"5a8c811b\" data-element_type=\"widget\" data-e-type=\"widget\" data-widget_type=\"spacer.default\">\n\t\t\t\t<div class=\"elementor-widget-container\">\n\t\t\t\t\t\t\t<div class=\"elementor-spacer\">\n\t\t\t<div class=\"elementor-spacer-inner\"><\/div>\n\t\t<\/div>\n\t\t\t\t\t\t<\/div>\n\t\t\t\t<\/div>\n\t\t\t\t<section class=\"elementor-section elementor-inner-section elementor-element elementor-element-271c2da4 elementor-section-boxed elementor-section-height-default elementor-section-height-default\" data-id=\"271c2da4\" data-element_type=\"section\" data-e-type=\"section\">\n\t\t\t\t\t\t<div class=\"elementor-container elementor-column-gap-default\">\n\t\t\t\t\t<div class=\"elementor-column elementor-col-50 elementor-inner-column elementor-element elementor-element-423a03d2\" data-id=\"423a03d2\" data-element_type=\"column\" data-e-type=\"column\">\n\t\t\t<div class=\"elementor-widget-wrap elementor-element-populated\">\n\t\t\t\t\t\t<div class=\"elementor-element elementor-element-1e3b20e elementor-widget elementor-widget-image\" data-id=\"1e3b20e\" data-element_type=\"widget\" data-e-type=\"widget\" data-widget_type=\"image.default\">\n\t\t\t\t<div class=\"elementor-widget-container\">\n\t\t\t\t\t\t\t\t\t\t\t\t\t\t\t<img decoding=\"async\" width=\"945\" height=\"827\" data-src=\"https:\/\/www.dimann.com\/wp-content\/uploads\/2022\/11\/flogo-6.png\" class=\"attachment-large size-large wp-image-35184 lazyload\" alt=\"\" data-srcset=\"https:\/\/www.dimann.com\/wp-content\/uploads\/2022\/11\/flogo-6.png 945w, https:\/\/www.dimann.com\/wp-content\/uploads\/2022\/11\/flogo-6-120x105.png 120w, https:\/\/www.dimann.com\/wp-content\/uploads\/2022\/11\/flogo-6-186x163.png 186w, https:\/\/www.dimann.com\/wp-content\/uploads\/2022\/11\/flogo-6-446x390.png 446w, https:\/\/www.dimann.com\/wp-content\/uploads\/2022\/11\/flogo-6-420x368.png 420w, https:\/\/www.dimann.com\/wp-content\/uploads\/2022\/11\/flogo-6-700x613.png 700w, https:\/\/www.dimann.com\/wp-content\/uploads\/2022\/11\/flogo-6-720x630.png 720w, https:\/\/www.dimann.com\/wp-content\/uploads\/2022\/11\/flogo-6-600x525.png 600w\" data-sizes=\"(max-width: 945px) 100vw, 945px\" src=\"data:image\/svg+xml;base64,PHN2ZyB3aWR0aD0iMSIgaGVpZ2h0PSIxIiB4bWxucz0iaHR0cDovL3d3dy53My5vcmcvMjAwMC9zdmciPjwvc3ZnPg==\" style=\"--smush-placeholder-width: 945px; --smush-placeholder-aspect-ratio: 945\/827;\" \/>\t\t\t\t\t\t\t\t\t\t\t\t\t\t\t<\/div>\n\t\t\t\t<\/div>\n\t\t\t\t\t<\/div>\n\t\t<\/div>\n\t\t\t\t<div class=\"elementor-column elementor-col-50 elementor-inner-column elementor-element elementor-element-7d1007e9\" data-id=\"7d1007e9\" data-element_type=\"column\" data-e-type=\"column\">\n\t\t\t<div class=\"elementor-widget-wrap elementor-element-populated\">\n\t\t\t\t\t\t<div class=\"elementor-element elementor-element-6262e8cf elementor-widget elementor-widget-spacer\" data-id=\"6262e8cf\" data-element_type=\"widget\" data-e-type=\"widget\" data-widget_type=\"spacer.default\">\n\t\t\t\t<div class=\"elementor-widget-container\">\n\t\t\t\t\t\t\t<div class=\"elementor-spacer\">\n\t\t\t<div class=\"elementor-spacer-inner\"><\/div>\n\t\t<\/div>\n\t\t\t\t\t\t<\/div>\n\t\t\t\t<\/div>\n\t\t\t\t<section class=\"elementor-section elementor-inner-section elementor-element elementor-element-7d039f48 elementor-section-boxed elementor-section-height-default elementor-section-height-default\" data-id=\"7d039f48\" data-element_type=\"section\" data-e-type=\"section\">\n\t\t\t\t\t\t<div class=\"elementor-container elementor-column-gap-default\">\n\t\t\t\t\t<div class=\"elementor-column elementor-col-33 elementor-inner-column elementor-element elementor-element-3617fa2a\" data-id=\"3617fa2a\" data-element_type=\"column\" data-e-type=\"column\">\n\t\t\t<div class=\"elementor-widget-wrap elementor-element-populated\">\n\t\t\t\t\t\t<div class=\"elementor-element elementor-element-3cada0f0 elementor-widget elementor-widget-heading\" data-id=\"3cada0f0\" data-element_type=\"widget\" data-e-type=\"widget\" data-widget_type=\"heading.default\">\n\t\t\t\t<div class=\"elementor-widget-container\">\n\t\t\t\t\t<h2 class=\"elementor-heading-title elementor-size-default\">\u20ac 17,50<\/h2>\t\t\t\t<\/div>\n\t\t\t\t<\/div>\n\t\t\t\t\t<\/div>\n\t\t<\/div>\n\t\t\t\t<div class=\"elementor-column elementor-col-66 elementor-inner-column elementor-element elementor-element-12fffb7c\" data-id=\"12fffb7c\" data-element_type=\"column\" data-e-type=\"column\">\n\t\t\t<div class=\"elementor-widget-wrap elementor-element-populated\">\n\t\t\t\t\t\t<div class=\"elementor-element elementor-element-3de90497 elementor-widget elementor-widget-heading\" data-id=\"3de90497\" data-element_type=\"widget\" data-e-type=\"widget\" data-widget_type=\"heading.default\">\n\t\t\t\t<div class=\"elementor-widget-container\">\n\t\t\t\t\t<h2 class=\"elementor-heading-title elementor-size-default\">en lugar de 24,50<\/h2>\t\t\t\t<\/div>\n\t\t\t\t<\/div>\n\t\t\t\t\t<\/div>\n\t\t<\/div>\n\t\t\t\t\t<\/div>\n\t\t<\/section>\n\t\t\t\t<div class=\"elementor-element elementor-element-373dfcc2 elementor-widget elementor-widget-spacer\" data-id=\"373dfcc2\" data-element_type=\"widget\" data-e-type=\"widget\" data-widget_type=\"spacer.default\">\n\t\t\t\t<div class=\"elementor-widget-container\">\n\t\t\t\t\t\t\t<div class=\"elementor-spacer\">\n\t\t\t<div class=\"elementor-spacer-inner\"><\/div>\n\t\t<\/div>\n\t\t\t\t\t\t<\/div>\n\t\t\t\t<\/div>\n\t\t\t\t<div class=\"elementor-element elementor-element-34b710af elementor-align-center elementor-widget elementor-widget-button\" data-id=\"34b710af\" data-element_type=\"widget\" data-e-type=\"widget\" data-widget_type=\"button.default\">\n\t\t\t\t<div class=\"elementor-widget-container\">\n\t\t\t\t\t\t\t\t\t<div class=\"elementor-button-wrapper\">\n\t\t\t\t\t<a class=\"elementor-button elementor-button-link elementor-size-xl\" href=\"https:\/\/www.naturadiretta.com\/cart\/46757259346246:3,46757259051334:1?storefront=true&#038;discount=DPB21&#038;utm_source=Dimann&#038;utm_medium=Funnel&#038;utm_campaign=Dimann-Puro-2021-V1\">\n\t\t\t\t\t\t<span class=\"elementor-button-content-wrapper\">\n\t\t\t\t\t\t\t\t\t<span class=\"elementor-button-text\">S\u00ed, quiero<\/span>\n\t\t\t\t\t<\/span>\n\t\t\t\t\t<\/a>\n\t\t\t\t<\/div>\n\t\t\t\t\t\t\t\t<\/div>\n\t\t\t\t<\/div>\n\t\t\t\t<div class=\"elementor-element elementor-element-56a3308c elementor-align-center elementor-widget elementor-widget-button\" data-id=\"56a3308c\" data-element_type=\"widget\" data-e-type=\"widget\" data-widget_type=\"button.default\">\n\t\t\t\t<div class=\"elementor-widget-container\">\n\t\t\t\t\t\t\t\t\t<div class=\"elementor-button-wrapper\">\n\t\t\t\t\t<a class=\"elementor-button elementor-button-link elementor-size-xl\" href=\"https:\/\/www.naturadiretta.com\/cart\/46757259346246:3?storefront=true&#038;discount=DPB22&#038;utm_source=Dimann&#038;utm_medium=Funnel&#038;utm_campaign=Dimann-Puro-2021-V1\">\n\t\t\t\t\t\t<span class=\"elementor-button-content-wrapper\">\n\t\t\t\t\t\t\t\t\t<span class=\"elementor-button-text\">No gracias, me saltar\u00e9 este paso<\/span>\n\t\t\t\t\t<\/span>\n\t\t\t\t\t<\/a>\n\t\t\t\t<\/div>\n\t\t\t\t\t\t\t\t<\/div>\n\t\t\t\t<\/div>\n\t\t\t\t<div class=\"elementor-element elementor-element-582d60a3 elementor-widget elementor-widget-text-editor\" data-id=\"582d60a3\" data-element_type=\"widget\" data-e-type=\"widget\" data-widget_type=\"text-editor.default\">\n\t\t\t\t<div class=\"elementor-widget-container\">\n\t\t\t\t\t\t\t\t\tConf\u00edo en que no necesitar\u00e9 ninguna ayuda para extinguir cuanto antes los malditos s\u00edntomas de la cistitis.\n<br>\nPreferir\u00eda perder este descuento puntual y luego plantearme una futura compra del Dimann Flogo a precio completo.\t\t\t\t\t\t\t\t<\/div>\n\t\t\t\t<\/div>\n\t\t\t\t<div class=\"elementor-element elementor-element-66c7e8a elementor-widget elementor-widget-spacer\" data-id=\"66c7e8a\" data-element_type=\"widget\" data-e-type=\"widget\" data-widget_type=\"spacer.default\">\n\t\t\t\t<div class=\"elementor-widget-container\">\n\t\t\t\t\t\t\t<div class=\"elementor-spacer\">\n\t\t\t<div class=\"elementor-spacer-inner\"><\/div>\n\t\t<\/div>\n\t\t\t\t\t\t<\/div>\n\t\t\t\t<\/div>\n\t\t\t\t\t<\/div>\n\t\t<\/div>\n\t\t\t\t\t<\/div>\n\t\t<\/section>\n\t\t\t\t\t<\/div>\n\t\t<\/div>\n\t\t\t\t\t<\/div>\n\t\t<\/section>\n\t\t\t\t<section class=\"elementor-section elementor-top-section elementor-element elementor-element-70ca6bdf elementor-section-full_width elementor-section-stretched elementor-section-height-default elementor-section-height-default\" data-id=\"70ca6bdf\" data-element_type=\"section\" data-e-type=\"section\" data-settings=\"{&quot;stretch_section&quot;:&quot;section-stretched&quot;,&quot;background_background&quot;:&quot;classic&quot;}\">\n\t\t\t\t\t\t<div class=\"elementor-container elementor-column-gap-default\">\n\t\t\t\t\t<div class=\"elementor-column elementor-col-100 elementor-top-column elementor-element elementor-element-5f723b6d\" data-id=\"5f723b6d\" data-element_type=\"column\" data-e-type=\"column\">\n\t\t\t<div class=\"elementor-widget-wrap elementor-element-populated\">\n\t\t\t\t\t\t<section class=\"elementor-section elementor-inner-section elementor-element elementor-element-24d7288f elementor-section-boxed elementor-section-height-default elementor-section-height-default\" data-id=\"24d7288f\" data-element_type=\"section\" data-e-type=\"section\">\n\t\t\t\t\t\t<div class=\"elementor-container elementor-column-gap-default\">\n\t\t\t\t\t<div class=\"elementor-column elementor-col-100 elementor-inner-column elementor-element elementor-element-321e71ce\" data-id=\"321e71ce\" data-element_type=\"column\" data-e-type=\"column\">\n\t\t\t<div class=\"elementor-widget-wrap elementor-element-populated\">\n\t\t\t\t\t\t<div class=\"elementor-element elementor-element-77de3a19 elementor-widget elementor-widget-heading\" data-id=\"77de3a19\" data-element_type=\"widget\" data-e-type=\"widget\" data-widget_type=\"heading.default\">\n\t\t\t\t<div class=\"elementor-widget-container\">\n\t\t\t\t\t<h2 class=\"elementor-heading-title elementor-size-default\">Importante: los ingredientes de Dimann Flogo act\u00faan directamente sobre los s\u00edntomas (como la sensaci\u00f3n de quemaz\u00f3n), ayud\u00e1ndote a desactivarlos R\u00c1PIDAMENTE<\/h2>\t\t\t\t<\/div>\n\t\t\t\t<\/div>\n\t\t\t\t<div class=\"elementor-element elementor-element-3ab4a6aa elementor-widget elementor-widget-heading\" data-id=\"3ab4a6aa\" data-element_type=\"widget\" data-e-type=\"widget\" data-widget_type=\"heading.default\">\n\t\t\t\t<div class=\"elementor-widget-container\">\n\t\t\t\t\t<h2 class=\"elementor-heading-title elementor-size-default\">(\u00a1\u00dasalo junto con Dimann PURO para sentirte mejor desde el primer d\u00eda!)\n<\/h2>\t\t\t\t<\/div>\n\t\t\t\t<\/div>\n\t\t\t\t<div class=\"elementor-element elementor-element-25f1f57 elementor-widget elementor-widget-text-editor\" data-id=\"25f1f57\" data-element_type=\"widget\" data-e-type=\"widget\" data-widget_type=\"text-editor.default\">\n\t\t\t\t<div class=\"elementor-widget-container\">\n\t\t\t\t\t\t\t\t\tNo dejes que el terrible ardor y dolor t\u00edpicos de un ataque repentino de cistitis te arruinen el d\u00eda.\n\n\t\t\t\t\t\t\t\t<\/div>\n\t\t\t\t<\/div>\n\t\t\t\t<div class=\"elementor-element elementor-element-633a5afd elementor-widget elementor-widget-text-editor\" data-id=\"633a5afd\" data-element_type=\"widget\" data-e-type=\"widget\" data-widget_type=\"text-editor.default\">\n\t\t\t\t<div class=\"elementor-widget-container\">\n\t\t\t\t\t\t\t\t\tA\u00f1ade 1 paquete a tu pedido por s\u00f3lo <b><span style=\"background-color:#ccff00\">17,50 \u20ac<\/span><br>\nahorra <span style=\"background-color:#ccff00\">7 \u20ac adicionales<\/span> sobre el total<\/b><br>\ny garantizar tu ansiado bienestar.\n\t\t\t\t\t\t\t\t<\/div>\n\t\t\t\t<\/div>\n\t\t\t\t<div class=\"elementor-element elementor-element-152311e8 elementor-widget elementor-widget-spacer\" data-id=\"152311e8\" data-element_type=\"widget\" data-e-type=\"widget\" data-widget_type=\"spacer.default\">\n\t\t\t\t<div class=\"elementor-widget-container\">\n\t\t\t\t\t\t\t<div class=\"elementor-spacer\">\n\t\t\t<div class=\"elementor-spacer-inner\"><\/div>\n\t\t<\/div>\n\t\t\t\t\t\t<\/div>\n\t\t\t\t<\/div>\n\t\t\t\t<div class=\"elementor-element elementor-element-3b962d23 elementor-align-center elementor-widget elementor-widget-button\" data-id=\"3b962d23\" data-element_type=\"widget\" data-e-type=\"widget\" data-widget_type=\"button.default\">\n\t\t\t\t<div class=\"elementor-widget-container\">\n\t\t\t\t\t\t\t\t\t<div class=\"elementor-button-wrapper\">\n\t\t\t\t\t<a class=\"elementor-button elementor-button-link elementor-size-xl\" href=\"https:\/\/www.naturadiretta.com\/cart\/46757259346246:3,46757259051334:1?storefront=true&#038;discount=DPB21&#038;utm_source=Dimann&#038;utm_medium=Funnel&#038;utm_campaign=Dimann-Puro-2021-V1\">\n\t\t\t\t\t\t<span class=\"elementor-button-content-wrapper\">\n\t\t\t\t\t\t\t\t\t<span class=\"elementor-button-text\">S\u00ed, quiero<\/span>\n\t\t\t\t\t<\/span>\n\t\t\t\t\t<\/a>\n\t\t\t\t<\/div>\n\t\t\t\t\t\t\t\t<\/div>\n\t\t\t\t<\/div>\n\t\t\t\t<div class=\"elementor-element elementor-element-2e3ab520 elementor-align-center elementor-widget elementor-widget-button\" data-id=\"2e3ab520\" data-element_type=\"widget\" data-e-type=\"widget\" data-widget_type=\"button.default\">\n\t\t\t\t<div class=\"elementor-widget-container\">\n\t\t\t\t\t\t\t\t\t<div class=\"elementor-button-wrapper\">\n\t\t\t\t\t<a class=\"elementor-button elementor-button-link elementor-size-xl\" href=\"https:\/\/www.naturadiretta.com\/cart\/46757259346246:3?storefront=true&#038;discount=DPB22&#038;utm_source=Dimann&#038;utm_medium=Funnel&#038;utm_campaign=Dimann-Puro-2021-V1\">\n\t\t\t\t\t\t<span class=\"elementor-button-content-wrapper\">\n\t\t\t\t\t\t\t\t\t<span class=\"elementor-button-text\">No gracias, me saltar\u00e9 este paso<\/span>\n\t\t\t\t\t<\/span>\n\t\t\t\t\t<\/a>\n\t\t\t\t<\/div>\n\t\t\t\t\t\t\t\t<\/div>\n\t\t\t\t<\/div>\n\t\t\t\t<div class=\"elementor-element elementor-element-88384b1 elementor-widget elementor-widget-text-editor\" data-id=\"88384b1\" data-element_type=\"widget\" data-e-type=\"widget\" data-widget_type=\"text-editor.default\">\n\t\t\t\t<div class=\"elementor-widget-container\">\n\t\t\t\t\t\t\t\t\tConf\u00edo en que no necesitar\u00e9 ninguna ayuda para extinguir cuanto antes los malditos s\u00edntomas de la cistitis.\nPreferir\u00eda perder este descuento puntual y luego plantearme una futura compra del Dimann Flogo a precio completo.\t\t\t\t\t\t\t\t<\/div>\n\t\t\t\t<\/div>\n\t\t\t\t\t<\/div>\n\t\t<\/div>\n\t\t\t\t\t<\/div>\n\t\t<\/section>\n\t\t\t\t\t<\/div>\n\t\t<\/div>\n\t\t\t\t\t<\/div>\n\t\t<\/section>\n\t\t\t\t<\/div>\n\t\t","protected":false},"excerpt":{"rendered":"<p>\u00bfSab\u00edas que&#8230; &#8230;\u00bfpuedes desconectar enseguida las molestias de la cistitis gracias a la formulaci\u00f3n de Dimann Flogo? No te preocupes, ya hemos guardado tu cesta. Para empezar a sentirte mejor desde la primera toma, \u00a1Dimann Flogo es tu segundo aliado ganador! Por eso queremos darte la oportunidad de a\u00f1adirlo a tu pedido a un precio [&hellip;]<\/p>\n","protected":false},"author":12,"featured_media":0,"parent":0,"menu_order":0,"comment_status":"closed","ping_status":"closed","template":"landing-page-base.php","meta":{"_acf_changed":false,"footnotes":""},"class_list":["post-39937","page","type-page","status-publish","hentry"],"acf":[],"yoast_head":"<!-- This site is optimized with the Yoast SEO plugin v27.5 - https:\/\/yoast.com\/product\/yoast-seo-wordpress\/ -->\n<title>4. Oferta de venta cruzada (Dimann Flogo) - B2 | Dimann<\/title>\n<meta name=\"robots\" content=\"noindex, follow\" \/>\n<meta property=\"og:locale\" content=\"es_ES\" \/>\n<meta property=\"og:type\" content=\"article\" \/>\n<meta property=\"og:title\" content=\"4. Oferta de venta cruzada (Dimann Flogo) - B2 | Dimann\" \/>\n<meta property=\"og:description\" content=\"\u00bfSab\u00edas que&#8230; &#8230;\u00bfpuedes desconectar enseguida las molestias de la cistitis gracias a la formulaci\u00f3n de Dimann Flogo? No te preocupes, ya hemos guardado tu cesta. Para empezar a sentirte mejor desde la primera toma, \u00a1Dimann Flogo es tu segundo aliado ganador! Por eso queremos darte la oportunidad de a\u00f1adirlo a tu pedido a un precio [&hellip;]\" \/>\n<meta property=\"og:url\" content=\"https:\/\/www.dimann.com\/es\/completar-el-camino-b2\/\" \/>\n<meta property=\"og:site_name\" content=\"Dimann\" \/>\n<meta property=\"article:publisher\" content=\"https:\/\/www.facebook.com\/pg\/Dimann.cistite\/posts\/\" \/>\n<meta property=\"article:modified_time\" content=\"2025-10-15T13:53:33+00:00\" \/>\n<meta property=\"og:image\" content=\"https:\/\/www.dimann.com\/wp-content\/uploads\/2022\/11\/flogo-5.png\" \/>\n<meta name=\"twitter:card\" content=\"summary_large_image\" \/>\n<meta name=\"twitter:label1\" content=\"Tiempo de lectura\" \/>\n\t<meta name=\"twitter:data1\" content=\"1 minuto\" \/>\n<!-- \/ Yoast SEO plugin. -->","yoast_head_json":{"title":"4. Oferta de venta cruzada (Dimann Flogo) - B2 | Dimann","robots":{"index":"noindex","follow":"follow"},"og_locale":"es_ES","og_type":"article","og_title":"4. Oferta de venta cruzada (Dimann Flogo) - B2 | Dimann","og_description":"\u00bfSab\u00edas que&#8230; &#8230;\u00bfpuedes desconectar enseguida las molestias de la cistitis gracias a la formulaci\u00f3n de Dimann Flogo? No te preocupes, ya hemos guardado tu cesta. Para empezar a sentirte mejor desde la primera toma, \u00a1Dimann Flogo es tu segundo aliado ganador! Por eso queremos darte la oportunidad de a\u00f1adirlo a tu pedido a un precio [&hellip;]","og_url":"https:\/\/www.dimann.com\/es\/completar-el-camino-b2\/","og_site_name":"Dimann","article_publisher":"https:\/\/www.facebook.com\/pg\/Dimann.cistite\/posts\/","article_modified_time":"2025-10-15T13:53:33+00:00","og_image":[{"url":"https:\/\/www.dimann.com\/wp-content\/uploads\/2022\/11\/flogo-5.png","type":"","width":"","height":""}],"twitter_card":"summary_large_image","twitter_misc":{"Tiempo de lectura":"1 minuto"},"schema":{"@context":"https:\/\/schema.org","@graph":[{"@type":"WebPage","@id":"https:\/\/www.dimann.com\/es\/completar-el-camino-b2\/","url":"https:\/\/www.dimann.com\/es\/completar-el-camino-b2\/","name":"4. Oferta de venta cruzada (Dimann Flogo) - B2 | Dimann","isPartOf":{"@id":"https:\/\/www.dimann.com\/es\/#website"},"primaryImageOfPage":{"@id":"https:\/\/www.dimann.com\/es\/completar-el-camino-b2\/#primaryimage"},"image":{"@id":"https:\/\/www.dimann.com\/es\/completar-el-camino-b2\/#primaryimage"},"thumbnailUrl":"https:\/\/www.dimann.com\/wp-content\/uploads\/2022\/11\/flogo-5.png","datePublished":"2024-04-19T15:41:18+00:00","dateModified":"2025-10-15T13:53:33+00:00","inLanguage":"es","potentialAction":[{"@type":"ReadAction","target":["https:\/\/www.dimann.com\/es\/completar-el-camino-b2\/"]}]},{"@type":"ImageObject","inLanguage":"es","@id":"https:\/\/www.dimann.com\/es\/completar-el-camino-b2\/#primaryimage","url":"https:\/\/www.dimann.com\/wp-content\/uploads\/2022\/11\/flogo-5.png","contentUrl":"https:\/\/www.dimann.com\/wp-content\/uploads\/2022\/11\/flogo-5.png"},{"@type":"WebSite","@id":"https:\/\/www.dimann.com\/es\/#website","url":"https:\/\/www.dimann.com\/es\/","name":"Dimann","description":"","publisher":{"@id":"https:\/\/www.dimann.com\/es\/#organization"},"potentialAction":[{"@type":"SearchAction","target":{"@type":"EntryPoint","urlTemplate":"https:\/\/www.dimann.com\/es\/?s={search_term_string}"},"query-input":{"@type":"PropertyValueSpecification","valueRequired":true,"valueName":"search_term_string"}}],"inLanguage":"es"},{"@type":"Organization","@id":"https:\/\/www.dimann.com\/es\/#organization","name":"Dimann","url":"https:\/\/www.dimann.com\/es\/","logo":{"@type":"ImageObject","inLanguage":"es","@id":"https:\/\/www.dimann.com\/es\/#\/schema\/logo\/image\/","url":"https:\/\/www.dimann.com\/wp-content\/uploads\/2019\/07\/logo.svg","contentUrl":"https:\/\/www.dimann.com\/wp-content\/uploads\/2019\/07\/logo.svg","width":1,"height":1,"caption":"Dimann"},"image":{"@id":"https:\/\/www.dimann.com\/es\/#\/schema\/logo\/image\/"},"sameAs":["https:\/\/www.facebook.com\/pg\/Dimann.cistite\/posts\/","https:\/\/www.instagram.com\/dimann_official\/"]}]}},"_links":{"self":[{"href":"https:\/\/www.dimann.com\/es\/wp-json\/wp\/v2\/pages\/39937","targetHints":{"allow":["GET"]}}],"collection":[{"href":"https:\/\/www.dimann.com\/es\/wp-json\/wp\/v2\/pages"}],"about":[{"href":"https:\/\/www.dimann.com\/es\/wp-json\/wp\/v2\/types\/page"}],"author":[{"embeddable":true,"href":"https:\/\/www.dimann.com\/es\/wp-json\/wp\/v2\/users\/12"}],"replies":[{"embeddable":true,"href":"https:\/\/www.dimann.com\/es\/wp-json\/wp\/v2\/comments?post=39937"}],"version-history":[{"count":2,"href":"https:\/\/www.dimann.com\/es\/wp-json\/wp\/v2\/pages\/39937\/revisions"}],"predecessor-version":[{"id":58151,"href":"https:\/\/www.dimann.com\/es\/wp-json\/wp\/v2\/pages\/39937\/revisions\/58151"}],"wp:attachment":[{"href":"https:\/\/www.dimann.com\/es\/wp-json\/wp\/v2\/media?parent=39937"}],"curies":[{"name":"wp","href":"https:\/\/api.w.org\/{rel}","templated":true}]}}