{"id":39945,"date":"2024-04-19T17:49:00","date_gmt":"2024-04-19T15:49:00","guid":{"rendered":"https:\/\/www.dimann.com\/muestras-dimann\/"},"modified":"2025-10-15T15:53:24","modified_gmt":"2025-10-15T13:53:24","slug":"muestras-dimann","status":"publish","type":"page","link":"https:\/\/www.dimann.com\/es\/muestras-dimann\/","title":{"rendered":"Muestras Dimann: c\u00f3mo usar Dimann Comfort, Gel y Soft"},"content":{"rendered":"\t\t<div data-elementor-type=\"wp-post\" data-elementor-id=\"39945\" class=\"elementor elementor-39945 elementor-37469\" data-elementor-post-type=\"page\">\n\t\t\t\t\t\t<section class=\"elementor-section elementor-top-section elementor-element elementor-element-3bb8645 elementor-section-boxed elementor-section-height-default elementor-section-height-default\" data-id=\"3bb8645\" data-element_type=\"section\" data-e-type=\"section\">\n\t\t\t\t\t\t<div class=\"elementor-container elementor-column-gap-default\">\n\t\t\t\t\t<div class=\"elementor-column elementor-col-100 elementor-top-column elementor-element elementor-element-782ecb8\" data-id=\"782ecb8\" data-element_type=\"column\" data-e-type=\"column\">\n\t\t\t<div class=\"elementor-widget-wrap elementor-element-populated\">\n\t\t\t\t\t\t<div class=\"elementor-element elementor-element-83d3040 elementor-widget-mobile__width-initial elementor-widget elementor-widget-text-editor\" data-id=\"83d3040\" data-element_type=\"widget\" data-e-type=\"widget\" data-widget_type=\"text-editor.default\">\n\t\t\t\t<div class=\"elementor-widget-container\">\n\t\t\t\t\t\t\t\t\t<p><strong>Ya est\u00e1, \u00bfqu\u00e9 te ha parecido el regalito que has recibido en tu pedido de Dimann?<\/strong><br \/>Queremos darte informaci\u00f3n \u00fatil sobre los 3 productos que vas a probar o que ya has probado.<\/p>\n\t\t\t\t\t\t\t\t<\/div>\n\t\t\t\t<\/div>\n\t\t\t\t<div class=\"elementor-element elementor-element-238b89b elementor-hidden-mobile elementor-widget elementor-widget-spacer\" data-id=\"238b89b\" data-element_type=\"widget\" data-e-type=\"widget\" data-widget_type=\"spacer.default\">\n\t\t\t\t<div class=\"elementor-widget-container\">\n\t\t\t\t\t\t\t<div class=\"elementor-spacer\">\n\t\t\t<div class=\"elementor-spacer-inner\"><\/div>\n\t\t<\/div>\n\t\t\t\t\t\t<\/div>\n\t\t\t\t<\/div>\n\t\t\t\t\t<\/div>\n\t\t<\/div>\n\t\t\t\t\t<\/div>\n\t\t<\/section>\n\t\t\t\t<section class=\"elementor-section elementor-top-section elementor-element elementor-element-3a21907 elementor-section-boxed elementor-section-height-default elementor-section-height-default\" data-id=\"3a21907\" data-element_type=\"section\" data-e-type=\"section\">\n\t\t\t\t\t\t<div class=\"elementor-container elementor-column-gap-default\">\n\t\t\t\t\t<div class=\"elementor-column elementor-col-50 elementor-top-column elementor-element elementor-element-add4048\" data-id=\"add4048\" data-element_type=\"column\" data-e-type=\"column\">\n\t\t\t<div class=\"elementor-widget-wrap elementor-element-populated\">\n\t\t\t\t\t\t<div class=\"elementor-element elementor-element-628de32 elementor-widget elementor-widget-image\" data-id=\"628de32\" data-element_type=\"widget\" data-e-type=\"widget\" data-widget_type=\"image.default\">\n\t\t\t\t<div class=\"elementor-widget-container\">\n\t\t\t\t\t\t\t\t\t\t\t\t\t\t\t<img fetchpriority=\"high\" decoding=\"async\" width=\"768\" height=\"735\" src=\"https:\/\/www.dimann.com\/wp-content\/uploads\/2022\/03\/Comfort-def.png\" class=\"attachment-medium_large size-medium_large wp-image-33894\" alt=\"\" srcset=\"https:\/\/www.dimann.com\/wp-content\/uploads\/2022\/03\/Comfort-def.png 827w, https:\/\/www.dimann.com\/wp-content\/uploads\/2022\/03\/Comfort-def-120x115.png 120w, https:\/\/www.dimann.com\/wp-content\/uploads\/2022\/03\/Comfort-def-186x178.png 186w, https:\/\/www.dimann.com\/wp-content\/uploads\/2022\/03\/Comfort-def-408x390.png 408w, https:\/\/www.dimann.com\/wp-content\/uploads\/2022\/03\/Comfort-def-420x402.png 420w, https:\/\/www.dimann.com\/wp-content\/uploads\/2022\/03\/Comfort-def-700x670.png 700w, https:\/\/www.dimann.com\/wp-content\/uploads\/2022\/03\/Comfort-def-720x689.png 720w, https:\/\/www.dimann.com\/wp-content\/uploads\/2022\/03\/Comfort-def-600x574.png 600w\" sizes=\"(max-width: 768px) 100vw, 768px\" \/>\t\t\t\t\t\t\t\t\t\t\t\t\t\t\t<\/div>\n\t\t\t\t<\/div>\n\t\t\t\t<div class=\"elementor-element elementor-element-8d7c680 elementor-button-info elementor-align-center elementor-widget elementor-widget-button\" data-id=\"8d7c680\" data-element_type=\"widget\" data-e-type=\"widget\" data-widget_type=\"button.default\">\n\t\t\t\t<div class=\"elementor-widget-container\">\n\t\t\t\t\t\t\t\t\t<div class=\"elementor-button-wrapper\">\n\t\t\t\t\t<a class=\"elementor-button elementor-button-link elementor-size-md\" href=\"https:\/\/www.dimann.com\/es\/producto\/dimann-comfort\/\" target=\"_blank\">\n\t\t\t\t\t\t<span class=\"elementor-button-content-wrapper\">\n\t\t\t\t\t\t\t\t\t<span class=\"elementor-button-text\">DESCUBRE DIMANN CONFORT<\/span>\n\t\t\t\t\t<\/span>\n\t\t\t\t\t<\/a>\n\t\t\t\t<\/div>\n\t\t\t\t\t\t\t\t<\/div>\n\t\t\t\t<\/div>\n\t\t\t\t\t<\/div>\n\t\t<\/div>\n\t\t\t\t<div class=\"elementor-column elementor-col-50 elementor-top-column elementor-element elementor-element-6c6df1a\" data-id=\"6c6df1a\" data-element_type=\"column\" data-e-type=\"column\">\n\t\t\t<div class=\"elementor-widget-wrap elementor-element-populated\">\n\t\t\t\t\t\t<div class=\"elementor-element elementor-element-8544ffc elementor-widget elementor-widget-text-editor\" data-id=\"8544ffc\" data-element_type=\"widget\" data-e-type=\"widget\" data-widget_type=\"text-editor.default\">\n\t\t\t\t<div class=\"elementor-widget-container\">\n\t\t\t\t\t\t\t\t\t<p><strong>Dimann Comfort: \u00bfqu\u00e9 es?<br \/><\/strong>Hola, soy una crema \u00edntima hidratante, protectora y calmante.  <\/p>\n<p><span style=\"color: var( --e-global-color-text ); font-weight: var( --e-global-typography-text-font-weight );\">Mis ingredientes te ayudan:<\/span><\/p>\n<ul>\n<li><strong>Reduce<\/strong> el ardor, el picor y el enrojecimiento \u00edntimos;<\/li>\n<li><strong>te protegen<\/strong> de los agentes pat\u00f3genos y de las irritaciones;<\/li>\n<li><strong>Hidratar y purificar<\/strong> las mucosas \u00edntimas.<\/li>\n<\/ul>\n<p><strong>\u00bfC\u00f3mo puedes utilizarme?<br \/><\/strong>Aplica un velo de crema en los genitales externos seg\u00fan sea necesario o a diario.  <\/p>\n<p>Util\u00edzalo antes y despu\u00e9s de nadar en la piscina o en el mar.  <\/p>\n<p>Durante la menstruaci\u00f3n, son el aliado perfecto contra la irritaci\u00f3n de los tampones.  <br \/><strong><br \/>Curiosidad:<\/strong><\/p>\n<p>El nombre Confort se eligi\u00f3 para describir la sensaci\u00f3n que tienes al utilizarlo:<em> \u00a1un toque de aut\u00e9ntico confort para tus mucosas \u00edntimas!<\/em><\/p>\n<div> <\/div>\n\t\t\t\t\t\t\t\t<\/div>\n\t\t\t\t<\/div>\n\t\t\t\t\t<\/div>\n\t\t<\/div>\n\t\t\t\t\t<\/div>\n\t\t<\/section>\n\t\t\t\t<section class=\"elementor-section elementor-top-section elementor-element elementor-element-b11b6a0 elementor-section-boxed elementor-section-height-default elementor-section-height-default\" data-id=\"b11b6a0\" data-element_type=\"section\" data-e-type=\"section\">\n\t\t\t\t\t\t<div class=\"elementor-container elementor-column-gap-default\">\n\t\t\t\t\t<div class=\"elementor-column elementor-col-50 elementor-top-column elementor-element elementor-element-dcb6aa9\" data-id=\"dcb6aa9\" data-element_type=\"column\" data-e-type=\"column\">\n\t\t\t<div class=\"elementor-widget-wrap elementor-element-populated\">\n\t\t\t\t\t\t<div class=\"elementor-element elementor-element-127b74f elementor-widget elementor-widget-image\" data-id=\"127b74f\" data-element_type=\"widget\" data-e-type=\"widget\" data-widget_type=\"image.default\">\n\t\t\t\t<div class=\"elementor-widget-container\">\n\t\t\t\t\t\t\t\t\t\t\t\t\t\t\t<img decoding=\"async\" width=\"768\" height=\"672\" data-src=\"https:\/\/www.dimann.com\/wp-content\/uploads\/2019\/05\/2019-06-05-gel_front.png\" class=\"attachment-medium_large size-medium_large wp-image-28181 lazyload\" alt=\"\" data-srcset=\"https:\/\/www.dimann.com\/wp-content\/uploads\/2019\/05\/2019-06-05-gel_front.png 945w, https:\/\/www.dimann.com\/wp-content\/uploads\/2019\/05\/2019-06-05-gel_front-600x525.png 600w, https:\/\/www.dimann.com\/wp-content\/uploads\/2019\/05\/2019-06-05-gel_front-120x105.png 120w, https:\/\/www.dimann.com\/wp-content\/uploads\/2019\/05\/2019-06-05-gel_front-186x163.png 186w, https:\/\/www.dimann.com\/wp-content\/uploads\/2019\/05\/2019-06-05-gel_front-446x390.png 446w, https:\/\/www.dimann.com\/wp-content\/uploads\/2019\/05\/2019-06-05-gel_front-420x368.png 420w, https:\/\/www.dimann.com\/wp-content\/uploads\/2019\/05\/2019-06-05-gel_front-700x613.png 700w, https:\/\/www.dimann.com\/wp-content\/uploads\/2019\/05\/2019-06-05-gel_front-720x630.png 720w\" data-sizes=\"(max-width: 768px) 100vw, 768px\" src=\"data:image\/svg+xml;base64,PHN2ZyB3aWR0aD0iMSIgaGVpZ2h0PSIxIiB4bWxucz0iaHR0cDovL3d3dy53My5vcmcvMjAwMC9zdmciPjwvc3ZnPg==\" style=\"--smush-placeholder-width: 768px; --smush-placeholder-aspect-ratio: 768\/672;\" \/>\t\t\t\t\t\t\t\t\t\t\t\t\t\t\t<\/div>\n\t\t\t\t<\/div>\n\t\t\t\t<div class=\"elementor-element elementor-element-45b5811 elementor-button-info elementor-align-center elementor-widget elementor-widget-button\" data-id=\"45b5811\" data-element_type=\"widget\" data-e-type=\"widget\" data-widget_type=\"button.default\">\n\t\t\t\t<div class=\"elementor-widget-container\">\n\t\t\t\t\t\t\t\t\t<div class=\"elementor-button-wrapper\">\n\t\t\t\t\t<a class=\"elementor-button elementor-button-link elementor-size-md\" href=\"https:\/\/www.dimann.com\/es\/producto\/dimann-gel\/\" target=\"_blank\">\n\t\t\t\t\t\t<span class=\"elementor-button-content-wrapper\">\n\t\t\t\t\t\t\t\t\t<span class=\"elementor-button-text\">DESCUBRE el gel DIMANN<\/span>\n\t\t\t\t\t<\/span>\n\t\t\t\t\t<\/a>\n\t\t\t\t<\/div>\n\t\t\t\t\t\t\t\t<\/div>\n\t\t\t\t<\/div>\n\t\t\t\t\t<\/div>\n\t\t<\/div>\n\t\t\t\t<div class=\"elementor-column elementor-col-50 elementor-top-column elementor-element elementor-element-eb53d37\" data-id=\"eb53d37\" data-element_type=\"column\" data-e-type=\"column\">\n\t\t\t<div class=\"elementor-widget-wrap elementor-element-populated\">\n\t\t\t\t\t\t<div class=\"elementor-element elementor-element-72e303b elementor-widget elementor-widget-text-editor\" data-id=\"72e303b\" data-element_type=\"widget\" data-e-type=\"widget\" data-widget_type=\"text-editor.default\">\n\t\t\t\t<div class=\"elementor-widget-container\">\n\t\t\t\t\t\t\t\t\t<p><strong>Dimann Gel: \u00bfqu\u00e9 es?<\/strong><\/p>\n<p>Hola, soy un gel lubricante \u00edntimo a base de agua.<\/p>\n<p>Mis ingredientes te ayudan:<\/p>\n<ul>\n<li><strong>lubricar<\/strong> las relaciones durante mucho tiempo;<\/li>\n<li><strong>te protegen<\/strong> de los agentes pat\u00f3genos y de las irritaciones;<\/li>\n<li><strong>dificultan<\/strong> la formaci\u00f3n de microlesiones de relaci\u00f3n.<\/li>\n<\/ul>\n<p><strong>\u00bfC\u00f3mo puedes utilizarme?<\/strong><\/p>\n<p>Aplica una pel\u00edcula de gel lubricante en los genitales antes de la penetraci\u00f3n.<br \/>\u00dasame tambi\u00e9n con los instrumentos, objetos, sondas y medicamentos que se introduzcan en la vagina.<\/p>\n<p><strong>Curiosidad:<\/strong><\/p>\n<p>Combina el Gel Lubricante Dimann con Dimann Pure en las 24 h posteriores al coito para <strong>dificultar la aparici\u00f3n de la cistitis postcoital<\/strong>.<\/p>\n<div> <\/div>\n\t\t\t\t\t\t\t\t<\/div>\n\t\t\t\t<\/div>\n\t\t\t\t\t<\/div>\n\t\t<\/div>\n\t\t\t\t\t<\/div>\n\t\t<\/section>\n\t\t\t\t<section class=\"elementor-section elementor-top-section elementor-element elementor-element-dc1b192 elementor-section-boxed elementor-section-height-default elementor-section-height-default\" data-id=\"dc1b192\" data-element_type=\"section\" data-e-type=\"section\">\n\t\t\t\t\t\t<div class=\"elementor-container elementor-column-gap-default\">\n\t\t\t\t\t<div class=\"elementor-column elementor-col-50 elementor-top-column elementor-element elementor-element-9682753\" data-id=\"9682753\" data-element_type=\"column\" data-e-type=\"column\">\n\t\t\t<div class=\"elementor-widget-wrap elementor-element-populated\">\n\t\t\t\t\t\t<div class=\"elementor-element elementor-element-4be5360 elementor-widget elementor-widget-image\" data-id=\"4be5360\" data-element_type=\"widget\" data-e-type=\"widget\" data-widget_type=\"image.default\">\n\t\t\t\t<div class=\"elementor-widget-container\">\n\t\t\t\t\t\t\t\t\t\t\t\t\t\t\t<img decoding=\"async\" width=\"768\" height=\"735\" data-src=\"https:\/\/www.dimann.com\/wp-content\/uploads\/2022\/05\/Soft-def.png\" class=\"attachment-medium_large size-medium_large wp-image-33899 lazyload\" alt=\"\" data-srcset=\"https:\/\/www.dimann.com\/wp-content\/uploads\/2022\/05\/Soft-def.png 827w, https:\/\/www.dimann.com\/wp-content\/uploads\/2022\/05\/Soft-def-120x115.png 120w, https:\/\/www.dimann.com\/wp-content\/uploads\/2022\/05\/Soft-def-186x178.png 186w, https:\/\/www.dimann.com\/wp-content\/uploads\/2022\/05\/Soft-def-408x390.png 408w, https:\/\/www.dimann.com\/wp-content\/uploads\/2022\/05\/Soft-def-420x402.png 420w, https:\/\/www.dimann.com\/wp-content\/uploads\/2022\/05\/Soft-def-700x670.png 700w, https:\/\/www.dimann.com\/wp-content\/uploads\/2022\/05\/Soft-def-720x689.png 720w, https:\/\/www.dimann.com\/wp-content\/uploads\/2022\/05\/Soft-def-600x574.png 600w\" data-sizes=\"(max-width: 768px) 100vw, 768px\" src=\"data:image\/svg+xml;base64,PHN2ZyB3aWR0aD0iMSIgaGVpZ2h0PSIxIiB4bWxucz0iaHR0cDovL3d3dy53My5vcmcvMjAwMC9zdmciPjwvc3ZnPg==\" style=\"--smush-placeholder-width: 768px; --smush-placeholder-aspect-ratio: 768\/735;\" \/>\t\t\t\t\t\t\t\t\t\t\t\t\t\t\t<\/div>\n\t\t\t\t<\/div>\n\t\t\t\t<div class=\"elementor-element elementor-element-6961256 elementor-button-info elementor-align-center elementor-widget elementor-widget-button\" data-id=\"6961256\" data-element_type=\"widget\" data-e-type=\"widget\" data-widget_type=\"button.default\">\n\t\t\t\t<div class=\"elementor-widget-container\">\n\t\t\t\t\t\t\t\t\t<div class=\"elementor-button-wrapper\">\n\t\t\t\t\t<a class=\"elementor-button elementor-button-link elementor-size-md\" href=\"https:\/\/www.dimann.com\/es\/producto\/dimann-soft\/\" target=\"_blank\">\n\t\t\t\t\t\t<span class=\"elementor-button-content-wrapper\">\n\t\t\t\t\t\t\t\t\t<span class=\"elementor-button-text\">DESCUBRE DIMANN SOFT<\/span>\n\t\t\t\t\t<\/span>\n\t\t\t\t\t<\/a>\n\t\t\t\t<\/div>\n\t\t\t\t\t\t\t\t<\/div>\n\t\t\t\t<\/div>\n\t\t\t\t\t<\/div>\n\t\t<\/div>\n\t\t\t\t<div class=\"elementor-column elementor-col-50 elementor-top-column elementor-element elementor-element-f96b1db\" data-id=\"f96b1db\" data-element_type=\"column\" data-e-type=\"column\">\n\t\t\t<div class=\"elementor-widget-wrap elementor-element-populated\">\n\t\t\t\t\t\t<div class=\"elementor-element elementor-element-17473d0 elementor-widget elementor-widget-text-editor\" data-id=\"17473d0\" data-element_type=\"widget\" data-e-type=\"widget\" data-widget_type=\"text-editor.default\">\n\t\t\t\t<div class=\"elementor-widget-container\">\n\t\t\t\t\t\t\t\t\t<p><strong>Dimann Soft: \u00bfqu\u00e9 es?<\/strong><\/p>\n<p>Hola, soy un limpiador \u00edntimo suave, calmante y protector.<\/p>\n<p>Mis ingredientes te ayudan:<\/p>\n<ul>\n<li><strong>Limpiar, hidratar y regenerar<\/strong> las mucosas \u00edntimas;<\/li>\n<li><strong>encontrar alivio<\/strong> a las molestias \u00edntimas;<\/li>\n<li><strong>estimular<\/strong> las defensas inmunitarias naturales.<\/li>\n<\/ul>\n<p><strong>\u00bfC\u00f3mo puedes utilizarme?<\/strong><\/p>\n<p>Utiliza una nuez de producto de higiene \u00edntima 1-2 veces al d\u00eda con agua tibia.<br \/>\u00dasame despu\u00e9s de cada evacuaci\u00f3n en la zona anal.<\/p>\n<p><strong> <\/strong><\/p>\n<p><strong><br \/>Curiosidad:<\/strong><\/p>\n<p>Dimann Soft tiene un pH 5 y contiene ingredientes que respetan las mucosas \u00edntimas m\u00e1s sensibles.<\/p>\n<p>Su formulaci\u00f3n se desarroll\u00f3 en colaboraci\u00f3n con un grupo de clientes de Dimann para crear el mejor limpiador \u00edntimo para enfermos de cistitis.<\/p>\n\t\t\t\t\t\t\t\t<\/div>\n\t\t\t\t<\/div>\n\t\t\t\t\t<\/div>\n\t\t<\/div>\n\t\t\t\t\t<\/div>\n\t\t<\/section>\n\t\t\t\t<\/div>\n\t\t","protected":false},"excerpt":{"rendered":"<p>Ya est\u00e1, \u00bfqu\u00e9 te ha parecido el regalito que has recibido en tu pedido de Dimann?Queremos darte informaci\u00f3n \u00fatil sobre los 3 productos que vas a probar o que ya has probado. DESCUBRE DIMANN CONFORT Dimann Comfort: \u00bfqu\u00e9 es?Hola, soy una crema \u00edntima hidratante, protectora y calmante. Mis ingredientes te ayudan: Reduce el ardor, el [&hellip;]<\/p>\n","protected":false},"author":4,"featured_media":0,"parent":0,"menu_order":0,"comment_status":"closed","ping_status":"closed","template":"page-basic.php","meta":{"_acf_changed":false,"footnotes":""},"class_list":["post-39945","page","type-page","status-publish","hentry"],"acf":[],"yoast_head":"<!-- This site is optimized with the Yoast SEO plugin v27.5 - https:\/\/yoast.com\/product\/yoast-seo-wordpress\/ -->\n<title>Muestras Dimann: c\u00f3mo usar Dimann Comfort, Gel y Soft | Dimann<\/title>\n<meta name=\"robots\" content=\"index, follow, max-snippet:-1, max-image-preview:large, max-video-preview:-1\" \/>\n<link rel=\"canonical\" href=\"https:\/\/www.dimann.com\/es\/muestras-dimann\/\" \/>\n<meta property=\"og:locale\" content=\"es_ES\" \/>\n<meta property=\"og:type\" content=\"article\" \/>\n<meta property=\"og:title\" content=\"Muestras Dimann: c\u00f3mo usar Dimann Comfort, Gel y Soft | Dimann\" \/>\n<meta property=\"og:description\" content=\"Ya est\u00e1, \u00bfqu\u00e9 te ha parecido el regalito que has recibido en tu pedido de Dimann?Queremos darte informaci\u00f3n \u00fatil sobre los 3 productos que vas a probar o que ya has probado. DESCUBRE DIMANN CONFORT Dimann Comfort: \u00bfqu\u00e9 es?Hola, soy una crema \u00edntima hidratante, protectora y calmante. Mis ingredientes te ayudan: Reduce el ardor, el [&hellip;]\" \/>\n<meta property=\"og:url\" content=\"https:\/\/www.dimann.com\/es\/muestras-dimann\/\" \/>\n<meta property=\"og:site_name\" content=\"Dimann\" \/>\n<meta property=\"article:publisher\" content=\"https:\/\/www.facebook.com\/pg\/Dimann.cistite\/posts\/\" \/>\n<meta property=\"article:modified_time\" content=\"2025-10-15T13:53:24+00:00\" \/>\n<meta property=\"og:image\" content=\"https:\/\/www.dimann.com\/wp-content\/uploads\/2022\/03\/Comfort-def.png\" \/>\n<meta name=\"twitter:card\" content=\"summary_large_image\" \/>\n<meta name=\"twitter:label1\" content=\"Tiempo de lectura\" \/>\n\t<meta name=\"twitter:data1\" content=\"3 minutos\" \/>\n<!-- \/ Yoast SEO plugin. -->","yoast_head_json":{"title":"Muestras Dimann: c\u00f3mo usar Dimann Comfort, Gel y Soft | Dimann","robots":{"index":"index","follow":"follow","max-snippet":"max-snippet:-1","max-image-preview":"max-image-preview:large","max-video-preview":"max-video-preview:-1"},"canonical":"https:\/\/www.dimann.com\/es\/muestras-dimann\/","og_locale":"es_ES","og_type":"article","og_title":"Muestras Dimann: c\u00f3mo usar Dimann Comfort, Gel y Soft | Dimann","og_description":"Ya est\u00e1, \u00bfqu\u00e9 te ha parecido el regalito que has recibido en tu pedido de Dimann?Queremos darte informaci\u00f3n \u00fatil sobre los 3 productos que vas a probar o que ya has probado. DESCUBRE DIMANN CONFORT Dimann Comfort: \u00bfqu\u00e9 es?Hola, soy una crema \u00edntima hidratante, protectora y calmante. Mis ingredientes te ayudan: Reduce el ardor, el [&hellip;]","og_url":"https:\/\/www.dimann.com\/es\/muestras-dimann\/","og_site_name":"Dimann","article_publisher":"https:\/\/www.facebook.com\/pg\/Dimann.cistite\/posts\/","article_modified_time":"2025-10-15T13:53:24+00:00","og_image":[{"url":"https:\/\/www.dimann.com\/wp-content\/uploads\/2022\/03\/Comfort-def.png","type":"","width":"","height":""}],"twitter_card":"summary_large_image","twitter_misc":{"Tiempo de lectura":"3 minutos"},"schema":{"@context":"https:\/\/schema.org","@graph":[{"@type":"WebPage","@id":"https:\/\/www.dimann.com\/es\/muestras-dimann\/","url":"https:\/\/www.dimann.com\/es\/muestras-dimann\/","name":"Muestras Dimann: c\u00f3mo usar Dimann Comfort, Gel y Soft | Dimann","isPartOf":{"@id":"https:\/\/www.dimann.com\/es\/#website"},"primaryImageOfPage":{"@id":"https:\/\/www.dimann.com\/es\/muestras-dimann\/#primaryimage"},"image":{"@id":"https:\/\/www.dimann.com\/es\/muestras-dimann\/#primaryimage"},"thumbnailUrl":"https:\/\/www.dimann.com\/wp-content\/uploads\/2022\/03\/Comfort-def.png","datePublished":"2024-04-19T15:49:00+00:00","dateModified":"2025-10-15T13:53:24+00:00","inLanguage":"es","potentialAction":[{"@type":"ReadAction","target":["https:\/\/www.dimann.com\/es\/muestras-dimann\/"]}]},{"@type":"ImageObject","inLanguage":"es","@id":"https:\/\/www.dimann.com\/es\/muestras-dimann\/#primaryimage","url":"https:\/\/www.dimann.com\/wp-content\/uploads\/2022\/03\/Comfort-def.png","contentUrl":"https:\/\/www.dimann.com\/wp-content\/uploads\/2022\/03\/Comfort-def.png"},{"@type":"WebSite","@id":"https:\/\/www.dimann.com\/es\/#website","url":"https:\/\/www.dimann.com\/es\/","name":"Dimann","description":"","publisher":{"@id":"https:\/\/www.dimann.com\/es\/#organization"},"potentialAction":[{"@type":"SearchAction","target":{"@type":"EntryPoint","urlTemplate":"https:\/\/www.dimann.com\/es\/?s={search_term_string}"},"query-input":{"@type":"PropertyValueSpecification","valueRequired":true,"valueName":"search_term_string"}}],"inLanguage":"es"},{"@type":"Organization","@id":"https:\/\/www.dimann.com\/es\/#organization","name":"Dimann","url":"https:\/\/www.dimann.com\/es\/","logo":{"@type":"ImageObject","inLanguage":"es","@id":"https:\/\/www.dimann.com\/es\/#\/schema\/logo\/image\/","url":"https:\/\/www.dimann.com\/wp-content\/uploads\/2019\/07\/logo.svg","contentUrl":"https:\/\/www.dimann.com\/wp-content\/uploads\/2019\/07\/logo.svg","width":1,"height":1,"caption":"Dimann"},"image":{"@id":"https:\/\/www.dimann.com\/es\/#\/schema\/logo\/image\/"},"sameAs":["https:\/\/www.facebook.com\/pg\/Dimann.cistite\/posts\/","https:\/\/www.instagram.com\/dimann_official\/"]}]}},"_links":{"self":[{"href":"https:\/\/www.dimann.com\/es\/wp-json\/wp\/v2\/pages\/39945","targetHints":{"allow":["GET"]}}],"collection":[{"href":"https:\/\/www.dimann.com\/es\/wp-json\/wp\/v2\/pages"}],"about":[{"href":"https:\/\/www.dimann.com\/es\/wp-json\/wp\/v2\/types\/page"}],"author":[{"embeddable":true,"href":"https:\/\/www.dimann.com\/es\/wp-json\/wp\/v2\/users\/4"}],"replies":[{"embeddable":true,"href":"https:\/\/www.dimann.com\/es\/wp-json\/wp\/v2\/comments?post=39945"}],"version-history":[{"count":5,"href":"https:\/\/www.dimann.com\/es\/wp-json\/wp\/v2\/pages\/39945\/revisions"}],"predecessor-version":[{"id":58148,"href":"https:\/\/www.dimann.com\/es\/wp-json\/wp\/v2\/pages\/39945\/revisions\/58148"}],"wp:attachment":[{"href":"https:\/\/www.dimann.com\/es\/wp-json\/wp\/v2\/media?parent=39945"}],"curies":[{"name":"wp","href":"https:\/\/api.w.org\/{rel}","templated":true}]}}