{"id":30652,"date":"2021-05-18T17:47:14","date_gmt":"2021-05-18T15:47:14","guid":{"rendered":"https:\/\/www.dimann.com\/la-cystite\/"},"modified":"2025-10-15T15:57:58","modified_gmt":"2025-10-15T13:57:58","slug":"la-cystite","status":"publish","type":"page","link":"https:\/\/www.dimann.com\/fr\/la-cystite\/","title":{"rendered":"Cystite chez la femme : causes, sympt\u00f4mes et risques"},"content":{"rendered":"<p class=\"p1\"><span class=\"s1\">La cystite est une<b>inflammation<\/b> de la paroi de la vessie, souvent caus\u00e9e par une infection des voies urinaires.<br \/>\n<\/span><\/p>\n<p class=\"p1\"><span class=\"s1\">La plupart des cas d&rsquo;infection sont caus\u00e9s par des <b>bact\u00e9ries<\/b> de l&rsquo;intestin. <\/span><\/p>\n<p class=\"p1\"><span class=\"s1\">La cystite touche le plus souvent les<b> femmes<\/b>, du jeune \u00e2ge \u00e0 la maturit\u00e9, en fonction de diff\u00e9rents facteurs d\u00e9clenchants.<br \/>\n<b><\/b><\/span><\/p>\n<p class=\"p1\"><span class=\"s1\"><b>Si elle n&rsquo;est pas trait\u00e9e correctement<\/b>, elle a tendance \u00e0 devenir chronique.<\/span><\/p>\n<div class=\"sintomi-desktop\">\n<p>SYMPT\u00d4MES<\/p>\n<ul>\n<li class=\"li1\"><span class=\"s2\">Besoin urgent et irr\u00e9pressible d&rsquo;uriner.<\/span><\/li>\n<li class=\"li1\"><span class=\"s2\">Mictions douloureuses et \u00ab\u00a0goutte \u00e0 goutte\u00a0\u00bb.<\/span><\/li>\n<li class=\"li1\"><span class=\"s2\">Br\u00fblure persistante<\/span><\/li>\n<li class=\"li1\"><span class=\"s2\">Sensation de vessie lourde <\/span><\/li>\n<li class=\"li1\"><span class=\"s2\">Sensation de vidange incompl\u00e8te de la vessie<\/span><\/li>\n<li class=\"li1\"><span class=\"s2\">Urine trouble et malodorante<\/span><\/li>\n<li class=\"li1\"><span class=\"s2\">Douleurs et crampes dans le bas de l&rsquo;abdomen<\/span><\/li>\n<li class=\"li1\"><span class=\"s2\">Parfois, pr\u00e9sence de sang dans les urines<\/span><\/li>\n<\/ul>\n<\/div>\n","protected":false},"excerpt":{"rendered":"<p>La cystite est uneinflammation de la paroi de la vessie, souvent caus\u00e9e par une infection des voies urinaires. La plupart des cas d&rsquo;infection sont caus\u00e9s par des bact\u00e9ries de l&rsquo;intestin. La cystite touche le plus souvent les femmes, du jeune \u00e2ge \u00e0 la maturit\u00e9, en fonction de diff\u00e9rents facteurs d\u00e9clenchants. Si elle n&rsquo;est pas trait\u00e9e [&hellip;]<\/p>\n","protected":false},"author":3,"featured_media":0,"parent":0,"menu_order":0,"comment_status":"closed","ping_status":"closed","template":"","meta":{"footnotes":""},"class_list":["post-30652","page","type-page","status-publish","hentry"],"acf":[],"yoast_head":"<!-- This site is optimized with the Yoast SEO plugin v27.5 - https:\/\/yoast.com\/product\/yoast-seo-wordpress\/ -->\n<title>Cystite : causes, sympt\u00f4mes et rem\u00e8des naturels<\/title>\n<meta name=\"description\" content=\"Qu&#039;est-ce que la cystite, quelles sont les causes et les sympt\u00f4mes typiques, quels sont les rem\u00e8des pour traiter la cystite.\" \/>\n<meta name=\"robots\" content=\"index, follow, max-snippet:-1, max-image-preview:large, max-video-preview:-1\" \/>\n<link rel=\"canonical\" href=\"https:\/\/www.dimann.com\/fr\/la-cystite\/\" \/>\n<meta property=\"og:locale\" content=\"fr_FR\" \/>\n<meta property=\"og:type\" content=\"article\" \/>\n<meta property=\"og:title\" content=\"Cystite : causes, sympt\u00f4mes et rem\u00e8des naturels\" \/>\n<meta property=\"og:description\" content=\"Qu&#039;est-ce que la cystite, quelles sont les causes et les sympt\u00f4mes typiques, quels sont les rem\u00e8des pour traiter la cystite.\" \/>\n<meta property=\"og:url\" content=\"https:\/\/www.dimann.com\/fr\/la-cystite\/\" \/>\n<meta property=\"og:site_name\" content=\"Dimann\" \/>\n<meta property=\"article:publisher\" content=\"https:\/\/www.facebook.com\/pg\/Dimann.cistite\/posts\/\" \/>\n<meta property=\"article:modified_time\" content=\"2025-10-15T13:57:58+00:00\" \/>\n<meta property=\"og:image\" content=\"http:\/\/default\" \/>\n<meta name=\"twitter:card\" content=\"summary_large_image\" \/>\n<meta name=\"twitter:label1\" content=\"Dur\u00e9e de lecture estim\u00e9e\" \/>\n\t<meta name=\"twitter:data1\" content=\"1 minute\" \/>\n<!-- \/ Yoast SEO plugin. -->","yoast_head_json":{"title":"Cystite : causes, sympt\u00f4mes et rem\u00e8des naturels","description":"Qu'est-ce que la cystite, quelles sont les causes et les sympt\u00f4mes typiques, quels sont les rem\u00e8des pour traiter la cystite.","robots":{"index":"index","follow":"follow","max-snippet":"max-snippet:-1","max-image-preview":"max-image-preview:large","max-video-preview":"max-video-preview:-1"},"canonical":"https:\/\/www.dimann.com\/fr\/la-cystite\/","og_locale":"fr_FR","og_type":"article","og_title":"Cystite : causes, sympt\u00f4mes et rem\u00e8des naturels","og_description":"Qu'est-ce que la cystite, quelles sont les causes et les sympt\u00f4mes typiques, quels sont les rem\u00e8des pour traiter la cystite.","og_url":"https:\/\/www.dimann.com\/fr\/la-cystite\/","og_site_name":"Dimann","article_publisher":"https:\/\/www.facebook.com\/pg\/Dimann.cistite\/posts\/","article_modified_time":"2025-10-15T13:57:58+00:00","og_image":[{"url":"default","type":"","width":"","height":""}],"twitter_card":"summary_large_image","twitter_misc":{"Dur\u00e9e de lecture estim\u00e9e":"1 minute"},"schema":{"@context":"https:\/\/schema.org","@graph":[{"@type":"WebPage","@id":"https:\/\/www.dimann.com\/fr\/la-cystite\/","url":"https:\/\/www.dimann.com\/fr\/la-cystite\/","name":"Cystite : causes, sympt\u00f4mes et rem\u00e8des naturels","isPartOf":{"@id":"https:\/\/www.dimann.com\/fr\/#website"},"datePublished":"2021-05-18T15:47:14+00:00","dateModified":"2025-10-15T13:57:58+00:00","description":"Qu'est-ce que la cystite, quelles sont les causes et les sympt\u00f4mes typiques, quels sont les rem\u00e8des pour traiter la cystite.","inLanguage":"fr-FR","potentialAction":[{"@type":"ReadAction","target":["https:\/\/www.dimann.com\/fr\/la-cystite\/"]}]},{"@type":"WebSite","@id":"https:\/\/www.dimann.com\/fr\/#website","url":"https:\/\/www.dimann.com\/fr\/","name":"Dimann","description":"","publisher":{"@id":"https:\/\/www.dimann.com\/fr\/#organization"},"potentialAction":[{"@type":"SearchAction","target":{"@type":"EntryPoint","urlTemplate":"https:\/\/www.dimann.com\/fr\/?s={search_term_string}"},"query-input":{"@type":"PropertyValueSpecification","valueRequired":true,"valueName":"search_term_string"}}],"inLanguage":"fr-FR"},{"@type":"Organization","@id":"https:\/\/www.dimann.com\/fr\/#organization","name":"Dimann","url":"https:\/\/www.dimann.com\/fr\/","logo":{"@type":"ImageObject","inLanguage":"fr-FR","@id":"https:\/\/www.dimann.com\/fr\/#\/schema\/logo\/image\/","url":"https:\/\/www.dimann.com\/wp-content\/uploads\/2019\/07\/logo.svg","contentUrl":"https:\/\/www.dimann.com\/wp-content\/uploads\/2019\/07\/logo.svg","width":1,"height":1,"caption":"Dimann"},"image":{"@id":"https:\/\/www.dimann.com\/fr\/#\/schema\/logo\/image\/"},"sameAs":["https:\/\/www.facebook.com\/pg\/Dimann.cistite\/posts\/","https:\/\/www.instagram.com\/dimann_official\/"]}]}},"_links":{"self":[{"href":"https:\/\/www.dimann.com\/fr\/wp-json\/wp\/v2\/pages\/30652","targetHints":{"allow":["GET"]}}],"collection":[{"href":"https:\/\/www.dimann.com\/fr\/wp-json\/wp\/v2\/pages"}],"about":[{"href":"https:\/\/www.dimann.com\/fr\/wp-json\/wp\/v2\/types\/page"}],"author":[{"embeddable":true,"href":"https:\/\/www.dimann.com\/fr\/wp-json\/wp\/v2\/users\/3"}],"replies":[{"embeddable":true,"href":"https:\/\/www.dimann.com\/fr\/wp-json\/wp\/v2\/comments?post=30652"}],"version-history":[{"count":7,"href":"https:\/\/www.dimann.com\/fr\/wp-json\/wp\/v2\/pages\/30652\/revisions"}],"predecessor-version":[{"id":58226,"href":"https:\/\/www.dimann.com\/fr\/wp-json\/wp\/v2\/pages\/30652\/revisions\/58226"}],"wp:attachment":[{"href":"https:\/\/www.dimann.com\/fr\/wp-json\/wp\/v2\/media?parent=30652"}],"curies":[{"name":"wp","href":"https:\/\/api.w.org\/{rel}","templated":true}]}}