{"id":46935,"date":"2025-03-24T09:53:59","date_gmt":"2025-03-24T08:53:59","guid":{"rendered":"https:\/\/www.dimann.com\/il-d-mannosio\/"},"modified":"2025-10-21T14:39:14","modified_gmt":"2025-10-21T12:39:14","slug":"d-mannoza","status":"publish","type":"page","link":"https:\/\/www.dimann.com\/pl\/d-mannoza\/","title":{"rendered":"D-mannoza z kory brzozy: co to jest i pochodzenie"},"content":{"rendered":"<p class=\"p1\"><span class=\"s1\">D-mannoza (mannoza w\u0142a\u015bciwa) jest cukrem prostym lub monosacharydem, pozyskiwanym naturalnie z kory drzew li\u015bciastych.<\/span><\/p>\n<p class=\"p1\"><span class=\"s1\">D-mannoza zawarta w produktach Dimann jest pozyskiwana z kory brzozy, najczystszego i najwy\u017cszej jako\u015bci \u017ar\u00f3d\u0142a.<\/span><\/p>\n","protected":false},"excerpt":{"rendered":"<p>D-mannoza (mannoza w\u0142a\u015bciwa) jest cukrem prostym lub monosacharydem, pozyskiwanym naturalnie z kory drzew li\u015bciastych. D-mannoza zawarta w produktach Dimann jest pozyskiwana z kory brzozy, najczystszego i najwy\u017cszej jako\u015bci \u017ar\u00f3d\u0142a.<\/p>\n","protected":false},"author":3,"featured_media":0,"parent":0,"menu_order":0,"comment_status":"closed","ping_status":"closed","template":"","meta":{"_acf_changed":false,"footnotes":""},"class_list":["post-46935","page","type-page","status-publish","hentry"],"acf":[],"yoast_head":"<!-- This site is optimized with the Yoast SEO plugin v27.5 - https:\/\/yoast.com\/product\/yoast-seo-wordpress\/ -->\n<title>D-Mannoza: wszystko, co musisz wiedzie\u0107<\/title>\n<meta name=\"description\" content=\"D-mannose Pure, cukier prosty usuwaj\u0105cy bakterie z p\u0119cherza moczowego. D-mannose Puro leczy i zapobiega zapaleniu p\u0119cherza moczowego. Odkryj jego w\u0142a\u015bciwo\u015bci.\" \/>\n<meta name=\"robots\" content=\"index, follow, max-snippet:-1, max-image-preview:large, max-video-preview:-1\" \/>\n<link rel=\"canonical\" href=\"https:\/\/www.dimann.com\/pl\/d-mannoza\/\" \/>\n<meta property=\"og:locale\" content=\"pl_PL\" \/>\n<meta property=\"og:type\" content=\"article\" \/>\n<meta property=\"og:title\" content=\"D-Mannoza: wszystko, co musisz wiedzie\u0107\" \/>\n<meta property=\"og:description\" content=\"D-mannose Pure, cukier prosty usuwaj\u0105cy bakterie z p\u0119cherza moczowego. D-mannose Puro leczy i zapobiega zapaleniu p\u0119cherza moczowego. Odkryj jego w\u0142a\u015bciwo\u015bci.\" \/>\n<meta property=\"og:url\" content=\"https:\/\/www.dimann.com\/pl\/d-mannoza\/\" \/>\n<meta property=\"og:site_name\" content=\"Dimann\" \/>\n<meta property=\"article:publisher\" content=\"https:\/\/www.facebook.com\/pg\/Dimann.cistite\/posts\/\" \/>\n<meta property=\"article:modified_time\" content=\"2025-10-21T12:39:14+00:00\" \/>\n<meta property=\"og:image\" content=\"http:\/\/default\" \/>\n<meta name=\"twitter:card\" content=\"summary_large_image\" \/>\n<meta name=\"twitter:label1\" content=\"Szacowany czas czytania\" \/>\n\t<meta name=\"twitter:data1\" content=\"1 minuta\" \/>\n<!-- \/ Yoast SEO plugin. -->","yoast_head_json":{"title":"D-Mannoza: wszystko, co musisz wiedzie\u0107","description":"D-mannose Pure, cukier prosty usuwaj\u0105cy bakterie z p\u0119cherza moczowego. D-mannose Puro leczy i zapobiega zapaleniu p\u0119cherza moczowego. Odkryj jego w\u0142a\u015bciwo\u015bci.","robots":{"index":"index","follow":"follow","max-snippet":"max-snippet:-1","max-image-preview":"max-image-preview:large","max-video-preview":"max-video-preview:-1"},"canonical":"https:\/\/www.dimann.com\/pl\/d-mannoza\/","og_locale":"pl_PL","og_type":"article","og_title":"D-Mannoza: wszystko, co musisz wiedzie\u0107","og_description":"D-mannose Pure, cukier prosty usuwaj\u0105cy bakterie z p\u0119cherza moczowego. D-mannose Puro leczy i zapobiega zapaleniu p\u0119cherza moczowego. Odkryj jego w\u0142a\u015bciwo\u015bci.","og_url":"https:\/\/www.dimann.com\/pl\/d-mannoza\/","og_site_name":"Dimann","article_publisher":"https:\/\/www.facebook.com\/pg\/Dimann.cistite\/posts\/","article_modified_time":"2025-10-21T12:39:14+00:00","og_image":[{"url":"default","type":"","width":"","height":""}],"twitter_card":"summary_large_image","twitter_misc":{"Szacowany czas czytania":"1 minuta"},"schema":{"@context":"https:\/\/schema.org","@graph":[{"@type":"WebPage","@id":"https:\/\/www.dimann.com\/pl\/d-mannoza\/","url":"https:\/\/www.dimann.com\/pl\/d-mannoza\/","name":"D-Mannoza: wszystko, co musisz wiedzie\u0107","isPartOf":{"@id":"https:\/\/www.dimann.com\/pl\/#website"},"datePublished":"2025-03-24T08:53:59+00:00","dateModified":"2025-10-21T12:39:14+00:00","description":"D-mannose Pure, cukier prosty usuwaj\u0105cy bakterie z p\u0119cherza moczowego. D-mannose Puro leczy i zapobiega zapaleniu p\u0119cherza moczowego. Odkryj jego w\u0142a\u015bciwo\u015bci.","inLanguage":"pl-PL","potentialAction":[{"@type":"ReadAction","target":["https:\/\/www.dimann.com\/pl\/d-mannoza\/"]}]},{"@type":"WebSite","@id":"https:\/\/www.dimann.com\/pl\/#website","url":"https:\/\/www.dimann.com\/pl\/","name":"Dimann","description":"","publisher":{"@id":"https:\/\/www.dimann.com\/pl\/#organization"},"potentialAction":[{"@type":"SearchAction","target":{"@type":"EntryPoint","urlTemplate":"https:\/\/www.dimann.com\/pl\/?s={search_term_string}"},"query-input":{"@type":"PropertyValueSpecification","valueRequired":true,"valueName":"search_term_string"}}],"inLanguage":"pl-PL"},{"@type":"Organization","@id":"https:\/\/www.dimann.com\/pl\/#organization","name":"Dimann","url":"https:\/\/www.dimann.com\/pl\/","logo":{"@type":"ImageObject","inLanguage":"pl-PL","@id":"https:\/\/www.dimann.com\/pl\/#\/schema\/logo\/image\/","url":"https:\/\/www.dimann.com\/wp-content\/uploads\/2019\/07\/logo.svg","contentUrl":"https:\/\/www.dimann.com\/wp-content\/uploads\/2019\/07\/logo.svg","width":1,"height":1,"caption":"Dimann"},"image":{"@id":"https:\/\/www.dimann.com\/pl\/#\/schema\/logo\/image\/"},"sameAs":["https:\/\/www.facebook.com\/pg\/Dimann.cistite\/posts\/","https:\/\/www.instagram.com\/dimann_official\/"]}]}},"_links":{"self":[{"href":"https:\/\/www.dimann.com\/pl\/wp-json\/wp\/v2\/pages\/46935","targetHints":{"allow":["GET"]}}],"collection":[{"href":"https:\/\/www.dimann.com\/pl\/wp-json\/wp\/v2\/pages"}],"about":[{"href":"https:\/\/www.dimann.com\/pl\/wp-json\/wp\/v2\/types\/page"}],"author":[{"embeddable":true,"href":"https:\/\/www.dimann.com\/pl\/wp-json\/wp\/v2\/users\/3"}],"replies":[{"embeddable":true,"href":"https:\/\/www.dimann.com\/pl\/wp-json\/wp\/v2\/comments?post=46935"}],"version-history":[{"count":3,"href":"https:\/\/www.dimann.com\/pl\/wp-json\/wp\/v2\/pages\/46935\/revisions"}],"predecessor-version":[{"id":58623,"href":"https:\/\/www.dimann.com\/pl\/wp-json\/wp\/v2\/pages\/46935\/revisions\/58623"}],"wp:attachment":[{"href":"https:\/\/www.dimann.com\/pl\/wp-json\/wp\/v2\/media?parent=46935"}],"curies":[{"name":"wp","href":"https:\/\/api.w.org\/{rel}","templated":true}]}}