{"id":46988,"date":"2025-03-24T09:54:40","date_gmt":"2025-03-24T08:54:40","guid":{"rendered":"https:\/\/www.dimann.com\/la-cistite\/"},"modified":"2025-10-21T14:36:55","modified_gmt":"2025-10-21T12:36:55","slug":"zapalenie-pecherza-moczowego","status":"publish","type":"page","link":"https:\/\/www.dimann.com\/pl\/zapalenie-pecherza-moczowego\/","title":{"rendered":"Zapalenie p\u0119cherza moczowego: przyczyny i objawy u kobiet"},"content":{"rendered":"<p class=\"p1\"><span class=\"s1\">Zapalenie p\u0119cherza moczowego to<b>stan zapalny<\/b> \u015bciany p\u0119cherza moczowego, cz\u0119sto spowodowany infekcj\u0105 dr\u00f3g moczowych.<br \/>\n<\/span><\/p>\n<p class=\"p1\"><span class=\"s1\">Wi\u0119kszo\u015b\u0107 przypadk\u00f3w infekcji jest wywo\u0142ywana przez <b>bakterie<\/b> jelitowe. <\/span><\/p>\n<p class=\"p1\"><span class=\"s1\">Zapalenie p\u0119cherza moczowego najcz\u0119\u015bciej dotyka<b> kobiety<\/b>, od m\u0142odego wieku do doros\u0142o\u015bci, w zale\u017cno\u015bci od r\u00f3\u017cnych czynnik\u00f3w wyzwalaj\u0105cych.<br \/>\n<b><\/b><\/span><\/p>\n<p class=\"p1\"><span class=\"s1\"><b>Je\u015bli nie jest odpowiednio leczona<\/b>, ma tendencj\u0119 do stawania si\u0119 przewlek\u0142\u0105.<\/span><\/p>\n<div class=\"sintomi-desktop\">\n<p>OBJAWY<\/p>\n<ul>\n<li class=\"li1\"><span class=\"s2\">Nag\u0142a i niepowstrzymana potrzeba oddania moczu<\/span><\/li>\n<li class=\"li1\"><span class=\"s2\">Bolesne i kropelkowe oddawanie moczu<\/span><\/li>\n<li class=\"li1\"><span class=\"s2\">Uporczywe pieczenie<\/span><\/li>\n<li class=\"li1\"><span class=\"s2\">Uczucie ci\u0119\u017cko\u015bci p\u0119cherza <\/span><\/li>\n<li class=\"li1\"><span class=\"s2\">Poczucie niepe\u0142nego opr\u00f3\u017cnienia p\u0119cherza moczowego<\/span><\/li>\n<li class=\"li1\"><span class=\"s2\">M\u0119tny, cuchn\u0105cy mocz<\/span><\/li>\n<li class=\"li1\"><span class=\"s2\">B\u00f3l i skurcze w dolnej cz\u0119\u015bci brzucha<\/span><\/li>\n<li class=\"li1\"><span class=\"s2\">Czasami obecno\u015b\u0107 krwi w moczu<\/span><\/li>\n<\/ul>\n<\/div>\n","protected":false},"excerpt":{"rendered":"<p>Zapalenie p\u0119cherza moczowego tostan zapalny \u015bciany p\u0119cherza moczowego, cz\u0119sto spowodowany infekcj\u0105 dr\u00f3g moczowych. Wi\u0119kszo\u015b\u0107 przypadk\u00f3w infekcji jest wywo\u0142ywana przez bakterie jelitowe. Zapalenie p\u0119cherza moczowego najcz\u0119\u015bciej dotyka kobiety, od m\u0142odego wieku do doros\u0142o\u015bci, w zale\u017cno\u015bci od r\u00f3\u017cnych czynnik\u00f3w wyzwalaj\u0105cych. Je\u015bli nie jest odpowiednio leczona, ma tendencj\u0119 do stawania si\u0119 przewlek\u0142\u0105. OBJAWY Nag\u0142a i niepowstrzymana potrzeba oddania [&hellip;]<\/p>\n","protected":false},"author":3,"featured_media":0,"parent":0,"menu_order":0,"comment_status":"closed","ping_status":"closed","template":"","meta":{"_acf_changed":false,"footnotes":""},"class_list":["post-46988","page","type-page","status-publish","hentry"],"acf":[],"yoast_head":"<!-- This site is optimized with the Yoast SEO plugin v27.5 - https:\/\/yoast.com\/product\/yoast-seo-wordpress\/ -->\n<title>Zapalenie p\u0119cherza moczowego: przyczyny, objawy i naturalne \u015brodki zaradcze<\/title>\n<meta name=\"description\" content=\"Co to jest zapalenie p\u0119cherza moczowego, jakie s\u0105 typowe przyczyny i objawy, jakie s\u0105 \u015brodki zaradcze w leczeniu zapalenia p\u0119cherza moczowego.\" \/>\n<meta name=\"robots\" content=\"index, follow, max-snippet:-1, max-image-preview:large, max-video-preview:-1\" \/>\n<link rel=\"canonical\" href=\"https:\/\/www.dimann.com\/pl\/zapalenie-pecherza-moczowego\/\" \/>\n<meta property=\"og:locale\" content=\"pl_PL\" \/>\n<meta property=\"og:type\" content=\"article\" \/>\n<meta property=\"og:title\" content=\"Zapalenie p\u0119cherza moczowego: przyczyny, objawy i naturalne \u015brodki zaradcze\" \/>\n<meta property=\"og:description\" content=\"Co to jest zapalenie p\u0119cherza moczowego, jakie s\u0105 typowe przyczyny i objawy, jakie s\u0105 \u015brodki zaradcze w leczeniu zapalenia p\u0119cherza moczowego.\" \/>\n<meta property=\"og:url\" content=\"https:\/\/www.dimann.com\/pl\/zapalenie-pecherza-moczowego\/\" \/>\n<meta property=\"og:site_name\" content=\"Dimann\" \/>\n<meta property=\"article:publisher\" content=\"https:\/\/www.facebook.com\/pg\/Dimann.cistite\/posts\/\" \/>\n<meta property=\"article:modified_time\" content=\"2025-10-21T12:36:55+00:00\" \/>\n<meta property=\"og:image\" content=\"http:\/\/default\" \/>\n<meta name=\"twitter:card\" content=\"summary_large_image\" \/>\n<meta name=\"twitter:label1\" content=\"Szacowany czas czytania\" \/>\n\t<meta name=\"twitter:data1\" content=\"1 minuta\" \/>\n<!-- \/ Yoast SEO plugin. -->","yoast_head_json":{"title":"Zapalenie p\u0119cherza moczowego: przyczyny, objawy i naturalne \u015brodki zaradcze","description":"Co to jest zapalenie p\u0119cherza moczowego, jakie s\u0105 typowe przyczyny i objawy, jakie s\u0105 \u015brodki zaradcze w leczeniu zapalenia p\u0119cherza moczowego.","robots":{"index":"index","follow":"follow","max-snippet":"max-snippet:-1","max-image-preview":"max-image-preview:large","max-video-preview":"max-video-preview:-1"},"canonical":"https:\/\/www.dimann.com\/pl\/zapalenie-pecherza-moczowego\/","og_locale":"pl_PL","og_type":"article","og_title":"Zapalenie p\u0119cherza moczowego: przyczyny, objawy i naturalne \u015brodki zaradcze","og_description":"Co to jest zapalenie p\u0119cherza moczowego, jakie s\u0105 typowe przyczyny i objawy, jakie s\u0105 \u015brodki zaradcze w leczeniu zapalenia p\u0119cherza moczowego.","og_url":"https:\/\/www.dimann.com\/pl\/zapalenie-pecherza-moczowego\/","og_site_name":"Dimann","article_publisher":"https:\/\/www.facebook.com\/pg\/Dimann.cistite\/posts\/","article_modified_time":"2025-10-21T12:36:55+00:00","og_image":[{"url":"default","type":"","width":"","height":""}],"twitter_card":"summary_large_image","twitter_misc":{"Szacowany czas czytania":"1 minuta"},"schema":{"@context":"https:\/\/schema.org","@graph":[{"@type":"WebPage","@id":"https:\/\/www.dimann.com\/pl\/zapalenie-pecherza-moczowego\/","url":"https:\/\/www.dimann.com\/pl\/zapalenie-pecherza-moczowego\/","name":"Zapalenie p\u0119cherza moczowego: przyczyny, objawy i naturalne \u015brodki zaradcze","isPartOf":{"@id":"https:\/\/www.dimann.com\/pl\/#website"},"datePublished":"2025-03-24T08:54:40+00:00","dateModified":"2025-10-21T12:36:55+00:00","description":"Co to jest zapalenie p\u0119cherza moczowego, jakie s\u0105 typowe przyczyny i objawy, jakie s\u0105 \u015brodki zaradcze w leczeniu zapalenia p\u0119cherza moczowego.","inLanguage":"pl-PL","potentialAction":[{"@type":"ReadAction","target":["https:\/\/www.dimann.com\/pl\/zapalenie-pecherza-moczowego\/"]}]},{"@type":"WebSite","@id":"https:\/\/www.dimann.com\/pl\/#website","url":"https:\/\/www.dimann.com\/pl\/","name":"Dimann","description":"","publisher":{"@id":"https:\/\/www.dimann.com\/pl\/#organization"},"potentialAction":[{"@type":"SearchAction","target":{"@type":"EntryPoint","urlTemplate":"https:\/\/www.dimann.com\/pl\/?s={search_term_string}"},"query-input":{"@type":"PropertyValueSpecification","valueRequired":true,"valueName":"search_term_string"}}],"inLanguage":"pl-PL"},{"@type":"Organization","@id":"https:\/\/www.dimann.com\/pl\/#organization","name":"Dimann","url":"https:\/\/www.dimann.com\/pl\/","logo":{"@type":"ImageObject","inLanguage":"pl-PL","@id":"https:\/\/www.dimann.com\/pl\/#\/schema\/logo\/image\/","url":"https:\/\/www.dimann.com\/wp-content\/uploads\/2019\/07\/logo.svg","contentUrl":"https:\/\/www.dimann.com\/wp-content\/uploads\/2019\/07\/logo.svg","width":1,"height":1,"caption":"Dimann"},"image":{"@id":"https:\/\/www.dimann.com\/pl\/#\/schema\/logo\/image\/"},"sameAs":["https:\/\/www.facebook.com\/pg\/Dimann.cistite\/posts\/","https:\/\/www.instagram.com\/dimann_official\/"]}]}},"_links":{"self":[{"href":"https:\/\/www.dimann.com\/pl\/wp-json\/wp\/v2\/pages\/46988","targetHints":{"allow":["GET"]}}],"collection":[{"href":"https:\/\/www.dimann.com\/pl\/wp-json\/wp\/v2\/pages"}],"about":[{"href":"https:\/\/www.dimann.com\/pl\/wp-json\/wp\/v2\/types\/page"}],"author":[{"embeddable":true,"href":"https:\/\/www.dimann.com\/pl\/wp-json\/wp\/v2\/users\/3"}],"replies":[{"embeddable":true,"href":"https:\/\/www.dimann.com\/pl\/wp-json\/wp\/v2\/comments?post=46988"}],"version-history":[{"count":3,"href":"https:\/\/www.dimann.com\/pl\/wp-json\/wp\/v2\/pages\/46988\/revisions"}],"predecessor-version":[{"id":58622,"href":"https:\/\/www.dimann.com\/pl\/wp-json\/wp\/v2\/pages\/46988\/revisions\/58622"}],"wp:attachment":[{"href":"https:\/\/www.dimann.com\/pl\/wp-json\/wp\/v2\/media?parent=46988"}],"curies":[{"name":"wp","href":"https:\/\/api.w.org\/{rel}","templated":true}]}}