{"id":46993,"date":"2025-03-24T09:54:42","date_gmt":"2025-03-24T08:54:42","guid":{"rendered":"https:\/\/www.dimann.com\/la-nostra-promessa\/"},"modified":"2025-10-15T15:46:50","modified_gmt":"2025-10-15T13:46:50","slug":"nasza-obietnica","status":"publish","type":"page","link":"https:\/\/www.dimann.com\/pl\/nasza-obietnica\/","title":{"rendered":"O nas: misja wsparcia kobiet z zapaleniem p\u0119cherza"},"content":{"rendered":"<div class=\"la-nostra-promessa-bold-statement\">\n<p class=\"p1 p1a\">Chcemy pom\u00f3c<\/p>\n<p class=\"p1 p1b\">wszystkie kobiety \u015bwiata<\/p>\n<p class=\"p1 p1c\">aby ostatecznie zaj\u0105\u0107 si\u0119<\/p>\n<p class=\"p1 p1d\">w\u0142asne zapalenie p\u0119cherza moczowego.<\/p>\n<\/div>\n<p>&nbsp;<\/p>\n<p class=\"p1\"><span class=\"s1\">Nie ma magicznego lekarstwa na zapalenie p\u0119cherza moczowego i nie gwarantujemy, \u017ce tym razem b\u0119dzie to ostatni zakup produktu dla tego niezno\u015bnego towarzysza.  <\/span><\/p>\n<p class=\"p1\"><span class=\"s1\">Ale z nami mo\u017cesz by\u0107 pewien, \u017ce nigdy nie zaoferujemy Ci produktu, kt\u00f3ry nie jest dla Ciebie.<\/span><\/p>\n<p>&nbsp;<\/p>\n<p class=\"p1\"><span class=\"s1\">Pomo\u017cemy Ci dowiedzie\u0107 si\u0119 wi\u0119cej o Twojej patologii i Twoim ciele.  <\/span><\/p>\n<p class=\"p1\"><span class=\"s1\">B\u0119dziemy wspiera\u0107 Ci\u0119 na drodze do poprawy.  <\/span><\/p>\n<p class=\"p1\"><span class=\"s1\">Zaproponujemy najlepsze \u015brodki zaradcze. Ograniczymy si\u0119 do porad dotycz\u0105cych stylu \u017cycia, je\u015bli to wystarczy.   <\/span><\/p>\n<p class=\"p1\"><span class=\"s1\">B\u0119dziemy z Tob\u0105 od pierwszego do ostatniego kontaktu.<\/span><\/p>\n","protected":false},"excerpt":{"rendered":"<p>Chcemy pom\u00f3c wszystkie kobiety \u015bwiata aby ostatecznie zaj\u0105\u0107 si\u0119 w\u0142asne zapalenie p\u0119cherza moczowego. &nbsp; Nie ma magicznego lekarstwa na zapalenie p\u0119cherza moczowego i nie gwarantujemy, \u017ce tym razem b\u0119dzie to ostatni zakup produktu dla tego niezno\u015bnego towarzysza. Ale z nami mo\u017cesz by\u0107 pewien, \u017ce nigdy nie zaoferujemy Ci produktu, kt\u00f3ry nie jest dla Ciebie. &nbsp; [&hellip;]<\/p>\n","protected":false},"author":3,"featured_media":0,"parent":0,"menu_order":0,"comment_status":"closed","ping_status":"closed","template":"","meta":{"_acf_changed":false,"footnotes":""},"class_list":["post-46993","page","type-page","status-publish","hentry"],"acf":[],"yoast_head":"<!-- This site is optimized with the Yoast SEO plugin v27.5 - https:\/\/yoast.com\/product\/yoast-seo-wordpress\/ -->\n<title>Nasza obietnica<\/title>\n<meta name=\"description\" content=\"Nasz\u0105 obietnic\u0105 jest wsparcie, doradztwo i pomoc kobietom, kt\u00f3re maj\u0105 lub my\u015bl\u0105, \u017ce maj\u0105 zapalenie p\u0119cherza moczowego. Z nami poznasz siebie lepiej.\" \/>\n<meta name=\"robots\" content=\"index, follow, max-snippet:-1, max-image-preview:large, max-video-preview:-1\" \/>\n<link rel=\"canonical\" href=\"https:\/\/www.dimann.com\/pl\/nasza-obietnica\/\" \/>\n<meta property=\"og:locale\" content=\"pl_PL\" \/>\n<meta property=\"og:type\" content=\"article\" \/>\n<meta property=\"og:title\" content=\"Nasza obietnica\" \/>\n<meta property=\"og:description\" content=\"Nasz\u0105 obietnic\u0105 jest wsparcie, doradztwo i pomoc kobietom, kt\u00f3re maj\u0105 lub my\u015bl\u0105, \u017ce maj\u0105 zapalenie p\u0119cherza moczowego. Z nami poznasz siebie lepiej.\" \/>\n<meta property=\"og:url\" content=\"https:\/\/www.dimann.com\/pl\/nasza-obietnica\/\" \/>\n<meta property=\"og:site_name\" content=\"Dimann\" \/>\n<meta property=\"article:publisher\" content=\"https:\/\/www.facebook.com\/pg\/Dimann.cistite\/posts\/\" \/>\n<meta property=\"article:modified_time\" content=\"2025-10-15T13:46:50+00:00\" \/>\n<meta property=\"og:image\" content=\"http:\/\/default\" \/>\n<meta name=\"twitter:card\" content=\"summary_large_image\" \/>\n<meta name=\"twitter:label1\" content=\"Szacowany czas czytania\" \/>\n\t<meta name=\"twitter:data1\" content=\"1 minuta\" \/>\n<!-- \/ Yoast SEO plugin. -->","yoast_head_json":{"title":"Nasza obietnica","description":"Nasz\u0105 obietnic\u0105 jest wsparcie, doradztwo i pomoc kobietom, kt\u00f3re maj\u0105 lub my\u015bl\u0105, \u017ce maj\u0105 zapalenie p\u0119cherza moczowego. Z nami poznasz siebie lepiej.","robots":{"index":"index","follow":"follow","max-snippet":"max-snippet:-1","max-image-preview":"max-image-preview:large","max-video-preview":"max-video-preview:-1"},"canonical":"https:\/\/www.dimann.com\/pl\/nasza-obietnica\/","og_locale":"pl_PL","og_type":"article","og_title":"Nasza obietnica","og_description":"Nasz\u0105 obietnic\u0105 jest wsparcie, doradztwo i pomoc kobietom, kt\u00f3re maj\u0105 lub my\u015bl\u0105, \u017ce maj\u0105 zapalenie p\u0119cherza moczowego. Z nami poznasz siebie lepiej.","og_url":"https:\/\/www.dimann.com\/pl\/nasza-obietnica\/","og_site_name":"Dimann","article_publisher":"https:\/\/www.facebook.com\/pg\/Dimann.cistite\/posts\/","article_modified_time":"2025-10-15T13:46:50+00:00","og_image":[{"url":"default","type":"","width":"","height":""}],"twitter_card":"summary_large_image","twitter_misc":{"Szacowany czas czytania":"1 minuta"},"schema":{"@context":"https:\/\/schema.org","@graph":[{"@type":"WebPage","@id":"https:\/\/www.dimann.com\/pl\/nasza-obietnica\/","url":"https:\/\/www.dimann.com\/pl\/nasza-obietnica\/","name":"Nasza obietnica","isPartOf":{"@id":"https:\/\/www.dimann.com\/pl\/#website"},"datePublished":"2025-03-24T08:54:42+00:00","dateModified":"2025-10-15T13:46:50+00:00","description":"Nasz\u0105 obietnic\u0105 jest wsparcie, doradztwo i pomoc kobietom, kt\u00f3re maj\u0105 lub my\u015bl\u0105, \u017ce maj\u0105 zapalenie p\u0119cherza moczowego. Z nami poznasz siebie lepiej.","inLanguage":"pl-PL","potentialAction":[{"@type":"ReadAction","target":["https:\/\/www.dimann.com\/pl\/nasza-obietnica\/"]}]},{"@type":"WebSite","@id":"https:\/\/www.dimann.com\/pl\/#website","url":"https:\/\/www.dimann.com\/pl\/","name":"Dimann","description":"","publisher":{"@id":"https:\/\/www.dimann.com\/pl\/#organization"},"potentialAction":[{"@type":"SearchAction","target":{"@type":"EntryPoint","urlTemplate":"https:\/\/www.dimann.com\/pl\/?s={search_term_string}"},"query-input":{"@type":"PropertyValueSpecification","valueRequired":true,"valueName":"search_term_string"}}],"inLanguage":"pl-PL"},{"@type":"Organization","@id":"https:\/\/www.dimann.com\/pl\/#organization","name":"Dimann","url":"https:\/\/www.dimann.com\/pl\/","logo":{"@type":"ImageObject","inLanguage":"pl-PL","@id":"https:\/\/www.dimann.com\/pl\/#\/schema\/logo\/image\/","url":"https:\/\/www.dimann.com\/wp-content\/uploads\/2019\/07\/logo.svg","contentUrl":"https:\/\/www.dimann.com\/wp-content\/uploads\/2019\/07\/logo.svg","width":1,"height":1,"caption":"Dimann"},"image":{"@id":"https:\/\/www.dimann.com\/pl\/#\/schema\/logo\/image\/"},"sameAs":["https:\/\/www.facebook.com\/pg\/Dimann.cistite\/posts\/","https:\/\/www.instagram.com\/dimann_official\/"]}]}},"_links":{"self":[{"href":"https:\/\/www.dimann.com\/pl\/wp-json\/wp\/v2\/pages\/46993","targetHints":{"allow":["GET"]}}],"collection":[{"href":"https:\/\/www.dimann.com\/pl\/wp-json\/wp\/v2\/pages"}],"about":[{"href":"https:\/\/www.dimann.com\/pl\/wp-json\/wp\/v2\/types\/page"}],"author":[{"embeddable":true,"href":"https:\/\/www.dimann.com\/pl\/wp-json\/wp\/v2\/users\/3"}],"replies":[{"embeddable":true,"href":"https:\/\/www.dimann.com\/pl\/wp-json\/wp\/v2\/comments?post=46993"}],"version-history":[{"count":2,"href":"https:\/\/www.dimann.com\/pl\/wp-json\/wp\/v2\/pages\/46993\/revisions"}],"predecessor-version":[{"id":58045,"href":"https:\/\/www.dimann.com\/pl\/wp-json\/wp\/v2\/pages\/46993\/revisions\/58045"}],"wp:attachment":[{"href":"https:\/\/www.dimann.com\/pl\/wp-json\/wp\/v2\/media?parent=46993"}],"curies":[{"name":"wp","href":"https:\/\/api.w.org\/{rel}","templated":true}]}}