{"id":47019,"date":"2025-03-24T09:58:35","date_gmt":"2025-03-24T08:58:35","guid":{"rendered":"https:\/\/www.dimann.com\/contattaci\/"},"modified":"2025-10-15T15:46:25","modified_gmt":"2025-10-15T13:46:25","slug":"skontaktuj-sie-z-nami","status":"publish","type":"page","link":"https:\/\/www.dimann.com\/pl\/skontaktuj-sie-z-nami\/","title":{"rendered":"Nawracaj\u0105ce zapalenie p\u0119cherza: wsparcie ekspert\u00f3w"},"content":{"rendered":"\t\t<div data-elementor-type=\"wp-page\" data-elementor-id=\"47019\" class=\"elementor elementor-47019 elementor-42107\" data-elementor-post-type=\"page\">\n\t\t\t\t\t\t<section class=\"elementor-section elementor-top-section elementor-element elementor-element-89d8f67 elementor-section-boxed elementor-section-height-default elementor-section-height-default\" data-id=\"89d8f67\" data-element_type=\"section\" data-e-type=\"section\">\n\t\t\t\t\t\t<div class=\"elementor-container elementor-column-gap-default\">\n\t\t\t\t\t<div class=\"elementor-column elementor-col-100 elementor-top-column elementor-element elementor-element-6abf854\" data-id=\"6abf854\" data-element_type=\"column\" data-e-type=\"column\">\n\t\t\t<div class=\"elementor-widget-wrap elementor-element-populated\">\n\t\t\t\t\t\t<div class=\"elementor-element elementor-element-5a806c9 elementor-widget elementor-widget-text-editor\" data-id=\"5a806c9\" data-element_type=\"widget\" data-e-type=\"widget\" data-widget_type=\"text-editor.default\">\n\t\t\t\t<div class=\"elementor-widget-container\">\n\t\t\t\t\t\t\t\t\t<p><em>Czy wypr\u00f3bowa\u0142e\u015b ju\u017c wszystkie sposoby na zapalenie p\u0119cherza moczowego, ale nadal czujesz si\u0119 jak w punkcie wyj\u015bcia?<br \/>Czy straci\u0142e\u015b wiar\u0119 w jakiekolwiek lekarstwo?<br \/>Czy chcesz wzi\u0105\u0107 swoje \u017cycie z powrotem w swoje r\u0119ce?<\/em><\/p>\n<\/p>\n<p>Wiemy, jakie to uczucie, gdy zapalenie p\u0119cherza powraca pomimo leczenia.  <br \/><strong>Porozmawiajmy o tym razem i znajd\u017amy odpowiednie rozwi\u0105zanie dla Ciebie!<\/strong><\/p>\n\t\t\t\t\t\t\t\t<\/div>\n\t\t\t\t<\/div>\n\t\t\t\t<div class=\"elementor-element elementor-element-11fcef8 elementor-hidden-mobile elementor-widget elementor-widget-spacer\" data-id=\"11fcef8\" data-element_type=\"widget\" data-e-type=\"widget\" data-widget_type=\"spacer.default\">\n\t\t\t\t<div class=\"elementor-widget-container\">\n\t\t\t\t\t\t\t<div class=\"elementor-spacer\">\n\t\t\t<div class=\"elementor-spacer-inner\"><\/div>\n\t\t<\/div>\n\t\t\t\t\t\t<\/div>\n\t\t\t\t<\/div>\n\t\t\t\t<div class=\"elementor-element elementor-element-30eb8c5 elementor-align-center elementor-widget__width-initial elementor-widget elementor-widget-button\" data-id=\"30eb8c5\" data-element_type=\"widget\" data-e-type=\"widget\" data-widget_type=\"button.default\">\n\t\t\t\t<div class=\"elementor-widget-container\">\n\t\t\t\t\t\t\t\t\t<div class=\"elementor-button-wrapper\">\n\t\t\t\t\t<a class=\"elementor-button elementor-button-link elementor-size-sm\" href=\"https:\/\/form.typeform.com\/to\/W2szkrsN\" target=\"_blank\" rel=\"nofollow\">\n\t\t\t\t\t\t<span class=\"elementor-button-content-wrapper\">\n\t\t\t\t\t\t\t\t\t<span class=\"elementor-button-text\">SKONTAKTUJ SI\u0118 Z NAMI TERAZ<\/span>\n\t\t\t\t\t<\/span>\n\t\t\t\t\t<\/a>\n\t\t\t\t<\/div>\n\t\t\t\t\t\t\t\t<\/div>\n\t\t\t\t<\/div>\n\t\t\t\t\t<\/div>\n\t\t<\/div>\n\t\t\t\t\t<\/div>\n\t\t<\/section>\n\t\t\t\t<section class=\"elementor-section elementor-top-section elementor-element elementor-element-1909c982 elementor-section-boxed elementor-section-height-default elementor-section-height-default\" data-id=\"1909c982\" data-element_type=\"section\" data-e-type=\"section\">\n\t\t\t\t\t\t<div class=\"elementor-container elementor-column-gap-default\">\n\t\t\t\t\t<div class=\"elementor-column elementor-col-100 elementor-top-column elementor-element elementor-element-7ad857b0\" data-id=\"7ad857b0\" data-element_type=\"column\" data-e-type=\"column\">\n\t\t\t<div class=\"elementor-widget-wrap elementor-element-populated\">\n\t\t\t\t\t\t<div class=\"elementor-element elementor-element-5d5fee9 elementor-widget__width-initial elementor-hidden-mobile elementor-widget elementor-widget-heading\" data-id=\"5d5fee9\" data-element_type=\"widget\" data-e-type=\"widget\" data-widget_type=\"heading.default\">\n\t\t\t\t<div class=\"elementor-widget-container\">\n\t\t\t\t\t<h2 class=\"elementor-heading-title elementor-size-default\">ZAPALENIE P\u0118CHERZA MOCZOWEGO, KT\u00d3RE NIE PRZECHODZI?<\/h2>\t\t\t\t<\/div>\n\t\t\t\t<\/div>\n\t\t\t\t<div class=\"elementor-element elementor-element-79e22c6 elementor-hidden-desktop elementor-hidden-tablet elementor-widget elementor-widget-text-editor\" data-id=\"79e22c6\" data-element_type=\"widget\" data-e-type=\"widget\" data-widget_type=\"text-editor.default\">\n\t\t\t\t<div class=\"elementor-widget-container\">\n\t\t\t\t\t\t\t\t\t<h3>ZAPALENIE P\u0118CHERZA MOCZOWEGO, KT\u00d3RE NIE PRZECHODZI?<\/h3>\n\t\t\t\t\t\t\t\t<\/div>\n\t\t\t\t<\/div>\n\t\t\t\t\t<\/div>\n\t\t<\/div>\n\t\t\t\t\t<\/div>\n\t\t<\/section>\n\t\t\t\t<section class=\"elementor-section elementor-top-section elementor-element elementor-element-138e41bc elementor-section-full_width elementor-section-stretched elementor-section-height-default elementor-section-height-default\" data-id=\"138e41bc\" data-element_type=\"section\" data-e-type=\"section\" data-settings=\"{&quot;stretch_section&quot;:&quot;section-stretched&quot;,&quot;background_background&quot;:&quot;classic&quot;}\">\n\t\t\t\t\t\t<div class=\"elementor-container elementor-column-gap-default\">\n\t\t\t\t\t<div class=\"elementor-column elementor-col-100 elementor-top-column elementor-element elementor-element-467be871\" data-id=\"467be871\" data-element_type=\"column\" data-e-type=\"column\">\n\t\t\t<div class=\"elementor-widget-wrap elementor-element-populated\">\n\t\t\t\t\t\t<section class=\"elementor-section elementor-inner-section elementor-element elementor-element-7077fb41 elementor-section-boxed elementor-section-height-default elementor-section-height-default\" data-id=\"7077fb41\" data-element_type=\"section\" data-e-type=\"section\">\n\t\t\t\t\t\t<div class=\"elementor-container elementor-column-gap-default\">\n\t\t\t\t\t<div class=\"elementor-column elementor-col-50 elementor-inner-column elementor-element elementor-element-2bac3c37\" data-id=\"2bac3c37\" data-element_type=\"column\" data-e-type=\"column\">\n\t\t\t<div class=\"elementor-widget-wrap elementor-element-populated\">\n\t\t\t\t\t\t<div class=\"elementor-element elementor-element-4cd82252 elementor-widget elementor-widget-heading\" data-id=\"4cd82252\" data-element_type=\"widget\" data-e-type=\"widget\" data-widget_type=\"heading.default\">\n\t\t\t\t<div class=\"elementor-widget-container\">\n\t\t\t\t\t<h3 class=\"elementor-heading-title elementor-size-default\">POMAGAMY ZNALE\u0179\u0106 W\u0141A\u015aCIW\u0104 DROG\u0118<\/h3>\t\t\t\t<\/div>\n\t\t\t\t<\/div>\n\t\t\t\t<div class=\"elementor-element elementor-element-239edab6 elementor-widget elementor-widget-text-editor\" data-id=\"239edab6\" data-element_type=\"widget\" data-e-type=\"widget\" data-widget_type=\"text-editor.default\">\n\t\t\t\t<div class=\"elementor-widget-container\">\n\t\t\t\t\t\t\t\t\t<p class=\"p1\"><em>W walce z zapaleniem p\u0119cherza moczowego pr\u00f3bowa\u0142e\u015b ju\u017c wszystkiego, stosowa\u0142e\u015b zalecane terapie, a mimo to dolegliwo\u015bci powracaj\u0105 i czujesz, \u017ce zmarnowa\u0142e\u015b czas i pieni\u0105dze.  <\/p>\n<p><\/em>Chcemy pom\u00f3c Ci dowiedzie\u0107 si\u0119 wi\u0119cej na temat zapalenia p\u0119cherza moczowego, poniewa\u017c tylko poprzez dotarcie do \u017ar\u00f3d\u0142a problemu mo\u017cesz zacz\u0105\u0107 radzi\u0107 sobie z nim na dobre.  <\/p>\n<\/p>\n<p><strong>Opowiedz nam swoj\u0105 histori\u0119<\/strong>: pozw\u00f3l nam wsp\u00f3lnie lepiej zdefiniowa\u0107 Tw\u00f3j problem i zrozumie\u0107 mo\u017cliwe \u015bcie\u017cki powrotu do zdrowia.<\/p>\n\t\t\t\t\t\t\t\t<\/div>\n\t\t\t\t<\/div>\n\t\t\t\t<div class=\"elementor-element elementor-element-77b09c36 elementor-widget elementor-widget-html\" data-id=\"77b09c36\" data-element_type=\"widget\" data-e-type=\"widget\" data-widget_type=\"html.default\">\n\t\t\t\t<div class=\"elementor-widget-container\">\n\t\t\t\t\t<div class=\"decorator decorator--large decorator--green-light decorator--on-screen\" data-top=\"1543.171875\"><\/div>\t\t\t\t<\/div>\n\t\t\t\t<\/div>\n\t\t\t\t\t<\/div>\n\t\t<\/div>\n\t\t\t\t<div class=\"elementor-column elementor-col-50 elementor-inner-column elementor-element elementor-element-18aeb335\" data-id=\"18aeb335\" data-element_type=\"column\" data-e-type=\"column\">\n\t\t\t<div class=\"elementor-widget-wrap elementor-element-populated\">\n\t\t\t\t\t\t<div class=\"elementor-element elementor-element-3279f0fe elementor-widget elementor-widget-heading\" data-id=\"3279f0fe\" data-element_type=\"widget\" data-e-type=\"widget\" data-widget_type=\"heading.default\">\n\t\t\t\t<div class=\"elementor-widget-container\">\n\t\t\t\t\t<h3 class=\"elementor-heading-title elementor-size-default\">DOSTOSOWUJEMY TRAS\u0118 DO INDYWIDUALNYCH POTRZEB<\/h3>\t\t\t\t<\/div>\n\t\t\t\t<\/div>\n\t\t\t\t<div class=\"elementor-element elementor-element-4ac4b02e elementor-widget elementor-widget-text-editor\" data-id=\"4ac4b02e\" data-element_type=\"widget\" data-e-type=\"widget\" data-widget_type=\"text-editor.default\">\n\t\t\t\t<div class=\"elementor-widget-container\">\n\t\t\t\t\t\t\t\t\t<p class=\"p1\"><b>Terapia zapalenia p\u0119cherza moczowego jest indywidualna: znajd\u017a w\u0142asn\u0105!<br \/><\/b><\/p>\n<\/p>\n<p class=\"p1\"><em>Nie ma standardowego lekarstwa na zapalenie p\u0119cherza mo<\/em>czowego.<\/p>\n<p class=\"p1\">Wystarczy powiedzie\u0107, \u017ce zapalenie p\u0119cherza moczowego nie jest tylko jedno: istnieje kilka rodzaj\u00f3w, wynikaj\u0105cych z r\u00f3\u017cnych przyczyn.  <b><\/p>\n<p>Spersonalizuj swoj\u0105 terapi\u0119 zapalenia p\u0119cherza moczowego ze wsparciem naszych ekspert\u00f3w ju\u017c teraz!<\/b><\/p>\n<p class=\"p1\"><b> <\/b><\/p>\n\t\t\t\t\t\t\t\t<\/div>\n\t\t\t\t<\/div>\n\t\t\t\t<div class=\"elementor-element elementor-element-6ed6363 elementor-align-center elementor-widget__width-initial elementor-widget elementor-widget-button\" data-id=\"6ed6363\" data-element_type=\"widget\" data-e-type=\"widget\" data-widget_type=\"button.default\">\n\t\t\t\t<div class=\"elementor-widget-container\">\n\t\t\t\t\t\t\t\t\t<div class=\"elementor-button-wrapper\">\n\t\t\t\t\t<a class=\"elementor-button elementor-button-link elementor-size-sm\" href=\"https:\/\/form.typeform.com\/to\/W2szkrsN\" target=\"_blank\" rel=\"nofollow\">\n\t\t\t\t\t\t<span class=\"elementor-button-content-wrapper\">\n\t\t\t\t\t\t\t\t\t<span class=\"elementor-button-text\">OTRZYMA\u0106 WSPARCIE<\/span>\n\t\t\t\t\t<\/span>\n\t\t\t\t\t<\/a>\n\t\t\t\t<\/div>\n\t\t\t\t\t\t\t\t<\/div>\n\t\t\t\t<\/div>\n\t\t\t\t\t<\/div>\n\t\t<\/div>\n\t\t\t\t\t<\/div>\n\t\t<\/section>\n\t\t\t\t\t<\/div>\n\t\t<\/div>\n\t\t\t\t\t<\/div>\n\t\t<\/section>\n\t\t\t\t<section class=\"elementor-section elementor-top-section elementor-element elementor-element-1622de3a elementor-section-full_width elementor-section-height-min-height elementor-section-items-top elementor-section-stretched elementor-section-height-default\" data-id=\"1622de3a\" data-element_type=\"section\" data-e-type=\"section\" data-settings=\"{&quot;stretch_section&quot;:&quot;section-stretched&quot;,&quot;background_background&quot;:&quot;classic&quot;}\">\n\t\t\t\t\t\t<div class=\"elementor-container elementor-column-gap-default\">\n\t\t\t\t\t<div class=\"elementor-column elementor-col-100 elementor-top-column elementor-element elementor-element-d449917\" data-id=\"d449917\" data-element_type=\"column\" data-e-type=\"column\">\n\t\t\t<div class=\"elementor-widget-wrap elementor-element-populated\">\n\t\t\t\t\t\t<section class=\"elementor-section elementor-inner-section elementor-element elementor-element-33fd1bd1 elementor-section-boxed elementor-section-height-default elementor-section-height-default\" data-id=\"33fd1bd1\" data-element_type=\"section\" data-e-type=\"section\">\n\t\t\t\t\t\t<div class=\"elementor-container elementor-column-gap-default\">\n\t\t\t\t\t<div class=\"elementor-column elementor-col-50 elementor-inner-column elementor-element elementor-element-e05a766\" data-id=\"e05a766\" data-element_type=\"column\" data-e-type=\"column\">\n\t\t\t<div class=\"elementor-widget-wrap elementor-element-populated\">\n\t\t\t\t\t\t<div class=\"elementor-element elementor-element-72ae54a1 elementor-widget elementor-widget-heading\" data-id=\"72ae54a1\" data-element_type=\"widget\" data-e-type=\"widget\" data-widget_type=\"heading.default\">\n\t\t\t\t<div class=\"elementor-widget-container\">\n\t\t\t\t\t<h2 class=\"elementor-heading-title elementor-size-default\">OPTYMALIZUJE FUNKCJONALNO\u015a\u0106 PRODUKT\u00d3W DIMANN<\/h2>\t\t\t\t<\/div>\n\t\t\t\t<\/div>\n\t\t\t\t<div class=\"elementor-element elementor-element-22705877 elementor-widget elementor-widget-text-editor\" data-id=\"22705877\" data-element_type=\"widget\" data-e-type=\"widget\" data-widget_type=\"text-editor.default\">\n\t\t\t\t<div class=\"elementor-widget-container\">\n\t\t\t\t\t\t\t\t\t<p>Precyzyjne dawkowanie dla ka\u017cdego rodzaju zapalenia p\u0119cherza moczowego jest podstaw\u0105 wymiernych rezultat\u00f3w z pomoc\u0105 produkt\u00f3w Dimann.<\/p>\n<\/p>\n<p><em>Wyja\u015bniamy krok po kroku dawkowanie, kt\u00f3rego nale\u017cy przestrzega\u0107, i dostosowujemy je do indywidualnego przypadku, aby pom\u00f3c zmaksymalizowa\u0107 wyniki.  <\/em><\/p>\n<p><em> <\/em><\/p>\n<p>Pozostajemy w kontakcie, aby monitorowa\u0107 objawy zapalenia p\u0119cherza moczowego, poniewa\u017c zale\u017cy nam na \u015bledzeniu Twojej podr\u00f3\u017cy.<em> <\/em><\/p>\n\t\t\t\t\t\t\t\t<\/div>\n\t\t\t\t<\/div>\n\t\t\t\t\t<\/div>\n\t\t<\/div>\n\t\t\t\t<div class=\"elementor-column elementor-col-50 elementor-inner-column elementor-element elementor-element-1d1eb066\" data-id=\"1d1eb066\" data-element_type=\"column\" data-e-type=\"column\">\n\t\t\t<div class=\"elementor-widget-wrap elementor-element-populated\">\n\t\t\t\t\t\t<div class=\"elementor-element elementor-element-3c7cfd26 elementor-absolute elementor-hidden-mobile elementor-widget__width-initial elementor-widget elementor-widget-image\" data-id=\"3c7cfd26\" data-element_type=\"widget\" data-e-type=\"widget\" data-settings=\"{&quot;_position&quot;:&quot;absolute&quot;}\" data-widget_type=\"image.default\">\n\t\t\t\t<div class=\"elementor-widget-container\">\n\t\t\t\t\t\t\t\t\t\t\t\t\t\t\t\t<a href=\"https:\/\/form.typeform.com\/to\/WZ3QvT80\" target=\"_blank\" rel=\"nofollow\">\n\t\t\t\t\t\t\t<img fetchpriority=\"high\" decoding=\"async\" width=\"1024\" height=\"639\" src=\"https:\/\/www.dimann.com\/wp-content\/uploads\/2024\/06\/Render-bianco_1.png\" class=\"attachment-large size-large wp-image-47026\" alt=\"\" srcset=\"https:\/\/www.dimann.com\/wp-content\/uploads\/2024\/06\/Render-bianco_1.png 3840w, https:\/\/www.dimann.com\/wp-content\/uploads\/2024\/06\/Render-bianco_1-1536x959.png 1536w, https:\/\/www.dimann.com\/wp-content\/uploads\/2024\/06\/Render-bianco_1-2048x1279.png 2048w, https:\/\/www.dimann.com\/wp-content\/uploads\/2024\/06\/Render-bianco_1-120x75.png 120w, https:\/\/www.dimann.com\/wp-content\/uploads\/2024\/06\/Render-bianco_1-186x116.png 186w, https:\/\/www.dimann.com\/wp-content\/uploads\/2024\/06\/Render-bianco_1-625x390.png 625w, https:\/\/www.dimann.com\/wp-content\/uploads\/2024\/06\/Render-bianco_1-420x262.png 420w, https:\/\/www.dimann.com\/wp-content\/uploads\/2024\/06\/Render-bianco_1-700x437.png 700w, https:\/\/www.dimann.com\/wp-content\/uploads\/2024\/06\/Render-bianco_1-720x450.png 720w\" sizes=\"(max-width: 1024px) 100vw, 1024px\" \/>\t\t\t\t\t\t\t\t<\/a>\n\t\t\t\t\t\t\t\t\t\t\t\t\t\t\t<\/div>\n\t\t\t\t<\/div>\n\t\t\t\t\t<\/div>\n\t\t<\/div>\n\t\t\t\t\t<\/div>\n\t\t<\/section>\n\t\t\t\t\t<\/div>\n\t\t<\/div>\n\t\t\t\t\t<\/div>\n\t\t<\/section>\n\t\t\t\t<section class=\"elementor-section elementor-top-section elementor-element elementor-element-57b0242b elementor-section-full_width elementor-section-height-min-height elementor-section-stretched elementor-section-height-default elementor-section-items-middle\" data-id=\"57b0242b\" data-element_type=\"section\" data-e-type=\"section\" data-settings=\"{&quot;stretch_section&quot;:&quot;section-stretched&quot;}\">\n\t\t\t\t\t\t<div class=\"elementor-container elementor-column-gap-default\">\n\t\t\t\t\t<div class=\"elementor-column elementor-col-100 elementor-top-column elementor-element elementor-element-75d3342e\" data-id=\"75d3342e\" data-element_type=\"column\" data-e-type=\"column\">\n\t\t\t<div class=\"elementor-widget-wrap elementor-element-populated\">\n\t\t\t\t\t\t<section class=\"elementor-section elementor-inner-section elementor-element elementor-element-3513502e elementor-section-full_width elementor-section-height-default elementor-section-height-default\" data-id=\"3513502e\" data-element_type=\"section\" data-e-type=\"section\">\n\t\t\t\t\t\t<div class=\"elementor-container elementor-column-gap-default\">\n\t\t\t\t\t<div class=\"elementor-column elementor-col-50 elementor-inner-column elementor-element elementor-element-49eaca84\" data-id=\"49eaca84\" data-element_type=\"column\" data-e-type=\"column\">\n\t\t\t<div class=\"elementor-widget-wrap\">\n\t\t\t\t\t\t\t<\/div>\n\t\t<\/div>\n\t\t\t\t<div class=\"elementor-column elementor-col-50 elementor-inner-column elementor-element elementor-element-5c079b5f\" data-id=\"5c079b5f\" data-element_type=\"column\" data-e-type=\"column\">\n\t\t\t<div class=\"elementor-widget-wrap elementor-element-populated\">\n\t\t\t\t\t\t<div class=\"elementor-element elementor-element-754d1c43 elementor-align-center elementor-widget elementor-widget-button\" data-id=\"754d1c43\" data-element_type=\"widget\" data-e-type=\"widget\" data-widget_type=\"button.default\">\n\t\t\t\t<div class=\"elementor-widget-container\">\n\t\t\t\t\t\t\t\t\t<div class=\"elementor-button-wrapper\">\n\t\t\t\t\t<a class=\"elementor-button elementor-button-link elementor-size-sm\" href=\"https:\/\/form.typeform.com\/to\/W2szkrsN\" target=\"_blank\" rel=\"nofollow\">\n\t\t\t\t\t\t<span class=\"elementor-button-content-wrapper\">\n\t\t\t\t\t\t\t\t\t<span class=\"elementor-button-text\">POPRO\u015a NAS O INFORMACJE<\/span>\n\t\t\t\t\t<\/span>\n\t\t\t\t\t<\/a>\n\t\t\t\t<\/div>\n\t\t\t\t\t\t\t\t<\/div>\n\t\t\t\t<\/div>\n\t\t\t\t\t<\/div>\n\t\t<\/div>\n\t\t\t\t\t<\/div>\n\t\t<\/section>\n\t\t\t\t\t<\/div>\n\t\t<\/div>\n\t\t\t\t\t<\/div>\n\t\t<\/section>\n\t\t\t\t<section class=\"elementor-section elementor-top-section elementor-element elementor-element-00b07b9 elementor-section-boxed elementor-section-height-default elementor-section-height-default\" data-id=\"00b07b9\" data-element_type=\"section\" data-e-type=\"section\">\n\t\t\t\t\t\t<div class=\"elementor-container elementor-column-gap-default\">\n\t\t\t\t\t<div class=\"elementor-column elementor-col-100 elementor-top-column elementor-element elementor-element-5851045\" data-id=\"5851045\" data-element_type=\"column\" data-e-type=\"column\">\n\t\t\t<div class=\"elementor-widget-wrap elementor-element-populated\">\n\t\t\t\t\t\t<div class=\"elementor-element elementor-element-f3e4cfe elementor-widget elementor-widget-spacer\" data-id=\"f3e4cfe\" data-element_type=\"widget\" data-e-type=\"widget\" data-widget_type=\"spacer.default\">\n\t\t\t\t<div class=\"elementor-widget-container\">\n\t\t\t\t\t\t\t<div class=\"elementor-spacer\">\n\t\t\t<div class=\"elementor-spacer-inner\"><\/div>\n\t\t<\/div>\n\t\t\t\t\t\t<\/div>\n\t\t\t\t<\/div>\n\t\t\t\t<div class=\"elementor-element elementor-element-9ba03b0 elementor-widget elementor-widget-text-editor\" data-id=\"9ba03b0\" data-element_type=\"widget\" data-e-type=\"widget\" data-widget_type=\"text-editor.default\">\n\t\t\t\t<div class=\"elementor-widget-container\">\n\t\t\t\t\t\t\t\t\t<p><em>Wszystkie informacje zawarte na stronie Dimann.com nie maj\u0105 na celu i w \u017cadnym wypadku nie mog\u0105 stanowi\u0107 ani zast\u0119powa\u0107 sformu\u0142owania diagnozy medycznej. Dlatego zalecamy, aby zawsze zasi\u0119ga\u0107 porady lekarskiej przed zastosowaniem jakiejkolwiek porady w praktyce. <\/em><\/p>\n\t\t\t\t\t\t\t\t<\/div>\n\t\t\t\t<\/div>\n\t\t\t\t\t<\/div>\n\t\t<\/div>\n\t\t\t\t\t<\/div>\n\t\t<\/section>\n\t\t\t\t<\/div>\n\t\t","protected":false},"excerpt":{"rendered":"<p>Czy wypr\u00f3bowa\u0142e\u015b ju\u017c wszystkie sposoby na zapalenie p\u0119cherza moczowego, ale nadal czujesz si\u0119 jak w punkcie wyj\u015bcia?Czy straci\u0142e\u015b wiar\u0119 w jakiekolwiek lekarstwo?Czy chcesz wzi\u0105\u0107 swoje \u017cycie z powrotem w swoje r\u0119ce? Wiemy, jakie to uczucie, gdy zapalenie p\u0119cherza powraca pomimo leczenia. Porozmawiajmy o tym razem i znajd\u017amy odpowiednie rozwi\u0105zanie dla Ciebie! SKONTAKTUJ SI\u0118 Z NAMI [&hellip;]<\/p>\n","protected":false},"author":12,"featured_media":0,"parent":0,"menu_order":0,"comment_status":"closed","ping_status":"closed","template":"page-template-1.php","meta":{"_acf_changed":false,"footnotes":""},"class_list":["post-47019","page","type-page","status-publish","hentry"],"acf":[],"yoast_head":"<!-- This site is optimized with the Yoast SEO plugin v27.5 - https:\/\/yoast.com\/product\/yoast-seo-wordpress\/ -->\n<title>Nawracaj\u0105ce zapalenie p\u0119cherza: wsparcie ekspert\u00f3w | Dimann<\/title>\n<meta name=\"description\" content=\"Skontaktuj si\u0119 z nami! Popro\u015b o bezp\u0142atn\u0105 konsultacj\u0119 dotycz\u0105c\u0105 konkretnego przypadku zapalenia p\u0119cherza moczowego i otrzymaj indywidualne rozwi\u0105zanie!\" \/>\n<meta name=\"robots\" content=\"index, follow, max-snippet:-1, max-image-preview:large, max-video-preview:-1\" \/>\n<link rel=\"canonical\" href=\"https:\/\/www.dimann.com\/pl\/skontaktuj-sie-z-nami\/\" \/>\n<meta property=\"og:locale\" content=\"pl_PL\" \/>\n<meta property=\"og:type\" content=\"article\" \/>\n<meta property=\"og:title\" content=\"Nawracaj\u0105ce zapalenie p\u0119cherza: wsparcie ekspert\u00f3w | Dimann\" \/>\n<meta property=\"og:description\" content=\"Skontaktuj si\u0119 z nami! Popro\u015b o bezp\u0142atn\u0105 konsultacj\u0119 dotycz\u0105c\u0105 konkretnego przypadku zapalenia p\u0119cherza moczowego i otrzymaj indywidualne rozwi\u0105zanie!\" \/>\n<meta property=\"og:url\" content=\"https:\/\/www.dimann.com\/pl\/skontaktuj-sie-z-nami\/\" \/>\n<meta property=\"og:site_name\" content=\"Dimann\" \/>\n<meta property=\"article:publisher\" content=\"https:\/\/www.facebook.com\/pg\/Dimann.cistite\/posts\/\" \/>\n<meta property=\"article:modified_time\" content=\"2025-10-15T13:46:25+00:00\" \/>\n<meta property=\"og:image\" content=\"https:\/\/www.dimann.com\/wp-content\/uploads\/2024\/06\/Render-bianco_1.png\" \/>\n<meta name=\"twitter:card\" content=\"summary_large_image\" \/>\n<meta name=\"twitter:label1\" content=\"Szacowany czas czytania\" \/>\n\t<meta name=\"twitter:data1\" content=\"2 minuty\" \/>\n<!-- \/ Yoast SEO plugin. -->","yoast_head_json":{"title":"Nawracaj\u0105ce zapalenie p\u0119cherza: wsparcie ekspert\u00f3w | Dimann","description":"Skontaktuj si\u0119 z nami! Popro\u015b o bezp\u0142atn\u0105 konsultacj\u0119 dotycz\u0105c\u0105 konkretnego przypadku zapalenia p\u0119cherza moczowego i otrzymaj indywidualne rozwi\u0105zanie!","robots":{"index":"index","follow":"follow","max-snippet":"max-snippet:-1","max-image-preview":"max-image-preview:large","max-video-preview":"max-video-preview:-1"},"canonical":"https:\/\/www.dimann.com\/pl\/skontaktuj-sie-z-nami\/","og_locale":"pl_PL","og_type":"article","og_title":"Nawracaj\u0105ce zapalenie p\u0119cherza: wsparcie ekspert\u00f3w | Dimann","og_description":"Skontaktuj si\u0119 z nami! Popro\u015b o bezp\u0142atn\u0105 konsultacj\u0119 dotycz\u0105c\u0105 konkretnego przypadku zapalenia p\u0119cherza moczowego i otrzymaj indywidualne rozwi\u0105zanie!","og_url":"https:\/\/www.dimann.com\/pl\/skontaktuj-sie-z-nami\/","og_site_name":"Dimann","article_publisher":"https:\/\/www.facebook.com\/pg\/Dimann.cistite\/posts\/","article_modified_time":"2025-10-15T13:46:25+00:00","og_image":[{"url":"https:\/\/www.dimann.com\/wp-content\/uploads\/2024\/06\/Render-bianco_1.png","type":"","width":"","height":""}],"twitter_card":"summary_large_image","twitter_misc":{"Szacowany czas czytania":"2 minuty"},"schema":{"@context":"https:\/\/schema.org","@graph":[{"@type":"WebPage","@id":"https:\/\/www.dimann.com\/pl\/skontaktuj-sie-z-nami\/","url":"https:\/\/www.dimann.com\/pl\/skontaktuj-sie-z-nami\/","name":"Nawracaj\u0105ce zapalenie p\u0119cherza: wsparcie ekspert\u00f3w | Dimann","isPartOf":{"@id":"https:\/\/www.dimann.com\/pl\/#website"},"primaryImageOfPage":{"@id":"https:\/\/www.dimann.com\/pl\/skontaktuj-sie-z-nami\/#primaryimage"},"image":{"@id":"https:\/\/www.dimann.com\/pl\/skontaktuj-sie-z-nami\/#primaryimage"},"thumbnailUrl":"https:\/\/www.dimann.com\/wp-content\/uploads\/2024\/06\/Render-bianco_1.png","datePublished":"2025-03-24T08:58:35+00:00","dateModified":"2025-10-15T13:46:25+00:00","description":"Skontaktuj si\u0119 z nami! Popro\u015b o bezp\u0142atn\u0105 konsultacj\u0119 dotycz\u0105c\u0105 konkretnego przypadku zapalenia p\u0119cherza moczowego i otrzymaj indywidualne rozwi\u0105zanie!","inLanguage":"pl-PL","potentialAction":[{"@type":"ReadAction","target":["https:\/\/www.dimann.com\/pl\/skontaktuj-sie-z-nami\/"]}]},{"@type":"ImageObject","inLanguage":"pl-PL","@id":"https:\/\/www.dimann.com\/pl\/skontaktuj-sie-z-nami\/#primaryimage","url":"https:\/\/www.dimann.com\/wp-content\/uploads\/2024\/06\/Render-bianco_1.png","contentUrl":"https:\/\/www.dimann.com\/wp-content\/uploads\/2024\/06\/Render-bianco_1.png"},{"@type":"WebSite","@id":"https:\/\/www.dimann.com\/pl\/#website","url":"https:\/\/www.dimann.com\/pl\/","name":"Dimann","description":"","publisher":{"@id":"https:\/\/www.dimann.com\/pl\/#organization"},"potentialAction":[{"@type":"SearchAction","target":{"@type":"EntryPoint","urlTemplate":"https:\/\/www.dimann.com\/pl\/?s={search_term_string}"},"query-input":{"@type":"PropertyValueSpecification","valueRequired":true,"valueName":"search_term_string"}}],"inLanguage":"pl-PL"},{"@type":"Organization","@id":"https:\/\/www.dimann.com\/pl\/#organization","name":"Dimann","url":"https:\/\/www.dimann.com\/pl\/","logo":{"@type":"ImageObject","inLanguage":"pl-PL","@id":"https:\/\/www.dimann.com\/pl\/#\/schema\/logo\/image\/","url":"https:\/\/www.dimann.com\/wp-content\/uploads\/2019\/07\/logo.svg","contentUrl":"https:\/\/www.dimann.com\/wp-content\/uploads\/2019\/07\/logo.svg","width":1,"height":1,"caption":"Dimann"},"image":{"@id":"https:\/\/www.dimann.com\/pl\/#\/schema\/logo\/image\/"},"sameAs":["https:\/\/www.facebook.com\/pg\/Dimann.cistite\/posts\/","https:\/\/www.instagram.com\/dimann_official\/"]}]}},"_links":{"self":[{"href":"https:\/\/www.dimann.com\/pl\/wp-json\/wp\/v2\/pages\/47019","targetHints":{"allow":["GET"]}}],"collection":[{"href":"https:\/\/www.dimann.com\/pl\/wp-json\/wp\/v2\/pages"}],"about":[{"href":"https:\/\/www.dimann.com\/pl\/wp-json\/wp\/v2\/types\/page"}],"author":[{"embeddable":true,"href":"https:\/\/www.dimann.com\/pl\/wp-json\/wp\/v2\/users\/12"}],"replies":[{"embeddable":true,"href":"https:\/\/www.dimann.com\/pl\/wp-json\/wp\/v2\/comments?post=47019"}],"version-history":[{"count":5,"href":"https:\/\/www.dimann.com\/pl\/wp-json\/wp\/v2\/pages\/47019\/revisions"}],"predecessor-version":[{"id":58037,"href":"https:\/\/www.dimann.com\/pl\/wp-json\/wp\/v2\/pages\/47019\/revisions\/58037"}],"wp:attachment":[{"href":"https:\/\/www.dimann.com\/pl\/wp-json\/wp\/v2\/media?parent=47019"}],"curies":[{"name":"wp","href":"https:\/\/api.w.org\/{rel}","templated":true}]}}