{"id":45300,"date":"2025-02-10T14:52:44","date_gmt":"2025-02-10T13:52:44","guid":{"rendered":"https:\/\/www.dimann.com\/contattaci\/"},"modified":"2025-10-23T12:55:22","modified_gmt":"2025-10-23T10:55:22","slug":"contactati-ne","status":"publish","type":"page","link":"https:\/\/www.dimann.com\/ro\/contactati-ne\/","title":{"rendered":"Cistit\u0103 care nu trece? Suport personalizat Dimann"},"content":{"rendered":"\t\t<div data-elementor-type=\"wp-page\" data-elementor-id=\"45300\" class=\"elementor elementor-45300 elementor-42107\" data-elementor-post-type=\"page\">\n\t\t\t\t\t\t<section class=\"elementor-section elementor-top-section elementor-element elementor-element-89d8f67 elementor-section-boxed elementor-section-height-default elementor-section-height-default\" data-id=\"89d8f67\" data-element_type=\"section\" data-e-type=\"section\">\n\t\t\t\t\t\t<div class=\"elementor-container elementor-column-gap-default\">\n\t\t\t\t\t<div class=\"elementor-column elementor-col-100 elementor-top-column elementor-element elementor-element-6abf854\" data-id=\"6abf854\" data-element_type=\"column\" data-e-type=\"column\">\n\t\t\t<div class=\"elementor-widget-wrap elementor-element-populated\">\n\t\t\t\t\t\t<div class=\"elementor-element elementor-element-5a806c9 elementor-widget elementor-widget-text-editor\" data-id=\"5a806c9\" data-element_type=\"widget\" data-e-type=\"widget\" data-widget_type=\"text-editor.default\">\n\t\t\t\t<div class=\"elementor-widget-container\">\n\t\t\t\t\t\t\t\t\t<p><em>\u00cempotriva cistitei le-a\u021bi \u00eencercat pe toate, dar \u00eenc\u0103 v\u0103 sim\u021bi\u021bi la p\u0103trat unul?<br>V-a\u021bi pierdut \u00eencrederea \u00een vreun remediu?<br>Vrei s\u0103-\u021bi iei via\u021ba \u00eenapoi \u00een m\u00e2inile tale?<\/em><\/p><p> <\/p><p>\u0218tim cum te sim\u021bi c\u00e2nd cistita continu\u0103 s\u0103 revin\u0103, \u00een ciuda tratamentului.  <br><strong>Haide\u021bi s\u0103 discut\u0103m \u00eempreun\u0103 \u0219i s\u0103 g\u0103sim solu\u021bia potrivit\u0103 pentru dumneavoastr\u0103!<\/strong><\/p>\t\t\t\t\t\t\t\t<\/div>\n\t\t\t\t<\/div>\n\t\t\t\t<div class=\"elementor-element elementor-element-11fcef8 elementor-hidden-mobile elementor-widget elementor-widget-spacer\" data-id=\"11fcef8\" data-element_type=\"widget\" data-e-type=\"widget\" data-widget_type=\"spacer.default\">\n\t\t\t\t<div class=\"elementor-widget-container\">\n\t\t\t\t\t\t\t<div class=\"elementor-spacer\">\n\t\t\t<div class=\"elementor-spacer-inner\"><\/div>\n\t\t<\/div>\n\t\t\t\t\t\t<\/div>\n\t\t\t\t<\/div>\n\t\t\t\t<div class=\"elementor-element elementor-element-30eb8c5 elementor-align-center elementor-widget__width-initial elementor-widget elementor-widget-button\" data-id=\"30eb8c5\" data-element_type=\"widget\" data-e-type=\"widget\" data-widget_type=\"button.default\">\n\t\t\t\t<div class=\"elementor-widget-container\">\n\t\t\t\t\t\t\t\t\t<div class=\"elementor-button-wrapper\">\n\t\t\t\t\t<a class=\"elementor-button elementor-button-link elementor-size-sm\" href=\"https:\/\/form.typeform.com\/to\/WZ3QvT80\" target=\"_blank\" rel=\"nofollow\">\n\t\t\t\t\t\t<span class=\"elementor-button-content-wrapper\">\n\t\t\t\t\t\t\t\t\t<span class=\"elementor-button-text\">CONTACTA\u021aI-NE ACUM<\/span>\n\t\t\t\t\t<\/span>\n\t\t\t\t\t<\/a>\n\t\t\t\t<\/div>\n\t\t\t\t\t\t\t\t<\/div>\n\t\t\t\t<\/div>\n\t\t\t\t\t<\/div>\n\t\t<\/div>\n\t\t\t\t\t<\/div>\n\t\t<\/section>\n\t\t\t\t<section class=\"elementor-section elementor-top-section elementor-element elementor-element-1909c982 elementor-section-boxed elementor-section-height-default elementor-section-height-default\" data-id=\"1909c982\" data-element_type=\"section\" data-e-type=\"section\">\n\t\t\t\t\t\t<div class=\"elementor-container elementor-column-gap-default\">\n\t\t\t\t\t<div class=\"elementor-column elementor-col-100 elementor-top-column elementor-element elementor-element-7ad857b0\" data-id=\"7ad857b0\" data-element_type=\"column\" data-e-type=\"column\">\n\t\t\t<div class=\"elementor-widget-wrap elementor-element-populated\">\n\t\t\t\t\t\t<div class=\"elementor-element elementor-element-5d5fee9 elementor-widget__width-initial elementor-hidden-mobile elementor-widget elementor-widget-heading\" data-id=\"5d5fee9\" data-element_type=\"widget\" data-e-type=\"widget\" data-widget_type=\"heading.default\">\n\t\t\t\t<div class=\"elementor-widget-container\">\n\t\t\t\t\t<h2 class=\"elementor-heading-title elementor-size-default\">CISTIT\u0102 CARE NU TRECE?<\/h2>\t\t\t\t<\/div>\n\t\t\t\t<\/div>\n\t\t\t\t<div class=\"elementor-element elementor-element-79e22c6 elementor-hidden-desktop elementor-hidden-tablet elementor-widget elementor-widget-text-editor\" data-id=\"79e22c6\" data-element_type=\"widget\" data-e-type=\"widget\" data-widget_type=\"text-editor.default\">\n\t\t\t\t<div class=\"elementor-widget-container\">\n\t\t\t\t\t\t\t\t\t<h3>CISTIT\u0102 CARE NU TRECE?<\/h3>\t\t\t\t\t\t\t\t<\/div>\n\t\t\t\t<\/div>\n\t\t\t\t\t<\/div>\n\t\t<\/div>\n\t\t\t\t\t<\/div>\n\t\t<\/section>\n\t\t\t\t<section class=\"elementor-section elementor-top-section elementor-element elementor-element-138e41bc elementor-section-full_width elementor-section-stretched elementor-section-height-default elementor-section-height-default\" data-id=\"138e41bc\" data-element_type=\"section\" data-e-type=\"section\" data-settings=\"{&quot;stretch_section&quot;:&quot;section-stretched&quot;,&quot;background_background&quot;:&quot;classic&quot;}\">\n\t\t\t\t\t\t<div class=\"elementor-container elementor-column-gap-default\">\n\t\t\t\t\t<div class=\"elementor-column elementor-col-100 elementor-top-column elementor-element elementor-element-467be871\" data-id=\"467be871\" data-element_type=\"column\" data-e-type=\"column\">\n\t\t\t<div class=\"elementor-widget-wrap elementor-element-populated\">\n\t\t\t\t\t\t<section class=\"elementor-section elementor-inner-section elementor-element elementor-element-7077fb41 elementor-section-boxed elementor-section-height-default elementor-section-height-default\" data-id=\"7077fb41\" data-element_type=\"section\" data-e-type=\"section\">\n\t\t\t\t\t\t<div class=\"elementor-container elementor-column-gap-default\">\n\t\t\t\t\t<div class=\"elementor-column elementor-col-50 elementor-inner-column elementor-element elementor-element-2bac3c37\" data-id=\"2bac3c37\" data-element_type=\"column\" data-e-type=\"column\">\n\t\t\t<div class=\"elementor-widget-wrap elementor-element-populated\">\n\t\t\t\t\t\t<div class=\"elementor-element elementor-element-4cd82252 elementor-widget elementor-widget-heading\" data-id=\"4cd82252\" data-element_type=\"widget\" data-e-type=\"widget\" data-widget_type=\"heading.default\">\n\t\t\t\t<div class=\"elementor-widget-container\">\n\t\t\t\t\t<h3 class=\"elementor-heading-title elementor-size-default\">V\u0102 AJUT\u0102M S\u0102 V\u0102 G\u0102SI\u021aI DRUMUL<\/h3>\t\t\t\t<\/div>\n\t\t\t\t<\/div>\n\t\t\t\t<div class=\"elementor-element elementor-element-239edab6 elementor-widget elementor-widget-text-editor\" data-id=\"239edab6\" data-element_type=\"widget\" data-e-type=\"widget\" data-widget_type=\"text-editor.default\">\n\t\t\t\t<div class=\"elementor-widget-container\">\n\t\t\t\t\t\t\t\t\t<p class=\"p1\"><em>\u00cempotriva cistitei a\u021bi \u00eencercat totul, a\u021bi urmat terapiile prescrise, dar cistita continu\u0103 s\u0103 revin\u0103 \u0219i sim\u021bi\u021bi c\u0103 a\u021bi pierdut timp \u0219i bani.  <br><br><\/em>Dorim s\u0103 v\u0103 ghid\u0103m pentru a afla mai multe despre cistita dumneavoastr\u0103, deoarece numai dac\u0103 ajunge\u021bi la r\u0103d\u0103cina problemei pute\u021bi \u00eencepe s\u0103 o gestiona\u021bi pentru totdeauna.  <\/p><p> <\/p><p><strong>Spune\u021bi-ne povestea dumneavoastr\u0103<\/strong>: permite\u021bi-ne s\u0103 \u00eencadr\u0103m mai bine \u00eempreun\u0103 problema dumneavoastr\u0103 \u0219i s\u0103 \u00een\u021belegem c\u0103ile de recuperare care pot fi urmate.<\/p>\t\t\t\t\t\t\t\t<\/div>\n\t\t\t\t<\/div>\n\t\t\t\t<div class=\"elementor-element elementor-element-77b09c36 elementor-widget elementor-widget-html\" data-id=\"77b09c36\" data-element_type=\"widget\" data-e-type=\"widget\" data-widget_type=\"html.default\">\n\t\t\t\t<div class=\"elementor-widget-container\">\n\t\t\t\t\t<div class=\"decorator decorator--large decorator--green-light decorator--on-screen\" data-top=\"1543.171875\"><\/div>\t\t\t\t<\/div>\n\t\t\t\t<\/div>\n\t\t\t\t\t<\/div>\n\t\t<\/div>\n\t\t\t\t<div class=\"elementor-column elementor-col-50 elementor-inner-column elementor-element elementor-element-18aeb335\" data-id=\"18aeb335\" data-element_type=\"column\" data-e-type=\"column\">\n\t\t\t<div class=\"elementor-widget-wrap elementor-element-populated\">\n\t\t\t\t\t\t<div class=\"elementor-element elementor-element-3279f0fe elementor-widget elementor-widget-heading\" data-id=\"3279f0fe\" data-element_type=\"widget\" data-e-type=\"widget\" data-widget_type=\"heading.default\">\n\t\t\t\t<div class=\"elementor-widget-container\">\n\t\t\t\t\t<h3 class=\"elementor-heading-title elementor-size-default\">V\u0102 PERSONALIZ\u0102M TRASEUL<\/h3>\t\t\t\t<\/div>\n\t\t\t\t<\/div>\n\t\t\t\t<div class=\"elementor-element elementor-element-4ac4b02e elementor-widget elementor-widget-text-editor\" data-id=\"4ac4b02e\" data-element_type=\"widget\" data-e-type=\"widget\" data-widget_type=\"text-editor.default\">\n\t\t\t\t<div class=\"elementor-widget-container\">\n\t\t\t\t\t\t\t\t\t<p class=\"p1\"><b>Terapia pentru cistit\u0103 este personal\u0103: g\u0103si\u021bi-o pe a voastr\u0103!<br><\/b><\/p><p> <\/p><p class=\"p1\"><em>Nu exist\u0103 un remediu standard pentru cistit\u0103<\/em>.<\/p><p class=\"p1\">Este suficient s\u0103 spunem c\u0103 cistita nu este doar una: exist\u0103 mai multe tipuri, care rezult\u0103 din cauze diferite.  <b><br><br>Personaliza\u021bi-v\u0103 acum terapia pentru cistit\u0103 cu sprijinul exper\u021bilor no\u0219tri!<\/b><\/p><p class=\"p1\"><b> <\/b><\/p>\t\t\t\t\t\t\t\t<\/div>\n\t\t\t\t<\/div>\n\t\t\t\t<div class=\"elementor-element elementor-element-6ed6363 elementor-align-center elementor-widget__width-initial elementor-widget elementor-widget-button\" data-id=\"6ed6363\" data-element_type=\"widget\" data-e-type=\"widget\" data-widget_type=\"button.default\">\n\t\t\t\t<div class=\"elementor-widget-container\">\n\t\t\t\t\t\t\t\t\t<div class=\"elementor-button-wrapper\">\n\t\t\t\t\t<a class=\"elementor-button elementor-button-link elementor-size-sm\" href=\"https:\/\/form.typeform.com\/to\/WZ3QvT80\" target=\"_blank\" rel=\"nofollow\">\n\t\t\t\t\t\t<span class=\"elementor-button-content-wrapper\">\n\t\t\t\t\t\t\t\t\t<span class=\"elementor-button-text\">PRIMI\u021aI SPRIJIN<\/span>\n\t\t\t\t\t<\/span>\n\t\t\t\t\t<\/a>\n\t\t\t\t<\/div>\n\t\t\t\t\t\t\t\t<\/div>\n\t\t\t\t<\/div>\n\t\t\t\t\t<\/div>\n\t\t<\/div>\n\t\t\t\t\t<\/div>\n\t\t<\/section>\n\t\t\t\t\t<\/div>\n\t\t<\/div>\n\t\t\t\t\t<\/div>\n\t\t<\/section>\n\t\t\t\t<section class=\"elementor-section elementor-top-section elementor-element elementor-element-1622de3a elementor-section-full_width elementor-section-height-min-height elementor-section-items-top elementor-section-stretched elementor-section-height-default\" data-id=\"1622de3a\" data-element_type=\"section\" data-e-type=\"section\" data-settings=\"{&quot;stretch_section&quot;:&quot;section-stretched&quot;,&quot;background_background&quot;:&quot;classic&quot;}\">\n\t\t\t\t\t\t<div class=\"elementor-container elementor-column-gap-default\">\n\t\t\t\t\t<div class=\"elementor-column elementor-col-100 elementor-top-column elementor-element elementor-element-d449917\" data-id=\"d449917\" data-element_type=\"column\" data-e-type=\"column\">\n\t\t\t<div class=\"elementor-widget-wrap elementor-element-populated\">\n\t\t\t\t\t\t<section class=\"elementor-section elementor-inner-section elementor-element elementor-element-33fd1bd1 elementor-section-boxed elementor-section-height-default elementor-section-height-default\" data-id=\"33fd1bd1\" data-element_type=\"section\" data-e-type=\"section\">\n\t\t\t\t\t\t<div class=\"elementor-container elementor-column-gap-default\">\n\t\t\t\t\t<div class=\"elementor-column elementor-col-50 elementor-inner-column elementor-element elementor-element-e05a766\" data-id=\"e05a766\" data-element_type=\"column\" data-e-type=\"column\">\n\t\t\t<div class=\"elementor-widget-wrap elementor-element-populated\">\n\t\t\t\t\t\t<div class=\"elementor-element elementor-element-72ae54a1 elementor-widget elementor-widget-heading\" data-id=\"72ae54a1\" data-element_type=\"widget\" data-e-type=\"widget\" data-widget_type=\"heading.default\">\n\t\t\t\t<div class=\"elementor-widget-container\">\n\t\t\t\t\t<h2 class=\"elementor-heading-title elementor-size-default\">OPTIMIZEAZ\u0102 FUNC\u021aIONALITATEA PRODUSELOR DIMANN<\/h2>\t\t\t\t<\/div>\n\t\t\t\t<\/div>\n\t\t\t\t<div class=\"elementor-element elementor-element-22705877 elementor-widget elementor-widget-text-editor\" data-id=\"22705877\" data-element_type=\"widget\" data-e-type=\"widget\" data-widget_type=\"text-editor.default\">\n\t\t\t\t<div class=\"elementor-widget-container\">\n\t\t\t\t\t\t\t\t\t<p>O doz\u0103 precis\u0103 pentru fiecare tip de cistit\u0103 este baza pentru rezultate tangibile cu ajutorul produselor Dimann.<\/p><p> <\/p><p><em>V\u0103 explic\u0103m, pas cu pas, doza care trebuie urmat\u0103 \u0219i o adapt\u0103m la cazul dumneavoastr\u0103 personal pentru a v\u0103 ajuta s\u0103 maximiza\u021bi rezultatele.  <\/em><\/p><p><em> <\/em><\/p><p>P\u0103str\u0103m leg\u0103tura pentru a v\u0103 monitoriza simptomele de cistit\u0103, pentru c\u0103 ne intereseaz\u0103 s\u0103 v\u0103 urm\u0103rim de-a lungul c\u0103l\u0103toriei dumneavoastr\u0103.<em> <\/em><\/p>\t\t\t\t\t\t\t\t<\/div>\n\t\t\t\t<\/div>\n\t\t\t\t\t<\/div>\n\t\t<\/div>\n\t\t\t\t<div class=\"elementor-column elementor-col-50 elementor-inner-column elementor-element elementor-element-1d1eb066\" data-id=\"1d1eb066\" data-element_type=\"column\" data-e-type=\"column\">\n\t\t\t<div class=\"elementor-widget-wrap elementor-element-populated\">\n\t\t\t\t\t\t<div class=\"elementor-element elementor-element-3c7cfd26 elementor-absolute elementor-hidden-mobile elementor-widget__width-initial elementor-widget elementor-widget-image\" data-id=\"3c7cfd26\" data-element_type=\"widget\" data-e-type=\"widget\" data-settings=\"{&quot;_position&quot;:&quot;absolute&quot;}\" data-widget_type=\"image.default\">\n\t\t\t\t<div class=\"elementor-widget-container\">\n\t\t\t\t\t\t\t\t\t\t\t\t\t\t\t\t<a href=\"https:\/\/form.typeform.com\/to\/WZ3QvT80\" target=\"_blank\" rel=\"nofollow\">\n\t\t\t\t\t\t\t<img fetchpriority=\"high\" decoding=\"async\" width=\"1024\" height=\"639\" src=\"https:\/\/www.dimann.com\/wp-content\/uploads\/2024\/06\/Render-bianco_1.png\" class=\"attachment-large size-large wp-image-45307\" alt=\"\" srcset=\"https:\/\/www.dimann.com\/wp-content\/uploads\/2024\/06\/Render-bianco_1.png 3840w, https:\/\/www.dimann.com\/wp-content\/uploads\/2024\/06\/Render-bianco_1-1536x959.png 1536w, https:\/\/www.dimann.com\/wp-content\/uploads\/2024\/06\/Render-bianco_1-2048x1279.png 2048w, https:\/\/www.dimann.com\/wp-content\/uploads\/2024\/06\/Render-bianco_1-120x75.png 120w, https:\/\/www.dimann.com\/wp-content\/uploads\/2024\/06\/Render-bianco_1-186x116.png 186w, https:\/\/www.dimann.com\/wp-content\/uploads\/2024\/06\/Render-bianco_1-625x390.png 625w, https:\/\/www.dimann.com\/wp-content\/uploads\/2024\/06\/Render-bianco_1-420x262.png 420w, https:\/\/www.dimann.com\/wp-content\/uploads\/2024\/06\/Render-bianco_1-700x437.png 700w, https:\/\/www.dimann.com\/wp-content\/uploads\/2024\/06\/Render-bianco_1-720x450.png 720w\" sizes=\"(max-width: 1024px) 100vw, 1024px\" \/>\t\t\t\t\t\t\t\t<\/a>\n\t\t\t\t\t\t\t\t\t\t\t\t\t\t\t<\/div>\n\t\t\t\t<\/div>\n\t\t\t\t\t<\/div>\n\t\t<\/div>\n\t\t\t\t\t<\/div>\n\t\t<\/section>\n\t\t\t\t\t<\/div>\n\t\t<\/div>\n\t\t\t\t\t<\/div>\n\t\t<\/section>\n\t\t\t\t<section class=\"elementor-section elementor-top-section elementor-element elementor-element-57b0242b elementor-section-full_width elementor-section-height-min-height elementor-section-stretched elementor-section-height-default elementor-section-items-middle\" data-id=\"57b0242b\" data-element_type=\"section\" data-e-type=\"section\" data-settings=\"{&quot;stretch_section&quot;:&quot;section-stretched&quot;}\">\n\t\t\t\t\t\t<div class=\"elementor-container elementor-column-gap-default\">\n\t\t\t\t\t<div class=\"elementor-column elementor-col-100 elementor-top-column elementor-element elementor-element-75d3342e\" data-id=\"75d3342e\" data-element_type=\"column\" data-e-type=\"column\">\n\t\t\t<div class=\"elementor-widget-wrap elementor-element-populated\">\n\t\t\t\t\t\t<section class=\"elementor-section elementor-inner-section elementor-element elementor-element-3513502e elementor-section-full_width elementor-section-height-default elementor-section-height-default\" data-id=\"3513502e\" data-element_type=\"section\" data-e-type=\"section\">\n\t\t\t\t\t\t<div class=\"elementor-container elementor-column-gap-default\">\n\t\t\t\t\t<div class=\"elementor-column elementor-col-50 elementor-inner-column elementor-element elementor-element-49eaca84\" data-id=\"49eaca84\" data-element_type=\"column\" data-e-type=\"column\">\n\t\t\t<div class=\"elementor-widget-wrap\">\n\t\t\t\t\t\t\t<\/div>\n\t\t<\/div>\n\t\t\t\t<div class=\"elementor-column elementor-col-50 elementor-inner-column elementor-element elementor-element-5c079b5f\" data-id=\"5c079b5f\" data-element_type=\"column\" data-e-type=\"column\">\n\t\t\t<div class=\"elementor-widget-wrap elementor-element-populated\">\n\t\t\t\t\t\t<div class=\"elementor-element elementor-element-754d1c43 elementor-align-center elementor-widget elementor-widget-button\" data-id=\"754d1c43\" data-element_type=\"widget\" data-e-type=\"widget\" data-widget_type=\"button.default\">\n\t\t\t\t<div class=\"elementor-widget-container\">\n\t\t\t\t\t\t\t\t\t<div class=\"elementor-button-wrapper\">\n\t\t\t\t\t<a class=\"elementor-button elementor-button-link elementor-size-sm\" href=\"https:\/\/form.typeform.com\/to\/WZ3QvT80\" target=\"_blank\" rel=\"nofollow\">\n\t\t\t\t\t\t<span class=\"elementor-button-content-wrapper\">\n\t\t\t\t\t\t\t\t\t<span class=\"elementor-button-text\">CERE\u021aI-NE INFORMA\u021aII<\/span>\n\t\t\t\t\t<\/span>\n\t\t\t\t\t<\/a>\n\t\t\t\t<\/div>\n\t\t\t\t\t\t\t\t<\/div>\n\t\t\t\t<\/div>\n\t\t\t\t\t<\/div>\n\t\t<\/div>\n\t\t\t\t\t<\/div>\n\t\t<\/section>\n\t\t\t\t\t<\/div>\n\t\t<\/div>\n\t\t\t\t\t<\/div>\n\t\t<\/section>\n\t\t\t\t<section class=\"elementor-section elementor-top-section elementor-element elementor-element-00b07b9 elementor-section-boxed elementor-section-height-default elementor-section-height-default\" data-id=\"00b07b9\" data-element_type=\"section\" data-e-type=\"section\">\n\t\t\t\t\t\t<div class=\"elementor-container elementor-column-gap-default\">\n\t\t\t\t\t<div class=\"elementor-column elementor-col-100 elementor-top-column elementor-element elementor-element-5851045\" data-id=\"5851045\" data-element_type=\"column\" data-e-type=\"column\">\n\t\t\t<div class=\"elementor-widget-wrap elementor-element-populated\">\n\t\t\t\t\t\t<div class=\"elementor-element elementor-element-f3e4cfe elementor-widget elementor-widget-spacer\" data-id=\"f3e4cfe\" data-element_type=\"widget\" data-e-type=\"widget\" data-widget_type=\"spacer.default\">\n\t\t\t\t<div class=\"elementor-widget-container\">\n\t\t\t\t\t\t\t<div class=\"elementor-spacer\">\n\t\t\t<div class=\"elementor-spacer-inner\"><\/div>\n\t\t<\/div>\n\t\t\t\t\t\t<\/div>\n\t\t\t\t<\/div>\n\t\t\t\t<div class=\"elementor-element elementor-element-9ba03b0 elementor-widget elementor-widget-text-editor\" data-id=\"9ba03b0\" data-element_type=\"widget\" data-e-type=\"widget\" data-widget_type=\"text-editor.default\">\n\t\t\t\t<div class=\"elementor-widget-container\">\n\t\t\t\t\t\t\t\t\t<p><em>Toate informa\u021biile de pe Dimann.com nu sunt destinate \u0219i nu pot \u00een niciun caz s\u0103 constituie sau s\u0103 \u00eenlocuiasc\u0103 formularea unui diagnostic medical. Prin urmare, v\u0103 recomand\u0103m s\u0103 solicita\u021bi \u00eentotdeauna sfatul medicului \u00eenainte de a pune \u00een practic\u0103 orice sfat. <\/em><\/p>\t\t\t\t\t\t\t\t<\/div>\n\t\t\t\t<\/div>\n\t\t\t\t\t<\/div>\n\t\t<\/div>\n\t\t\t\t\t<\/div>\n\t\t<\/section>\n\t\t\t\t<\/div>\n\t\t","protected":false},"excerpt":{"rendered":"<p>\u00cempotriva cistitei le-a\u021bi \u00eencercat pe toate, dar \u00eenc\u0103 v\u0103 sim\u021bi\u021bi la p\u0103trat unul?V-a\u021bi pierdut \u00eencrederea \u00een vreun remediu?Vrei s\u0103-\u021bi iei via\u021ba \u00eenapoi \u00een m\u00e2inile tale? \u0218tim cum te sim\u021bi c\u00e2nd cistita continu\u0103 s\u0103 revin\u0103, \u00een ciuda tratamentului. Haide\u021bi s\u0103 discut\u0103m \u00eempreun\u0103 \u0219i s\u0103 g\u0103sim solu\u021bia potrivit\u0103 pentru dumneavoastr\u0103! CONTACTA\u021aI-NE ACUM CISTIT\u0102 CARE NU TRECE? CISTIT\u0102 [&hellip;]<\/p>\n","protected":false},"author":12,"featured_media":0,"parent":0,"menu_order":0,"comment_status":"closed","ping_status":"closed","template":"page-template-1.php","meta":{"_acf_changed":false,"footnotes":""},"class_list":["post-45300","page","type-page","status-publish","hentry"],"acf":[],"yoast_head":"<!-- This site is optimized with the Yoast SEO plugin v27.2 - https:\/\/yoast.com\/product\/yoast-seo-wordpress\/ -->\n<title>Cistit\u0103 care nu trece? Suport personalizat Dimann | Dimann<\/title>\n<meta name=\"description\" content=\"Contacta\u021bi-ne! Solicita\u021bi o consulta\u021bie gratuit\u0103 pentru cazul dumneavoastr\u0103 specific de cistit\u0103 \u0219i primi\u021bi o solu\u021bie personalizat\u0103!\" \/>\n<meta name=\"robots\" content=\"index, follow, max-snippet:-1, max-image-preview:large, max-video-preview:-1\" \/>\n<link rel=\"canonical\" href=\"https:\/\/www.dimann.com\/ro\/contactati-ne\/\" \/>\n<meta property=\"og:locale\" content=\"ro_RO\" \/>\n<meta property=\"og:type\" content=\"article\" \/>\n<meta property=\"og:title\" content=\"Cistit\u0103 care nu trece? Suport personalizat Dimann | Dimann\" \/>\n<meta property=\"og:description\" content=\"Contacta\u021bi-ne! Solicita\u021bi o consulta\u021bie gratuit\u0103 pentru cazul dumneavoastr\u0103 specific de cistit\u0103 \u0219i primi\u021bi o solu\u021bie personalizat\u0103!\" \/>\n<meta property=\"og:url\" content=\"https:\/\/www.dimann.com\/ro\/contactati-ne\/\" \/>\n<meta property=\"og:site_name\" content=\"Dimann\" \/>\n<meta property=\"article:publisher\" content=\"https:\/\/www.facebook.com\/pg\/Dimann.cistite\/posts\/\" \/>\n<meta property=\"article:modified_time\" content=\"2025-10-23T10:55:22+00:00\" \/>\n<meta property=\"og:image\" content=\"https:\/\/www.dimann.com\/wp-content\/uploads\/2024\/06\/Render-bianco_1.png\" \/>\n\t<meta property=\"og:image:width\" content=\"1024\" \/>\n\t<meta property=\"og:image:height\" content=\"639\" \/>\n\t<meta property=\"og:image:type\" content=\"image\/png\" \/>\n<meta name=\"twitter:card\" content=\"summary_large_image\" \/>\n<meta name=\"twitter:label1\" content=\"Timp estimat pentru citire\" \/>\n\t<meta name=\"twitter:data1\" content=\"2 minut\" \/>\n<!-- \/ Yoast SEO plugin. -->","yoast_head_json":{"title":"Cistit\u0103 care nu trece? Suport personalizat Dimann | Dimann","description":"Contacta\u021bi-ne! Solicita\u021bi o consulta\u021bie gratuit\u0103 pentru cazul dumneavoastr\u0103 specific de cistit\u0103 \u0219i primi\u021bi o solu\u021bie personalizat\u0103!","robots":{"index":"index","follow":"follow","max-snippet":"max-snippet:-1","max-image-preview":"max-image-preview:large","max-video-preview":"max-video-preview:-1"},"canonical":"https:\/\/www.dimann.com\/ro\/contactati-ne\/","og_locale":"ro_RO","og_type":"article","og_title":"Cistit\u0103 care nu trece? Suport personalizat Dimann | Dimann","og_description":"Contacta\u021bi-ne! Solicita\u021bi o consulta\u021bie gratuit\u0103 pentru cazul dumneavoastr\u0103 specific de cistit\u0103 \u0219i primi\u021bi o solu\u021bie personalizat\u0103!","og_url":"https:\/\/www.dimann.com\/ro\/contactati-ne\/","og_site_name":"Dimann","article_publisher":"https:\/\/www.facebook.com\/pg\/Dimann.cistite\/posts\/","article_modified_time":"2025-10-23T10:55:22+00:00","og_image":[{"url":"https:\/\/www.dimann.com\/wp-content\/uploads\/2024\/06\/Render-bianco_1.png","width":1024,"height":639,"type":"image\/png"}],"twitter_card":"summary_large_image","twitter_misc":{"Timp estimat pentru citire":"2 minut"},"schema":{"@context":"https:\/\/schema.org","@graph":[{"@type":"WebPage","@id":"https:\/\/www.dimann.com\/ro\/contactati-ne\/","url":"https:\/\/www.dimann.com\/ro\/contactati-ne\/","name":"Cistit\u0103 care nu trece? Suport personalizat Dimann | Dimann","isPartOf":{"@id":"https:\/\/www.dimann.com\/ro\/#website"},"primaryImageOfPage":{"@id":"https:\/\/www.dimann.com\/ro\/contactati-ne\/#primaryimage"},"image":{"@id":"https:\/\/www.dimann.com\/ro\/contactati-ne\/#primaryimage"},"thumbnailUrl":"https:\/\/www.dimann.com\/wp-content\/uploads\/2024\/06\/Render-bianco_1.png","datePublished":"2025-02-10T13:52:44+00:00","dateModified":"2025-10-23T10:55:22+00:00","description":"Contacta\u021bi-ne! Solicita\u021bi o consulta\u021bie gratuit\u0103 pentru cazul dumneavoastr\u0103 specific de cistit\u0103 \u0219i primi\u021bi o solu\u021bie personalizat\u0103!","inLanguage":"ro-RO","potentialAction":[{"@type":"ReadAction","target":["https:\/\/www.dimann.com\/ro\/contactati-ne\/"]}]},{"@type":"ImageObject","inLanguage":"ro-RO","@id":"https:\/\/www.dimann.com\/ro\/contactati-ne\/#primaryimage","url":"https:\/\/www.dimann.com\/wp-content\/uploads\/2024\/06\/Render-bianco_1.png","contentUrl":"https:\/\/www.dimann.com\/wp-content\/uploads\/2024\/06\/Render-bianco_1.png"},{"@type":"WebSite","@id":"https:\/\/www.dimann.com\/ro\/#website","url":"https:\/\/www.dimann.com\/ro\/","name":"Dimann","description":"","publisher":{"@id":"https:\/\/www.dimann.com\/ro\/#organization"},"potentialAction":[{"@type":"SearchAction","target":{"@type":"EntryPoint","urlTemplate":"https:\/\/www.dimann.com\/ro\/?s={search_term_string}"},"query-input":{"@type":"PropertyValueSpecification","valueRequired":true,"valueName":"search_term_string"}}],"inLanguage":"ro-RO"},{"@type":"Organization","@id":"https:\/\/www.dimann.com\/ro\/#organization","name":"Dimann","url":"https:\/\/www.dimann.com\/ro\/","logo":{"@type":"ImageObject","inLanguage":"ro-RO","@id":"https:\/\/www.dimann.com\/ro\/#\/schema\/logo\/image\/","url":"https:\/\/www.dimann.com\/wp-content\/uploads\/2019\/07\/logo.svg","contentUrl":"https:\/\/www.dimann.com\/wp-content\/uploads\/2019\/07\/logo.svg","width":1,"height":1,"caption":"Dimann"},"image":{"@id":"https:\/\/www.dimann.com\/ro\/#\/schema\/logo\/image\/"},"sameAs":["https:\/\/www.facebook.com\/pg\/Dimann.cistite\/posts\/","https:\/\/www.instagram.com\/dimann_official\/"]}]}},"_links":{"self":[{"href":"https:\/\/www.dimann.com\/ro\/wp-json\/wp\/v2\/pages\/45300","targetHints":{"allow":["GET"]}}],"collection":[{"href":"https:\/\/www.dimann.com\/ro\/wp-json\/wp\/v2\/pages"}],"about":[{"href":"https:\/\/www.dimann.com\/ro\/wp-json\/wp\/v2\/types\/page"}],"author":[{"embeddable":true,"href":"https:\/\/www.dimann.com\/ro\/wp-json\/wp\/v2\/users\/12"}],"replies":[{"embeddable":true,"href":"https:\/\/www.dimann.com\/ro\/wp-json\/wp\/v2\/comments?post=45300"}],"version-history":[{"count":9,"href":"https:\/\/www.dimann.com\/ro\/wp-json\/wp\/v2\/pages\/45300\/revisions"}],"predecessor-version":[{"id":59140,"href":"https:\/\/www.dimann.com\/ro\/wp-json\/wp\/v2\/pages\/45300\/revisions\/59140"}],"wp:attachment":[{"href":"https:\/\/www.dimann.com\/ro\/wp-json\/wp\/v2\/media?parent=45300"}],"curies":[{"name":"wp","href":"https:\/\/api.w.org\/{rel}","templated":true}]}}