{"id":45325,"date":"2025-02-10T14:54:39","date_gmt":"2025-02-10T13:54:39","guid":{"rendered":"https:\/\/www.dimann.com\/rimedi-naturali-cistite\/"},"modified":"2025-10-15T15:47:54","modified_gmt":"2025-10-15T13:47:54","slug":"rimedi-naturali-cistite","status":"publish","type":"page","link":"https:\/\/www.dimann.com\/ro\/rimedi-naturali-cistite\/","title":{"rendered":"Dimann: resurse utile \u0219i informa\u021bii despre cistit\u0103"},"content":{"rendered":"","protected":false},"excerpt":{"rendered":"","protected":false},"author":3,"featured_media":0,"parent":0,"menu_order":0,"comment_status":"closed","ping_status":"closed","template":"","meta":{"_acf_changed":false,"footnotes":""},"class_list":["post-45325","page","type-page","status-publish","hentry"],"acf":[],"yoast_head":"<!-- This site is optimized with the Yoast SEO plugin v27.5 - https:\/\/yoast.com\/product\/yoast-seo-wordpress\/ -->\n<title>Dimann: Calea dumneavoastr\u0103 c\u0103tre cistit\u0103<\/title>\n<meta name=\"description\" content=\"Dimann g\u0103se\u0219te calea potrivit\u0103 pentru tine \u00eempotriva cistitei. V\u0103 ascult\u0103, v\u0103 sprijin\u0103 \u0219i v\u0103 \u00eenso\u021be\u0219te pentru a sc\u0103pa de cistit\u0103. Afla\u021bi cum.\" \/>\n<meta name=\"robots\" content=\"index, follow, max-snippet:-1, max-image-preview:large, max-video-preview:-1\" \/>\n<link rel=\"canonical\" href=\"https:\/\/www.dimann.com\/ro\/rimedi-naturali-cistite\/\" \/>\n<meta property=\"og:locale\" content=\"ro_RO\" \/>\n<meta property=\"og:type\" content=\"article\" \/>\n<meta property=\"og:title\" content=\"Dimann: Calea dumneavoastr\u0103 c\u0103tre cistit\u0103\" \/>\n<meta property=\"og:description\" content=\"Dimann g\u0103se\u0219te calea potrivit\u0103 pentru tine \u00eempotriva cistitei. V\u0103 ascult\u0103, v\u0103 sprijin\u0103 \u0219i v\u0103 \u00eenso\u021be\u0219te pentru a sc\u0103pa de cistit\u0103. Afla\u021bi cum.\" \/>\n<meta property=\"og:url\" content=\"https:\/\/www.dimann.com\/ro\/rimedi-naturali-cistite\/\" \/>\n<meta property=\"og:site_name\" content=\"Dimann\" \/>\n<meta property=\"article:publisher\" content=\"https:\/\/www.facebook.com\/pg\/Dimann.cistite\/posts\/\" \/>\n<meta property=\"article:modified_time\" content=\"2025-10-15T13:47:54+00:00\" \/>\n<meta property=\"og:image\" content=\"http:\/\/default\" \/>\n<meta name=\"twitter:card\" content=\"summary_large_image\" \/>\n<!-- \/ Yoast SEO plugin. -->","yoast_head_json":{"title":"Dimann: Calea dumneavoastr\u0103 c\u0103tre cistit\u0103","description":"Dimann g\u0103se\u0219te calea potrivit\u0103 pentru tine \u00eempotriva cistitei. V\u0103 ascult\u0103, v\u0103 sprijin\u0103 \u0219i v\u0103 \u00eenso\u021be\u0219te pentru a sc\u0103pa de cistit\u0103. Afla\u021bi cum.","robots":{"index":"index","follow":"follow","max-snippet":"max-snippet:-1","max-image-preview":"max-image-preview:large","max-video-preview":"max-video-preview:-1"},"canonical":"https:\/\/www.dimann.com\/ro\/rimedi-naturali-cistite\/","og_locale":"ro_RO","og_type":"article","og_title":"Dimann: Calea dumneavoastr\u0103 c\u0103tre cistit\u0103","og_description":"Dimann g\u0103se\u0219te calea potrivit\u0103 pentru tine \u00eempotriva cistitei. V\u0103 ascult\u0103, v\u0103 sprijin\u0103 \u0219i v\u0103 \u00eenso\u021be\u0219te pentru a sc\u0103pa de cistit\u0103. Afla\u021bi cum.","og_url":"https:\/\/www.dimann.com\/ro\/rimedi-naturali-cistite\/","og_site_name":"Dimann","article_publisher":"https:\/\/www.facebook.com\/pg\/Dimann.cistite\/posts\/","article_modified_time":"2025-10-15T13:47:54+00:00","og_image":[{"url":"default","type":"","width":"","height":""}],"twitter_card":"summary_large_image","schema":{"@context":"https:\/\/schema.org","@graph":[{"@type":"WebPage","@id":"https:\/\/www.dimann.com\/ro\/rimedi-naturali-cistite\/","url":"https:\/\/www.dimann.com\/ro\/rimedi-naturali-cistite\/","name":"Dimann: Calea dumneavoastr\u0103 c\u0103tre cistit\u0103","isPartOf":{"@id":"https:\/\/www.dimann.com\/ro\/#website"},"datePublished":"2025-02-10T13:54:39+00:00","dateModified":"2025-10-15T13:47:54+00:00","description":"Dimann g\u0103se\u0219te calea potrivit\u0103 pentru tine \u00eempotriva cistitei. V\u0103 ascult\u0103, v\u0103 sprijin\u0103 \u0219i v\u0103 \u00eenso\u021be\u0219te pentru a sc\u0103pa de cistit\u0103. Afla\u021bi cum.","inLanguage":"ro-RO","potentialAction":[{"@type":"ReadAction","target":["https:\/\/www.dimann.com\/ro\/rimedi-naturali-cistite\/"]}]},{"@type":"WebSite","@id":"https:\/\/www.dimann.com\/ro\/#website","url":"https:\/\/www.dimann.com\/ro\/","name":"Dimann","description":"","publisher":{"@id":"https:\/\/www.dimann.com\/ro\/#organization"},"potentialAction":[{"@type":"SearchAction","target":{"@type":"EntryPoint","urlTemplate":"https:\/\/www.dimann.com\/ro\/?s={search_term_string}"},"query-input":{"@type":"PropertyValueSpecification","valueRequired":true,"valueName":"search_term_string"}}],"inLanguage":"ro-RO"},{"@type":"Organization","@id":"https:\/\/www.dimann.com\/ro\/#organization","name":"Dimann","url":"https:\/\/www.dimann.com\/ro\/","logo":{"@type":"ImageObject","inLanguage":"ro-RO","@id":"https:\/\/www.dimann.com\/ro\/#\/schema\/logo\/image\/","url":"https:\/\/www.dimann.com\/wp-content\/uploads\/2019\/07\/logo.svg","contentUrl":"https:\/\/www.dimann.com\/wp-content\/uploads\/2019\/07\/logo.svg","width":1,"height":1,"caption":"Dimann"},"image":{"@id":"https:\/\/www.dimann.com\/ro\/#\/schema\/logo\/image\/"},"sameAs":["https:\/\/www.facebook.com\/pg\/Dimann.cistite\/posts\/","https:\/\/www.instagram.com\/dimann_official\/"]}]}},"_links":{"self":[{"href":"https:\/\/www.dimann.com\/ro\/wp-json\/wp\/v2\/pages\/45325","targetHints":{"allow":["GET"]}}],"collection":[{"href":"https:\/\/www.dimann.com\/ro\/wp-json\/wp\/v2\/pages"}],"about":[{"href":"https:\/\/www.dimann.com\/ro\/wp-json\/wp\/v2\/types\/page"}],"author":[{"embeddable":true,"href":"https:\/\/www.dimann.com\/ro\/wp-json\/wp\/v2\/users\/3"}],"replies":[{"embeddable":true,"href":"https:\/\/www.dimann.com\/ro\/wp-json\/wp\/v2\/comments?post=45325"}],"version-history":[{"count":4,"href":"https:\/\/www.dimann.com\/ro\/wp-json\/wp\/v2\/pages\/45325\/revisions"}],"predecessor-version":[{"id":58058,"href":"https:\/\/www.dimann.com\/ro\/wp-json\/wp\/v2\/pages\/45325\/revisions\/58058"}],"wp:attachment":[{"href":"https:\/\/www.dimann.com\/ro\/wp-json\/wp\/v2\/media?parent=45325"}],"curies":[{"name":"wp","href":"https:\/\/api.w.org\/{rel}","templated":true}]}}