{"id":45375,"date":"2025-02-10T14:54:47","date_gmt":"2025-02-10T13:54:47","guid":{"rendered":"https:\/\/www.dimann.com\/la-nostra-promessa\/"},"modified":"2025-10-15T15:47:39","modified_gmt":"2025-10-15T13:47:39","slug":"la-nostra-promessa","status":"publish","type":"page","link":"https:\/\/www.dimann.com\/ro\/la-nostra-promessa\/","title":{"rendered":"Despre noi: sprijin pentru femei cu cistit\u0103"},"content":{"rendered":"<div class=\"la-nostra-promessa-bold-statement\">\n<p class=\"p1 p1a\">Dorim s\u0103 ajut\u0103m<\/p>\n<p class=\"p1 p1b\">toate femeile din lume<\/p>\n<p class=\"p1 p1c\">pentru a aborda definitiv<\/p>\n<p class=\"p1 p1d\">propria lor cistit\u0103.<\/p>\n<\/div>\n<p>&nbsp;<\/p>\n<p class=\"p1\"><span class=\"s1\">Nu exist\u0103 un leac magic pentru cistit\u0103 \u0219i nu garant\u0103m c\u0103 aceasta va fi ultima dat\u0103 c\u00e2nd ve\u021bi cump\u0103ra un produs pentru acest companion insuportabil.  <\/span><\/p>\n<p class=\"p1\"><span class=\"s1\">Dar cu noi pute\u021bi fi siguri c\u0103 nu v\u0103 vom oferi niciodat\u0103 un produs care nu este pentru dumneavoastr\u0103.<\/span><\/p>\n<p>&nbsp;<\/p>\n<p class=\"p1\"><span class=\"s1\">V\u0103 vom ajuta s\u0103 afla\u021bi mai multe despre patologia dumneavoastr\u0103 \u0219i despre corpul dumneavoastr\u0103.  <\/span><\/p>\n<p class=\"p1\"><span class=\"s1\">V\u0103 vom sprijini pe calea spre mai bine.  <\/span><\/p>\n<p class=\"p1\"><span class=\"s1\">Vom sugera cele mai bune remedii. Ne vom limita la sfaturi privind stilul de via\u021b\u0103, dac\u0103 acest lucru este suficient.   <\/span><\/p>\n<p class=\"p1\"><span class=\"s1\">Vom fi al\u0103turi de dvs. de la primul p\u00e2n\u0103 la ultimul contact.<\/span><\/p>\n","protected":false},"excerpt":{"rendered":"<p>Dorim s\u0103 ajut\u0103m toate femeile din lume pentru a aborda definitiv propria lor cistit\u0103. &nbsp; Nu exist\u0103 un leac magic pentru cistit\u0103 \u0219i nu garant\u0103m c\u0103 aceasta va fi ultima dat\u0103 c\u00e2nd ve\u021bi cump\u0103ra un produs pentru acest companion insuportabil. Dar cu noi pute\u021bi fi siguri c\u0103 nu v\u0103 vom oferi niciodat\u0103 un produs care [&hellip;]<\/p>\n","protected":false},"author":3,"featured_media":0,"parent":0,"menu_order":0,"comment_status":"closed","ping_status":"closed","template":"","meta":{"_acf_changed":false,"footnotes":""},"class_list":["post-45375","page","type-page","status-publish","hentry"],"acf":[],"yoast_head":"<!-- This site is optimized with the Yoast SEO plugin v27.5 - https:\/\/yoast.com\/product\/yoast-seo-wordpress\/ -->\n<title>Promisiunea noastr\u0103<\/title>\n<meta name=\"description\" content=\"Promisiunea noastr\u0103 este s\u0103 sprijinim, s\u0103 sf\u0103tuim \u0219i s\u0103 ajut\u0103m femeile care au sau cred c\u0103 au cistit\u0103. Cu noi, v\u0103 cunoa\u0219te\u021bi mai bine.\" \/>\n<meta name=\"robots\" content=\"index, follow, max-snippet:-1, max-image-preview:large, max-video-preview:-1\" \/>\n<link rel=\"canonical\" href=\"https:\/\/www.dimann.com\/ro\/la-nostra-promessa\/\" \/>\n<meta property=\"og:locale\" content=\"ro_RO\" \/>\n<meta property=\"og:type\" content=\"article\" \/>\n<meta property=\"og:title\" content=\"Promisiunea noastr\u0103\" \/>\n<meta property=\"og:description\" content=\"Promisiunea noastr\u0103 este s\u0103 sprijinim, s\u0103 sf\u0103tuim \u0219i s\u0103 ajut\u0103m femeile care au sau cred c\u0103 au cistit\u0103. Cu noi, v\u0103 cunoa\u0219te\u021bi mai bine.\" \/>\n<meta property=\"og:url\" content=\"https:\/\/www.dimann.com\/ro\/la-nostra-promessa\/\" \/>\n<meta property=\"og:site_name\" content=\"Dimann\" \/>\n<meta property=\"article:publisher\" content=\"https:\/\/www.facebook.com\/pg\/Dimann.cistite\/posts\/\" \/>\n<meta property=\"article:modified_time\" content=\"2025-10-15T13:47:39+00:00\" \/>\n<meta property=\"og:image\" content=\"http:\/\/default\" \/>\n<meta name=\"twitter:card\" content=\"summary_large_image\" \/>\n<meta name=\"twitter:label1\" content=\"Timp estimat pentru citire\" \/>\n\t<meta name=\"twitter:data1\" content=\"1 minut\" \/>\n<!-- \/ Yoast SEO plugin. -->","yoast_head_json":{"title":"Promisiunea noastr\u0103","description":"Promisiunea noastr\u0103 este s\u0103 sprijinim, s\u0103 sf\u0103tuim \u0219i s\u0103 ajut\u0103m femeile care au sau cred c\u0103 au cistit\u0103. Cu noi, v\u0103 cunoa\u0219te\u021bi mai bine.","robots":{"index":"index","follow":"follow","max-snippet":"max-snippet:-1","max-image-preview":"max-image-preview:large","max-video-preview":"max-video-preview:-1"},"canonical":"https:\/\/www.dimann.com\/ro\/la-nostra-promessa\/","og_locale":"ro_RO","og_type":"article","og_title":"Promisiunea noastr\u0103","og_description":"Promisiunea noastr\u0103 este s\u0103 sprijinim, s\u0103 sf\u0103tuim \u0219i s\u0103 ajut\u0103m femeile care au sau cred c\u0103 au cistit\u0103. Cu noi, v\u0103 cunoa\u0219te\u021bi mai bine.","og_url":"https:\/\/www.dimann.com\/ro\/la-nostra-promessa\/","og_site_name":"Dimann","article_publisher":"https:\/\/www.facebook.com\/pg\/Dimann.cistite\/posts\/","article_modified_time":"2025-10-15T13:47:39+00:00","og_image":[{"url":"default","type":"","width":"","height":""}],"twitter_card":"summary_large_image","twitter_misc":{"Timp estimat pentru citire":"1 minut"},"schema":{"@context":"https:\/\/schema.org","@graph":[{"@type":"WebPage","@id":"https:\/\/www.dimann.com\/ro\/la-nostra-promessa\/","url":"https:\/\/www.dimann.com\/ro\/la-nostra-promessa\/","name":"Promisiunea noastr\u0103","isPartOf":{"@id":"https:\/\/www.dimann.com\/ro\/#website"},"datePublished":"2025-02-10T13:54:47+00:00","dateModified":"2025-10-15T13:47:39+00:00","description":"Promisiunea noastr\u0103 este s\u0103 sprijinim, s\u0103 sf\u0103tuim \u0219i s\u0103 ajut\u0103m femeile care au sau cred c\u0103 au cistit\u0103. Cu noi, v\u0103 cunoa\u0219te\u021bi mai bine.","inLanguage":"ro-RO","potentialAction":[{"@type":"ReadAction","target":["https:\/\/www.dimann.com\/ro\/la-nostra-promessa\/"]}]},{"@type":"WebSite","@id":"https:\/\/www.dimann.com\/ro\/#website","url":"https:\/\/www.dimann.com\/ro\/","name":"Dimann","description":"","publisher":{"@id":"https:\/\/www.dimann.com\/ro\/#organization"},"potentialAction":[{"@type":"SearchAction","target":{"@type":"EntryPoint","urlTemplate":"https:\/\/www.dimann.com\/ro\/?s={search_term_string}"},"query-input":{"@type":"PropertyValueSpecification","valueRequired":true,"valueName":"search_term_string"}}],"inLanguage":"ro-RO"},{"@type":"Organization","@id":"https:\/\/www.dimann.com\/ro\/#organization","name":"Dimann","url":"https:\/\/www.dimann.com\/ro\/","logo":{"@type":"ImageObject","inLanguage":"ro-RO","@id":"https:\/\/www.dimann.com\/ro\/#\/schema\/logo\/image\/","url":"https:\/\/www.dimann.com\/wp-content\/uploads\/2019\/07\/logo.svg","contentUrl":"https:\/\/www.dimann.com\/wp-content\/uploads\/2019\/07\/logo.svg","width":1,"height":1,"caption":"Dimann"},"image":{"@id":"https:\/\/www.dimann.com\/ro\/#\/schema\/logo\/image\/"},"sameAs":["https:\/\/www.facebook.com\/pg\/Dimann.cistite\/posts\/","https:\/\/www.instagram.com\/dimann_official\/"]}]}},"_links":{"self":[{"href":"https:\/\/www.dimann.com\/ro\/wp-json\/wp\/v2\/pages\/45375","targetHints":{"allow":["GET"]}}],"collection":[{"href":"https:\/\/www.dimann.com\/ro\/wp-json\/wp\/v2\/pages"}],"about":[{"href":"https:\/\/www.dimann.com\/ro\/wp-json\/wp\/v2\/types\/page"}],"author":[{"embeddable":true,"href":"https:\/\/www.dimann.com\/ro\/wp-json\/wp\/v2\/users\/3"}],"replies":[{"embeddable":true,"href":"https:\/\/www.dimann.com\/ro\/wp-json\/wp\/v2\/comments?post=45375"}],"version-history":[{"count":2,"href":"https:\/\/www.dimann.com\/ro\/wp-json\/wp\/v2\/pages\/45375\/revisions"}],"predecessor-version":[{"id":58054,"href":"https:\/\/www.dimann.com\/ro\/wp-json\/wp\/v2\/pages\/45375\/revisions\/58054"}],"wp:attachment":[{"href":"https:\/\/www.dimann.com\/ro\/wp-json\/wp\/v2\/media?parent=45375"}],"curies":[{"name":"wp","href":"https:\/\/api.w.org\/{rel}","templated":true}]}}