{"id":48938,"date":"2025-03-28T11:17:13","date_gmt":"2025-03-28T10:17:13","guid":{"rendered":"https:\/\/www.dimann.com\/la-cistite\/"},"modified":"2025-10-23T12:59:57","modified_gmt":"2025-10-23T10:59:57","slug":"cystit","status":"publish","type":"page","link":"https:\/\/www.dimann.com\/sv\/cystit\/","title":{"rendered":"Cystit: symtom och orsaker vid urinv\u00e4gsinfektion"},"content":{"rendered":"<p class=\"p1\"><span class=\"s1\">Cystit \u00e4r en<b>inflammation<\/b> i urinbl\u00e5sans v\u00e4gg som ofta orsakas av en urinv\u00e4gsinfektion.<br \/>\n<\/span><\/p>\n<p class=\"p1\"><span class=\"s1\">De flesta fall av infektion orsakas av <b>bakterier<\/b> fr\u00e5n tarmen. <\/span><\/p>\n<p class=\"p1\"><span class=\"s1\">Cystit drabbar oftast<b> kvinnor<\/b>, fr\u00e5n ung \u00e5lder till vuxen \u00e5lder, beroende p\u00e5 olika utl\u00f6sande faktorer.<br \/>\n<b><\/b><\/span><\/p>\n<p class=\"p1\"><span class=\"s1\">Om den <b>inte behandlas p\u00e5 r\u00e4tt s\u00e4tt<\/b> tenderar den att bli kronisk.<\/span><\/p>\n<div class=\"sintomi-desktop\">\n<p>SYMPTOM<\/p>\n<ul>\n<li class=\"li1\"><span class=\"s2\">P\u00e5tr\u00e4ngande och oavbrutet behov av att urinera<\/span><\/li>\n<li class=\"li1\"><span class=\"s2\">Sm\u00e4rtsam och &#8221;droppande&#8221; urinering<\/span><\/li>\n<li class=\"li1\"><span class=\"s2\">Ih\u00e5llande br\u00e4nnande<\/span><\/li>\n<li class=\"li1\"><span class=\"s2\">K\u00e4nsla av tung urinbl\u00e5sa <\/span><\/li>\n<li class=\"li1\"><span class=\"s2\">K\u00e4nsla av ofullst\u00e4ndig t\u00f6mning av urinbl\u00e5san<\/span><\/li>\n<li class=\"li1\"><span class=\"s2\">Grumlig, illaluktande urin<\/span><\/li>\n<li class=\"li1\"><span class=\"s2\">Sm\u00e4rta och kramper i nedre delen av buken<\/span><\/li>\n<li class=\"li1\"><span class=\"s2\">Ibland f\u00f6rekomst av blod i urinen<\/span><\/li>\n<\/ul>\n<\/div>\n","protected":false},"excerpt":{"rendered":"<p>Cystit \u00e4r eninflammation i urinbl\u00e5sans v\u00e4gg som ofta orsakas av en urinv\u00e4gsinfektion. De flesta fall av infektion orsakas av bakterier fr\u00e5n tarmen. Cystit drabbar oftast kvinnor, fr\u00e5n ung \u00e5lder till vuxen \u00e5lder, beroende p\u00e5 olika utl\u00f6sande faktorer. Om den inte behandlas p\u00e5 r\u00e4tt s\u00e4tt tenderar den att bli kronisk. SYMPTOM P\u00e5tr\u00e4ngande och oavbrutet behov av [&hellip;]<\/p>\n","protected":false},"author":3,"featured_media":0,"parent":0,"menu_order":0,"comment_status":"closed","ping_status":"closed","template":"","meta":{"_acf_changed":false,"footnotes":""},"class_list":["post-48938","page","type-page","status-publish","hentry"],"acf":[],"yoast_head":"<!-- This site is optimized with the Yoast SEO plugin v27.5 - https:\/\/yoast.com\/product\/yoast-seo-wordpress\/ -->\n<title>Cystit: orsaker, symtom och naturl\u00e4kemedel<\/title>\n<meta name=\"description\" content=\"Vad \u00e4r cystit, vilka \u00e4r de typiska orsakerna och symtomen, vilka \u00e4r l\u00e4kemedlen f\u00f6r att behandla cystit.\" \/>\n<meta name=\"robots\" content=\"index, follow, max-snippet:-1, max-image-preview:large, max-video-preview:-1\" \/>\n<link rel=\"canonical\" href=\"https:\/\/www.dimann.com\/sv\/cystit\/\" \/>\n<meta property=\"og:locale\" content=\"sv_SE\" \/>\n<meta property=\"og:type\" content=\"article\" \/>\n<meta property=\"og:title\" content=\"Cystit: orsaker, symtom och naturl\u00e4kemedel\" \/>\n<meta property=\"og:description\" content=\"Vad \u00e4r cystit, vilka \u00e4r de typiska orsakerna och symtomen, vilka \u00e4r l\u00e4kemedlen f\u00f6r att behandla cystit.\" \/>\n<meta property=\"og:url\" content=\"https:\/\/www.dimann.com\/sv\/cystit\/\" \/>\n<meta property=\"og:site_name\" content=\"Dimann\" \/>\n<meta property=\"article:publisher\" content=\"https:\/\/www.facebook.com\/pg\/Dimann.cistite\/posts\/\" \/>\n<meta property=\"article:modified_time\" content=\"2025-10-23T10:59:57+00:00\" \/>\n<meta property=\"og:image\" content=\"http:\/\/default\" \/>\n<meta name=\"twitter:card\" content=\"summary_large_image\" \/>\n<meta name=\"twitter:label1\" content=\"Ber\u00e4knad l\u00e4stid\" \/>\n\t<meta name=\"twitter:data1\" content=\"1 minut\" \/>\n<!-- \/ Yoast SEO plugin. -->","yoast_head_json":{"title":"Cystit: orsaker, symtom och naturl\u00e4kemedel","description":"Vad \u00e4r cystit, vilka \u00e4r de typiska orsakerna och symtomen, vilka \u00e4r l\u00e4kemedlen f\u00f6r att behandla cystit.","robots":{"index":"index","follow":"follow","max-snippet":"max-snippet:-1","max-image-preview":"max-image-preview:large","max-video-preview":"max-video-preview:-1"},"canonical":"https:\/\/www.dimann.com\/sv\/cystit\/","og_locale":"sv_SE","og_type":"article","og_title":"Cystit: orsaker, symtom och naturl\u00e4kemedel","og_description":"Vad \u00e4r cystit, vilka \u00e4r de typiska orsakerna och symtomen, vilka \u00e4r l\u00e4kemedlen f\u00f6r att behandla cystit.","og_url":"https:\/\/www.dimann.com\/sv\/cystit\/","og_site_name":"Dimann","article_publisher":"https:\/\/www.facebook.com\/pg\/Dimann.cistite\/posts\/","article_modified_time":"2025-10-23T10:59:57+00:00","og_image":[{"url":"default","type":"","width":"","height":""}],"twitter_card":"summary_large_image","twitter_misc":{"Ber\u00e4knad l\u00e4stid":"1 minut"},"schema":{"@context":"https:\/\/schema.org","@graph":[{"@type":"WebPage","@id":"https:\/\/www.dimann.com\/sv\/cystit\/","url":"https:\/\/www.dimann.com\/sv\/cystit\/","name":"Cystit: orsaker, symtom och naturl\u00e4kemedel","isPartOf":{"@id":"https:\/\/www.dimann.com\/sv\/#website"},"datePublished":"2025-03-28T10:17:13+00:00","dateModified":"2025-10-23T10:59:57+00:00","description":"Vad \u00e4r cystit, vilka \u00e4r de typiska orsakerna och symtomen, vilka \u00e4r l\u00e4kemedlen f\u00f6r att behandla cystit.","inLanguage":"sv-SE","potentialAction":[{"@type":"ReadAction","target":["https:\/\/www.dimann.com\/sv\/cystit\/"]}]},{"@type":"WebSite","@id":"https:\/\/www.dimann.com\/sv\/#website","url":"https:\/\/www.dimann.com\/sv\/","name":"Dimann","description":"","publisher":{"@id":"https:\/\/www.dimann.com\/sv\/#organization"},"potentialAction":[{"@type":"SearchAction","target":{"@type":"EntryPoint","urlTemplate":"https:\/\/www.dimann.com\/sv\/?s={search_term_string}"},"query-input":{"@type":"PropertyValueSpecification","valueRequired":true,"valueName":"search_term_string"}}],"inLanguage":"sv-SE"},{"@type":"Organization","@id":"https:\/\/www.dimann.com\/sv\/#organization","name":"Dimann","url":"https:\/\/www.dimann.com\/sv\/","logo":{"@type":"ImageObject","inLanguage":"sv-SE","@id":"https:\/\/www.dimann.com\/sv\/#\/schema\/logo\/image\/","url":"https:\/\/www.dimann.com\/wp-content\/uploads\/2019\/07\/logo.svg","contentUrl":"https:\/\/www.dimann.com\/wp-content\/uploads\/2019\/07\/logo.svg","width":1,"height":1,"caption":"Dimann"},"image":{"@id":"https:\/\/www.dimann.com\/sv\/#\/schema\/logo\/image\/"},"sameAs":["https:\/\/www.facebook.com\/pg\/Dimann.cistite\/posts\/","https:\/\/www.instagram.com\/dimann_official\/"]}]}},"_links":{"self":[{"href":"https:\/\/www.dimann.com\/sv\/wp-json\/wp\/v2\/pages\/48938","targetHints":{"allow":["GET"]}}],"collection":[{"href":"https:\/\/www.dimann.com\/sv\/wp-json\/wp\/v2\/pages"}],"about":[{"href":"https:\/\/www.dimann.com\/sv\/wp-json\/wp\/v2\/types\/page"}],"author":[{"embeddable":true,"href":"https:\/\/www.dimann.com\/sv\/wp-json\/wp\/v2\/users\/3"}],"replies":[{"embeddable":true,"href":"https:\/\/www.dimann.com\/sv\/wp-json\/wp\/v2\/comments?post=48938"}],"version-history":[{"count":3,"href":"https:\/\/www.dimann.com\/sv\/wp-json\/wp\/v2\/pages\/48938\/revisions"}],"predecessor-version":[{"id":59141,"href":"https:\/\/www.dimann.com\/sv\/wp-json\/wp\/v2\/pages\/48938\/revisions\/59141"}],"wp:attachment":[{"href":"https:\/\/www.dimann.com\/sv\/wp-json\/wp\/v2\/media?parent=48938"}],"curies":[{"name":"wp","href":"https:\/\/api.w.org\/{rel}","templated":true}]}}