{"id":48945,"date":"2025-03-28T11:17:16","date_gmt":"2025-03-28T10:17:16","guid":{"rendered":"https:\/\/www.dimann.com\/il-d-mannosio\/"},"modified":"2025-10-23T13:02:37","modified_gmt":"2025-10-23T11:02:37","slug":"d-mannos","status":"publish","type":"page","link":"https:\/\/www.dimann.com\/sv\/d-mannos\/","title":{"rendered":"D-mannos"},"content":{"rendered":"<p class=\"p1\"><span class=\"s1\">D-mannos (r\u00e4tt mannos) \u00e4r en enkel sockerart, eller monosackarid, som utvinns naturligt fr\u00e5n barken p\u00e5 l\u00f6vtr\u00e4d.<\/span><\/p>\n<p class=\"p1\"><span class=\"s1\">D-mannosen i Dimanns produkter utvinns ur bj\u00f6rkbark, den renaste och mest h\u00f6gkvalitativa k\u00e4llan.<\/span><\/p>\n","protected":false},"excerpt":{"rendered":"<p>D-mannos (r\u00e4tt mannos) \u00e4r en enkel sockerart, eller monosackarid, som utvinns naturligt fr\u00e5n barken p\u00e5 l\u00f6vtr\u00e4d. D-mannosen i Dimanns produkter utvinns ur bj\u00f6rkbark, den renaste och mest h\u00f6gkvalitativa k\u00e4llan.<\/p>\n","protected":false},"author":3,"featured_media":0,"parent":0,"menu_order":0,"comment_status":"closed","ping_status":"closed","template":"","meta":{"_acf_changed":false,"footnotes":""},"class_list":["post-48945","page","type-page","status-publish","hentry"],"acf":[],"yoast_head":"<!-- This site is optimized with the Yoast SEO plugin v27.5 - https:\/\/yoast.com\/product\/yoast-seo-wordpress\/ -->\n<title>D-Mannose: allt du beh\u00f6ver veta<\/title>\n<meta name=\"description\" content=\"D-mannose Pure, enkelt socker f\u00f6r att befria urinbl\u00e5san fr\u00e5n bakterier. D-mannose Puro botar och f\u00f6rebygger cystit. Uppt\u00e4ck dess egenskaper.\" \/>\n<meta name=\"robots\" content=\"index, follow, max-snippet:-1, max-image-preview:large, max-video-preview:-1\" \/>\n<link rel=\"canonical\" href=\"https:\/\/www.dimann.com\/sv\/d-mannos\/\" \/>\n<meta property=\"og:locale\" content=\"sv_SE\" \/>\n<meta property=\"og:type\" content=\"article\" \/>\n<meta property=\"og:title\" content=\"D-Mannose: allt du beh\u00f6ver veta\" \/>\n<meta property=\"og:description\" content=\"D-mannose Pure, enkelt socker f\u00f6r att befria urinbl\u00e5san fr\u00e5n bakterier. D-mannose Puro botar och f\u00f6rebygger cystit. Uppt\u00e4ck dess egenskaper.\" \/>\n<meta property=\"og:url\" content=\"https:\/\/www.dimann.com\/sv\/d-mannos\/\" \/>\n<meta property=\"og:site_name\" content=\"Dimann\" \/>\n<meta property=\"article:publisher\" content=\"https:\/\/www.facebook.com\/pg\/Dimann.cistite\/posts\/\" \/>\n<meta property=\"article:modified_time\" content=\"2025-10-23T11:02:37+00:00\" \/>\n<meta property=\"og:image\" content=\"http:\/\/default\" \/>\n<meta name=\"twitter:card\" content=\"summary_large_image\" \/>\n<meta name=\"twitter:label1\" content=\"Ber\u00e4knad l\u00e4stid\" \/>\n\t<meta name=\"twitter:data1\" content=\"1 minut\" \/>\n<!-- \/ Yoast SEO plugin. -->","yoast_head_json":{"title":"D-Mannose: allt du beh\u00f6ver veta","description":"D-mannose Pure, enkelt socker f\u00f6r att befria urinbl\u00e5san fr\u00e5n bakterier. D-mannose Puro botar och f\u00f6rebygger cystit. Uppt\u00e4ck dess egenskaper.","robots":{"index":"index","follow":"follow","max-snippet":"max-snippet:-1","max-image-preview":"max-image-preview:large","max-video-preview":"max-video-preview:-1"},"canonical":"https:\/\/www.dimann.com\/sv\/d-mannos\/","og_locale":"sv_SE","og_type":"article","og_title":"D-Mannose: allt du beh\u00f6ver veta","og_description":"D-mannose Pure, enkelt socker f\u00f6r att befria urinbl\u00e5san fr\u00e5n bakterier. D-mannose Puro botar och f\u00f6rebygger cystit. Uppt\u00e4ck dess egenskaper.","og_url":"https:\/\/www.dimann.com\/sv\/d-mannos\/","og_site_name":"Dimann","article_publisher":"https:\/\/www.facebook.com\/pg\/Dimann.cistite\/posts\/","article_modified_time":"2025-10-23T11:02:37+00:00","og_image":[{"url":"default","type":"","width":"","height":""}],"twitter_card":"summary_large_image","twitter_misc":{"Ber\u00e4knad l\u00e4stid":"1 minut"},"schema":{"@context":"https:\/\/schema.org","@graph":[{"@type":"WebPage","@id":"https:\/\/www.dimann.com\/sv\/d-mannos\/","url":"https:\/\/www.dimann.com\/sv\/d-mannos\/","name":"D-Mannose: allt du beh\u00f6ver veta","isPartOf":{"@id":"https:\/\/www.dimann.com\/sv\/#website"},"datePublished":"2025-03-28T10:17:16+00:00","dateModified":"2025-10-23T11:02:37+00:00","description":"D-mannose Pure, enkelt socker f\u00f6r att befria urinbl\u00e5san fr\u00e5n bakterier. D-mannose Puro botar och f\u00f6rebygger cystit. Uppt\u00e4ck dess egenskaper.","inLanguage":"sv-SE","potentialAction":[{"@type":"ReadAction","target":["https:\/\/www.dimann.com\/sv\/d-mannos\/"]}]},{"@type":"WebSite","@id":"https:\/\/www.dimann.com\/sv\/#website","url":"https:\/\/www.dimann.com\/sv\/","name":"Dimann","description":"","publisher":{"@id":"https:\/\/www.dimann.com\/sv\/#organization"},"potentialAction":[{"@type":"SearchAction","target":{"@type":"EntryPoint","urlTemplate":"https:\/\/www.dimann.com\/sv\/?s={search_term_string}"},"query-input":{"@type":"PropertyValueSpecification","valueRequired":true,"valueName":"search_term_string"}}],"inLanguage":"sv-SE"},{"@type":"Organization","@id":"https:\/\/www.dimann.com\/sv\/#organization","name":"Dimann","url":"https:\/\/www.dimann.com\/sv\/","logo":{"@type":"ImageObject","inLanguage":"sv-SE","@id":"https:\/\/www.dimann.com\/sv\/#\/schema\/logo\/image\/","url":"https:\/\/www.dimann.com\/wp-content\/uploads\/2019\/07\/logo.svg","contentUrl":"https:\/\/www.dimann.com\/wp-content\/uploads\/2019\/07\/logo.svg","width":1,"height":1,"caption":"Dimann"},"image":{"@id":"https:\/\/www.dimann.com\/sv\/#\/schema\/logo\/image\/"},"sameAs":["https:\/\/www.facebook.com\/pg\/Dimann.cistite\/posts\/","https:\/\/www.instagram.com\/dimann_official\/"]}]}},"_links":{"self":[{"href":"https:\/\/www.dimann.com\/sv\/wp-json\/wp\/v2\/pages\/48945","targetHints":{"allow":["GET"]}}],"collection":[{"href":"https:\/\/www.dimann.com\/sv\/wp-json\/wp\/v2\/pages"}],"about":[{"href":"https:\/\/www.dimann.com\/sv\/wp-json\/wp\/v2\/types\/page"}],"author":[{"embeddable":true,"href":"https:\/\/www.dimann.com\/sv\/wp-json\/wp\/v2\/users\/3"}],"replies":[{"embeddable":true,"href":"https:\/\/www.dimann.com\/sv\/wp-json\/wp\/v2\/comments?post=48945"}],"version-history":[{"count":3,"href":"https:\/\/www.dimann.com\/sv\/wp-json\/wp\/v2\/pages\/48945\/revisions"}],"predecessor-version":[{"id":59142,"href":"https:\/\/www.dimann.com\/sv\/wp-json\/wp\/v2\/pages\/48945\/revisions\/59142"}],"wp:attachment":[{"href":"https:\/\/www.dimann.com\/sv\/wp-json\/wp\/v2\/media?parent=48945"}],"curies":[{"name":"wp","href":"https:\/\/api.w.org\/{rel}","templated":true}]}}