{"id":48971,"date":"2025-03-28T11:17:19","date_gmt":"2025-03-28T10:17:19","guid":{"rendered":"https:\/\/www.dimann.com\/la-nostra-promessa\/"},"modified":"2025-10-15T15:45:44","modified_gmt":"2025-10-15T13:45:44","slug":"vart-lofte","status":"publish","type":"page","link":"https:\/\/www.dimann.com\/sv\/vart-lofte\/","title":{"rendered":"Om oss: v\u00e5rt uppdrag mot \u00e5terkommande cystit"},"content":{"rendered":"<div class=\"la-nostra-promessa-bold-statement\">\n<p class=\"p1 p1a\">Vi vill hj\u00e4lpa till<\/p>\n<p class=\"p1 p1b\">alla kvinnor i v\u00e4rlden<\/p>\n<p class=\"p1 p1c\">f\u00f6r att definitivt ta itu med<\/p>\n<p class=\"p1 p1d\">sin egen cystit.<\/p>\n<\/div>\n<p>&nbsp;<\/p>\n<p class=\"p1\"><span class=\"s1\">Det finns inget magiskt botemedel mot cystit och vi garanterar inte att den h\u00e4r g\u00e5ngen blir den sista g\u00e5ngen du k\u00f6per en produkt f\u00f6r denna outh\u00e4rdliga f\u00f6ljeslagare.  <\/span><\/p>\n<p class=\"p1\"><span class=\"s1\">Men med oss kan du vara s\u00e4ker p\u00e5 att vi aldrig kommer att erbjuda dig en produkt som inte \u00e4r f\u00f6r dig.<\/span><\/p>\n<p>&nbsp;<\/p>\n<p class=\"p1\"><span class=\"s1\">Vi hj\u00e4lper dig att l\u00e4ra dig mer om din patologi och din kropp.  <\/span><\/p>\n<p class=\"p1\"><span class=\"s1\">Vi kommer att st\u00f6dja dig p\u00e5 v\u00e4gen mot att bli b\u00e4ttre.  <\/span><\/p>\n<p class=\"p1\"><span class=\"s1\">Vi kommer att f\u00f6resl\u00e5 de b\u00e4sta l\u00f6sningarna. Vi kommer att begr\u00e4nsa oss till livsstilsr\u00e5d om det \u00e4r tillr\u00e4ckligt.   <\/span><\/p>\n<p class=\"p1\"><span class=\"s1\">Vi kommer att vara med dig fr\u00e5n den f\u00f6rsta till den sista kontakten.<\/span><\/p>\n","protected":false},"excerpt":{"rendered":"<p>Vi vill hj\u00e4lpa till alla kvinnor i v\u00e4rlden f\u00f6r att definitivt ta itu med sin egen cystit. &nbsp; Det finns inget magiskt botemedel mot cystit och vi garanterar inte att den h\u00e4r g\u00e5ngen blir den sista g\u00e5ngen du k\u00f6per en produkt f\u00f6r denna outh\u00e4rdliga f\u00f6ljeslagare. Men med oss kan du vara s\u00e4ker p\u00e5 att vi [&hellip;]<\/p>\n","protected":false},"author":3,"featured_media":0,"parent":0,"menu_order":0,"comment_status":"closed","ping_status":"closed","template":"","meta":{"_acf_changed":false,"footnotes":""},"class_list":["post-48971","page","type-page","status-publish","hentry"],"acf":[],"yoast_head":"<!-- This site is optimized with the Yoast SEO plugin v27.5 - https:\/\/yoast.com\/product\/yoast-seo-wordpress\/ -->\n<title>V\u00e5rt l\u00f6fte<\/title>\n<meta name=\"description\" content=\"V\u00e5rt l\u00f6fte \u00e4r att st\u00f6tta, ge r\u00e5d och hj\u00e4lpa kvinnor som har eller tror sig ha cystit. Med oss k\u00e4nner du dig sj\u00e4lv b\u00e4ttre.\" \/>\n<meta name=\"robots\" content=\"index, follow, max-snippet:-1, max-image-preview:large, max-video-preview:-1\" \/>\n<link rel=\"canonical\" href=\"https:\/\/www.dimann.com\/sv\/vart-lofte\/\" \/>\n<meta property=\"og:locale\" content=\"sv_SE\" \/>\n<meta property=\"og:type\" content=\"article\" \/>\n<meta property=\"og:title\" content=\"V\u00e5rt l\u00f6fte\" \/>\n<meta property=\"og:description\" content=\"V\u00e5rt l\u00f6fte \u00e4r att st\u00f6tta, ge r\u00e5d och hj\u00e4lpa kvinnor som har eller tror sig ha cystit. Med oss k\u00e4nner du dig sj\u00e4lv b\u00e4ttre.\" \/>\n<meta property=\"og:url\" content=\"https:\/\/www.dimann.com\/sv\/vart-lofte\/\" \/>\n<meta property=\"og:site_name\" content=\"Dimann\" \/>\n<meta property=\"article:publisher\" content=\"https:\/\/www.facebook.com\/pg\/Dimann.cistite\/posts\/\" \/>\n<meta property=\"article:modified_time\" content=\"2025-10-15T13:45:44+00:00\" \/>\n<meta property=\"og:image\" content=\"http:\/\/default\" \/>\n<meta name=\"twitter:card\" content=\"summary_large_image\" \/>\n<meta name=\"twitter:label1\" content=\"Ber\u00e4knad l\u00e4stid\" \/>\n\t<meta name=\"twitter:data1\" content=\"1 minut\" \/>\n<!-- \/ Yoast SEO plugin. -->","yoast_head_json":{"title":"V\u00e5rt l\u00f6fte","description":"V\u00e5rt l\u00f6fte \u00e4r att st\u00f6tta, ge r\u00e5d och hj\u00e4lpa kvinnor som har eller tror sig ha cystit. Med oss k\u00e4nner du dig sj\u00e4lv b\u00e4ttre.","robots":{"index":"index","follow":"follow","max-snippet":"max-snippet:-1","max-image-preview":"max-image-preview:large","max-video-preview":"max-video-preview:-1"},"canonical":"https:\/\/www.dimann.com\/sv\/vart-lofte\/","og_locale":"sv_SE","og_type":"article","og_title":"V\u00e5rt l\u00f6fte","og_description":"V\u00e5rt l\u00f6fte \u00e4r att st\u00f6tta, ge r\u00e5d och hj\u00e4lpa kvinnor som har eller tror sig ha cystit. Med oss k\u00e4nner du dig sj\u00e4lv b\u00e4ttre.","og_url":"https:\/\/www.dimann.com\/sv\/vart-lofte\/","og_site_name":"Dimann","article_publisher":"https:\/\/www.facebook.com\/pg\/Dimann.cistite\/posts\/","article_modified_time":"2025-10-15T13:45:44+00:00","og_image":[{"url":"default","type":"","width":"","height":""}],"twitter_card":"summary_large_image","twitter_misc":{"Ber\u00e4knad l\u00e4stid":"1 minut"},"schema":{"@context":"https:\/\/schema.org","@graph":[{"@type":"WebPage","@id":"https:\/\/www.dimann.com\/sv\/vart-lofte\/","url":"https:\/\/www.dimann.com\/sv\/vart-lofte\/","name":"V\u00e5rt l\u00f6fte","isPartOf":{"@id":"https:\/\/www.dimann.com\/sv\/#website"},"datePublished":"2025-03-28T10:17:19+00:00","dateModified":"2025-10-15T13:45:44+00:00","description":"V\u00e5rt l\u00f6fte \u00e4r att st\u00f6tta, ge r\u00e5d och hj\u00e4lpa kvinnor som har eller tror sig ha cystit. Med oss k\u00e4nner du dig sj\u00e4lv b\u00e4ttre.","inLanguage":"sv-SE","potentialAction":[{"@type":"ReadAction","target":["https:\/\/www.dimann.com\/sv\/vart-lofte\/"]}]},{"@type":"WebSite","@id":"https:\/\/www.dimann.com\/sv\/#website","url":"https:\/\/www.dimann.com\/sv\/","name":"Dimann","description":"","publisher":{"@id":"https:\/\/www.dimann.com\/sv\/#organization"},"potentialAction":[{"@type":"SearchAction","target":{"@type":"EntryPoint","urlTemplate":"https:\/\/www.dimann.com\/sv\/?s={search_term_string}"},"query-input":{"@type":"PropertyValueSpecification","valueRequired":true,"valueName":"search_term_string"}}],"inLanguage":"sv-SE"},{"@type":"Organization","@id":"https:\/\/www.dimann.com\/sv\/#organization","name":"Dimann","url":"https:\/\/www.dimann.com\/sv\/","logo":{"@type":"ImageObject","inLanguage":"sv-SE","@id":"https:\/\/www.dimann.com\/sv\/#\/schema\/logo\/image\/","url":"https:\/\/www.dimann.com\/wp-content\/uploads\/2019\/07\/logo.svg","contentUrl":"https:\/\/www.dimann.com\/wp-content\/uploads\/2019\/07\/logo.svg","width":1,"height":1,"caption":"Dimann"},"image":{"@id":"https:\/\/www.dimann.com\/sv\/#\/schema\/logo\/image\/"},"sameAs":["https:\/\/www.facebook.com\/pg\/Dimann.cistite\/posts\/","https:\/\/www.instagram.com\/dimann_official\/"]}]}},"_links":{"self":[{"href":"https:\/\/www.dimann.com\/sv\/wp-json\/wp\/v2\/pages\/48971","targetHints":{"allow":["GET"]}}],"collection":[{"href":"https:\/\/www.dimann.com\/sv\/wp-json\/wp\/v2\/pages"}],"about":[{"href":"https:\/\/www.dimann.com\/sv\/wp-json\/wp\/v2\/types\/page"}],"author":[{"embeddable":true,"href":"https:\/\/www.dimann.com\/sv\/wp-json\/wp\/v2\/users\/3"}],"replies":[{"embeddable":true,"href":"https:\/\/www.dimann.com\/sv\/wp-json\/wp\/v2\/comments?post=48971"}],"version-history":[{"count":2,"href":"https:\/\/www.dimann.com\/sv\/wp-json\/wp\/v2\/pages\/48971\/revisions"}],"predecessor-version":[{"id":58027,"href":"https:\/\/www.dimann.com\/sv\/wp-json\/wp\/v2\/pages\/48971\/revisions\/58027"}],"wp:attachment":[{"href":"https:\/\/www.dimann.com\/sv\/wp-json\/wp\/v2\/media?parent=48971"}],"curies":[{"name":"wp","href":"https:\/\/api.w.org\/{rel}","templated":true}]}}