{"id":49742,"date":"2025-04-07T10:26:58","date_gmt":"2025-04-07T08:26:58","guid":{"rendered":"https:\/\/www.dimann.com\/contattaci\/"},"modified":"2025-10-15T15:45:21","modified_gmt":"2025-10-15T13:45:21","slug":"kontakta-oss","status":"publish","type":"page","link":"https:\/\/www.dimann.com\/sv\/kontakta-oss\/","title":{"rendered":"Bl\u00e5skatarr som inte g\u00e5r \u00f6ver: personlig r\u00e5dgivning"},"content":{"rendered":"\t\t<div data-elementor-type=\"wp-page\" data-elementor-id=\"49742\" class=\"elementor elementor-49742 elementor-42107\" data-elementor-post-type=\"page\">\n\t\t\t\t\t\t<section class=\"elementor-section elementor-top-section elementor-element elementor-element-89d8f67 elementor-section-boxed elementor-section-height-default elementor-section-height-default\" data-id=\"89d8f67\" data-element_type=\"section\" data-e-type=\"section\">\n\t\t\t\t\t\t<div class=\"elementor-container elementor-column-gap-default\">\n\t\t\t\t\t<div class=\"elementor-column elementor-col-100 elementor-top-column elementor-element elementor-element-6abf854\" data-id=\"6abf854\" data-element_type=\"column\" data-e-type=\"column\">\n\t\t\t<div class=\"elementor-widget-wrap elementor-element-populated\">\n\t\t\t\t\t\t<div class=\"elementor-element elementor-element-5a806c9 elementor-widget elementor-widget-text-editor\" data-id=\"5a806c9\" data-element_type=\"widget\" data-e-type=\"widget\" data-widget_type=\"text-editor.default\">\n\t\t\t\t<div class=\"elementor-widget-container\">\n\t\t\t\t\t\t\t\t\t<p><em>Mot cystit har du provat dem alla men k\u00e4nner dig fortfarande p\u00e5 ruta ett?<br \/>Har du tappat tron p\u00e5 n\u00e5got botemedel?<br \/>Vill du ta tillbaka ditt liv i dina h\u00e4nder?<\/em><\/p>\n<\/p>\n<p>Vi vet hur det k\u00e4nns n\u00e4r bl\u00e5skatarr kommer tillbaka trots behandling.  <br \/><strong>L\u00e5t oss prata om det tillsammans och hitta r\u00e4tt l\u00f6sning f\u00f6r dig!<\/strong><\/p>\n\t\t\t\t\t\t\t\t<\/div>\n\t\t\t\t<\/div>\n\t\t\t\t<div class=\"elementor-element elementor-element-11fcef8 elementor-hidden-mobile elementor-widget elementor-widget-spacer\" data-id=\"11fcef8\" data-element_type=\"widget\" data-e-type=\"widget\" data-widget_type=\"spacer.default\">\n\t\t\t\t<div class=\"elementor-widget-container\">\n\t\t\t\t\t\t\t<div class=\"elementor-spacer\">\n\t\t\t<div class=\"elementor-spacer-inner\"><\/div>\n\t\t<\/div>\n\t\t\t\t\t\t<\/div>\n\t\t\t\t<\/div>\n\t\t\t\t<div class=\"elementor-element elementor-element-30eb8c5 elementor-align-center elementor-widget__width-initial elementor-widget elementor-widget-button\" data-id=\"30eb8c5\" data-element_type=\"widget\" data-e-type=\"widget\" data-widget_type=\"button.default\">\n\t\t\t\t<div class=\"elementor-widget-container\">\n\t\t\t\t\t\t\t\t\t<div class=\"elementor-button-wrapper\">\n\t\t\t\t\t<a class=\"elementor-button elementor-button-link elementor-size-sm\" href=\"https:\/\/form.typeform.com\/to\/HHM65Aqf\" target=\"_blank\" rel=\"nofollow\">\n\t\t\t\t\t\t<span class=\"elementor-button-content-wrapper\">\n\t\t\t\t\t\t\t\t\t<span class=\"elementor-button-text\">KONTAKTA OSS NU<\/span>\n\t\t\t\t\t<\/span>\n\t\t\t\t\t<\/a>\n\t\t\t\t<\/div>\n\t\t\t\t\t\t\t\t<\/div>\n\t\t\t\t<\/div>\n\t\t\t\t\t<\/div>\n\t\t<\/div>\n\t\t\t\t\t<\/div>\n\t\t<\/section>\n\t\t\t\t<section class=\"elementor-section elementor-top-section elementor-element elementor-element-1909c982 elementor-section-boxed elementor-section-height-default elementor-section-height-default\" data-id=\"1909c982\" data-element_type=\"section\" data-e-type=\"section\">\n\t\t\t\t\t\t<div class=\"elementor-container elementor-column-gap-default\">\n\t\t\t\t\t<div class=\"elementor-column elementor-col-100 elementor-top-column elementor-element elementor-element-7ad857b0\" data-id=\"7ad857b0\" data-element_type=\"column\" data-e-type=\"column\">\n\t\t\t<div class=\"elementor-widget-wrap elementor-element-populated\">\n\t\t\t\t\t\t<div class=\"elementor-element elementor-element-5d5fee9 elementor-widget__width-initial elementor-hidden-mobile elementor-widget elementor-widget-heading\" data-id=\"5d5fee9\" data-element_type=\"widget\" data-e-type=\"widget\" data-widget_type=\"heading.default\">\n\t\t\t\t<div class=\"elementor-widget-container\">\n\t\t\t\t\t<h2 class=\"elementor-heading-title elementor-size-default\">BL\u00c5SKATARR SOM INTE G\u00c5R \u00d6VER?<\/h2>\t\t\t\t<\/div>\n\t\t\t\t<\/div>\n\t\t\t\t<div class=\"elementor-element elementor-element-79e22c6 elementor-hidden-desktop elementor-hidden-tablet elementor-widget elementor-widget-text-editor\" data-id=\"79e22c6\" data-element_type=\"widget\" data-e-type=\"widget\" data-widget_type=\"text-editor.default\">\n\t\t\t\t<div class=\"elementor-widget-container\">\n\t\t\t\t\t\t\t\t\t<h3>BL\u00c5SKATARR SOM INTE G\u00c5R \u00d6VER?<\/h3>\n\t\t\t\t\t\t\t\t<\/div>\n\t\t\t\t<\/div>\n\t\t\t\t\t<\/div>\n\t\t<\/div>\n\t\t\t\t\t<\/div>\n\t\t<\/section>\n\t\t\t\t<section class=\"elementor-section elementor-top-section elementor-element elementor-element-138e41bc elementor-section-full_width elementor-section-stretched elementor-section-height-default elementor-section-height-default\" data-id=\"138e41bc\" data-element_type=\"section\" data-e-type=\"section\" data-settings=\"{&quot;stretch_section&quot;:&quot;section-stretched&quot;,&quot;background_background&quot;:&quot;classic&quot;}\">\n\t\t\t\t\t\t<div class=\"elementor-container elementor-column-gap-default\">\n\t\t\t\t\t<div class=\"elementor-column elementor-col-100 elementor-top-column elementor-element elementor-element-467be871\" data-id=\"467be871\" data-element_type=\"column\" data-e-type=\"column\">\n\t\t\t<div class=\"elementor-widget-wrap elementor-element-populated\">\n\t\t\t\t\t\t<section class=\"elementor-section elementor-inner-section elementor-element elementor-element-7077fb41 elementor-section-boxed elementor-section-height-default elementor-section-height-default\" data-id=\"7077fb41\" data-element_type=\"section\" data-e-type=\"section\">\n\t\t\t\t\t\t<div class=\"elementor-container elementor-column-gap-default\">\n\t\t\t\t\t<div class=\"elementor-column elementor-col-50 elementor-inner-column elementor-element elementor-element-2bac3c37\" data-id=\"2bac3c37\" data-element_type=\"column\" data-e-type=\"column\">\n\t\t\t<div class=\"elementor-widget-wrap elementor-element-populated\">\n\t\t\t\t\t\t<div class=\"elementor-element elementor-element-4cd82252 elementor-widget elementor-widget-heading\" data-id=\"4cd82252\" data-element_type=\"widget\" data-e-type=\"widget\" data-widget_type=\"heading.default\">\n\t\t\t\t<div class=\"elementor-widget-container\">\n\t\t\t\t\t<h3 class=\"elementor-heading-title elementor-size-default\">VI HJ\u00c4LPER DIG ATT HITTA R\u00c4TT<\/h3>\t\t\t\t<\/div>\n\t\t\t\t<\/div>\n\t\t\t\t<div class=\"elementor-element elementor-element-239edab6 elementor-widget elementor-widget-text-editor\" data-id=\"239edab6\" data-element_type=\"widget\" data-e-type=\"widget\" data-widget_type=\"text-editor.default\">\n\t\t\t\t<div class=\"elementor-widget-container\">\n\t\t\t\t\t\t\t\t\t<p class=\"p1\"><em>Mot cystit har du provat allt, du har f\u00f6ljt de f\u00f6reskrivna terapierna, men \u00e4nd\u00e5 kommer det tillbaka och du k\u00e4nner att du har sl\u00f6sat bort tid och pengar.  <\/p>\n<p><\/em>Vi vill hj\u00e4lpa dig att l\u00e4ra dig mer om din cystit, f\u00f6r det \u00e4r bara genom att g\u00e5 till roten med problemet som du kan b\u00f6rja hantera det f\u00f6r gott.  <\/p>\n<\/p>\n<p><strong>Ber\u00e4tta din historia<\/strong>: l\u00e5t oss tillsammans b\u00e4ttre f\u00f6rst\u00e5 ditt problem och vilka v\u00e4gar som leder till \u00e5terh\u00e4mtning.<\/p>\n\t\t\t\t\t\t\t\t<\/div>\n\t\t\t\t<\/div>\n\t\t\t\t<div class=\"elementor-element elementor-element-77b09c36 elementor-widget elementor-widget-html\" data-id=\"77b09c36\" data-element_type=\"widget\" data-e-type=\"widget\" data-widget_type=\"html.default\">\n\t\t\t\t<div class=\"elementor-widget-container\">\n\t\t\t\t\t<div class=\"decorator decorator--large decorator--green-light decorator--on-screen\" data-top=\"1543.171875\"><\/div>\t\t\t\t<\/div>\n\t\t\t\t<\/div>\n\t\t\t\t\t<\/div>\n\t\t<\/div>\n\t\t\t\t<div class=\"elementor-column elementor-col-50 elementor-inner-column elementor-element elementor-element-18aeb335\" data-id=\"18aeb335\" data-element_type=\"column\" data-e-type=\"column\">\n\t\t\t<div class=\"elementor-widget-wrap elementor-element-populated\">\n\t\t\t\t\t\t<div class=\"elementor-element elementor-element-3279f0fe elementor-widget elementor-widget-heading\" data-id=\"3279f0fe\" data-element_type=\"widget\" data-e-type=\"widget\" data-widget_type=\"heading.default\">\n\t\t\t\t<div class=\"elementor-widget-container\">\n\t\t\t\t\t<h3 class=\"elementor-heading-title elementor-size-default\">VI SKR\u00c4DDARSYR DIN RUTT<\/h3>\t\t\t\t<\/div>\n\t\t\t\t<\/div>\n\t\t\t\t<div class=\"elementor-element elementor-element-4ac4b02e elementor-widget elementor-widget-text-editor\" data-id=\"4ac4b02e\" data-element_type=\"widget\" data-e-type=\"widget\" data-widget_type=\"text-editor.default\">\n\t\t\t\t<div class=\"elementor-widget-container\">\n\t\t\t\t\t\t\t\t\t<p class=\"p1\"><b>Cystitbehandling \u00e4r personlig: hitta din egen!<br \/><\/b><\/p>\n<\/p>\n<p class=\"p1\">Det <em>finns inget standardmedel mot cystit<\/em>.<\/p>\n<p class=\"p1\">Det r\u00e4cker med att s\u00e4ga att cystit inte bara \u00e4r en: det finns flera typer, som beror p\u00e5 olika orsaker.  <b><\/p>\n<p>Anpassa din cystitbehandling med hj\u00e4lp av v\u00e5ra experter nu!<\/b><\/p>\n<p class=\"p1\"><b> <\/b><\/p>\n\t\t\t\t\t\t\t\t<\/div>\n\t\t\t\t<\/div>\n\t\t\t\t<div class=\"elementor-element elementor-element-6ed6363 elementor-align-center elementor-widget__width-initial elementor-widget elementor-widget-button\" data-id=\"6ed6363\" data-element_type=\"widget\" data-e-type=\"widget\" data-widget_type=\"button.default\">\n\t\t\t\t<div class=\"elementor-widget-container\">\n\t\t\t\t\t\t\t\t\t<div class=\"elementor-button-wrapper\">\n\t\t\t\t\t<a class=\"elementor-button elementor-button-link elementor-size-sm\" href=\"https:\/\/form.typeform.com\/to\/HHM65Aqf\" target=\"_blank\" rel=\"nofollow\">\n\t\t\t\t\t\t<span class=\"elementor-button-content-wrapper\">\n\t\t\t\t\t\t\t\t\t<span class=\"elementor-button-text\">F\u00c5 ST\u00d6D<\/span>\n\t\t\t\t\t<\/span>\n\t\t\t\t\t<\/a>\n\t\t\t\t<\/div>\n\t\t\t\t\t\t\t\t<\/div>\n\t\t\t\t<\/div>\n\t\t\t\t\t<\/div>\n\t\t<\/div>\n\t\t\t\t\t<\/div>\n\t\t<\/section>\n\t\t\t\t\t<\/div>\n\t\t<\/div>\n\t\t\t\t\t<\/div>\n\t\t<\/section>\n\t\t\t\t<section class=\"elementor-section elementor-top-section elementor-element elementor-element-1622de3a elementor-section-full_width elementor-section-height-min-height elementor-section-items-top elementor-section-stretched elementor-section-height-default\" data-id=\"1622de3a\" data-element_type=\"section\" data-e-type=\"section\" data-settings=\"{&quot;stretch_section&quot;:&quot;section-stretched&quot;,&quot;background_background&quot;:&quot;classic&quot;}\">\n\t\t\t\t\t\t<div class=\"elementor-container elementor-column-gap-default\">\n\t\t\t\t\t<div class=\"elementor-column elementor-col-100 elementor-top-column elementor-element elementor-element-d449917\" data-id=\"d449917\" data-element_type=\"column\" data-e-type=\"column\">\n\t\t\t<div class=\"elementor-widget-wrap elementor-element-populated\">\n\t\t\t\t\t\t<section class=\"elementor-section elementor-inner-section elementor-element elementor-element-33fd1bd1 elementor-section-boxed elementor-section-height-default elementor-section-height-default\" data-id=\"33fd1bd1\" data-element_type=\"section\" data-e-type=\"section\">\n\t\t\t\t\t\t<div class=\"elementor-container elementor-column-gap-default\">\n\t\t\t\t\t<div class=\"elementor-column elementor-col-50 elementor-inner-column elementor-element elementor-element-e05a766\" data-id=\"e05a766\" data-element_type=\"column\" data-e-type=\"column\">\n\t\t\t<div class=\"elementor-widget-wrap elementor-element-populated\">\n\t\t\t\t\t\t<div class=\"elementor-element elementor-element-72ae54a1 elementor-widget elementor-widget-heading\" data-id=\"72ae54a1\" data-element_type=\"widget\" data-e-type=\"widget\" data-widget_type=\"heading.default\">\n\t\t\t\t<div class=\"elementor-widget-container\">\n\t\t\t\t\t<h2 class=\"elementor-heading-title elementor-size-default\">OPTIMERAR FUNKTIONALITETEN HOS DIMANN-PRODUKTER<\/h2>\t\t\t\t<\/div>\n\t\t\t\t<\/div>\n\t\t\t\t<div class=\"elementor-element elementor-element-22705877 elementor-widget elementor-widget-text-editor\" data-id=\"22705877\" data-element_type=\"widget\" data-e-type=\"widget\" data-widget_type=\"text-editor.default\">\n\t\t\t\t<div class=\"elementor-widget-container\">\n\t\t\t\t\t\t\t\t\t<p>En exakt dosering f\u00f6r varje typ av cystit \u00e4r grunden f\u00f6r p\u00e5tagliga resultat med hj\u00e4lp av Dimann-produkter.<\/p>\n<\/p>\n<p><em>Vi f\u00f6rklarar steg f\u00f6r steg vilken dosering som ska f\u00f6ljas och anpassar den till ditt personliga fall f\u00f6r att hj\u00e4lpa dig att maximera resultatet.  <\/em><\/p>\n<p><em> <\/em><\/p>\n<p>Vi h\u00e5ller kontakten f\u00f6r att \u00f6vervaka dina cystitsymtom, eftersom vi bryr oss om att f\u00f6lja dig under hela din resa.<em> <\/em><\/p>\n\t\t\t\t\t\t\t\t<\/div>\n\t\t\t\t<\/div>\n\t\t\t\t\t<\/div>\n\t\t<\/div>\n\t\t\t\t<div class=\"elementor-column elementor-col-50 elementor-inner-column elementor-element elementor-element-1d1eb066\" data-id=\"1d1eb066\" data-element_type=\"column\" data-e-type=\"column\">\n\t\t\t<div class=\"elementor-widget-wrap elementor-element-populated\">\n\t\t\t\t\t\t<div class=\"elementor-element elementor-element-3c7cfd26 elementor-absolute elementor-hidden-mobile elementor-widget__width-initial elementor-widget elementor-widget-image\" data-id=\"3c7cfd26\" data-element_type=\"widget\" data-e-type=\"widget\" data-settings=\"{&quot;_position&quot;:&quot;absolute&quot;}\" data-widget_type=\"image.default\">\n\t\t\t\t<div class=\"elementor-widget-container\">\n\t\t\t\t\t\t\t\t\t\t\t\t\t\t\t\t<a href=\"https:\/\/form.typeform.com\/to\/WZ3QvT80\" target=\"_blank\" rel=\"nofollow\">\n\t\t\t\t\t\t\t<img fetchpriority=\"high\" decoding=\"async\" width=\"1024\" height=\"639\" src=\"https:\/\/www.dimann.com\/wp-content\/uploads\/2024\/06\/Render-bianco_1.png\" class=\"attachment-large size-large wp-image-49750\" alt=\"\" srcset=\"https:\/\/www.dimann.com\/wp-content\/uploads\/2024\/06\/Render-bianco_1.png 3840w, https:\/\/www.dimann.com\/wp-content\/uploads\/2024\/06\/Render-bianco_1-1536x959.png 1536w, https:\/\/www.dimann.com\/wp-content\/uploads\/2024\/06\/Render-bianco_1-2048x1279.png 2048w, https:\/\/www.dimann.com\/wp-content\/uploads\/2024\/06\/Render-bianco_1-120x75.png 120w, https:\/\/www.dimann.com\/wp-content\/uploads\/2024\/06\/Render-bianco_1-186x116.png 186w, https:\/\/www.dimann.com\/wp-content\/uploads\/2024\/06\/Render-bianco_1-625x390.png 625w, https:\/\/www.dimann.com\/wp-content\/uploads\/2024\/06\/Render-bianco_1-420x262.png 420w, https:\/\/www.dimann.com\/wp-content\/uploads\/2024\/06\/Render-bianco_1-700x437.png 700w, https:\/\/www.dimann.com\/wp-content\/uploads\/2024\/06\/Render-bianco_1-720x450.png 720w\" sizes=\"(max-width: 1024px) 100vw, 1024px\" \/>\t\t\t\t\t\t\t\t<\/a>\n\t\t\t\t\t\t\t\t\t\t\t\t\t\t\t<\/div>\n\t\t\t\t<\/div>\n\t\t\t\t\t<\/div>\n\t\t<\/div>\n\t\t\t\t\t<\/div>\n\t\t<\/section>\n\t\t\t\t\t<\/div>\n\t\t<\/div>\n\t\t\t\t\t<\/div>\n\t\t<\/section>\n\t\t\t\t<section class=\"elementor-section elementor-top-section elementor-element elementor-element-57b0242b elementor-section-full_width elementor-section-height-min-height elementor-section-stretched elementor-section-height-default elementor-section-items-middle\" data-id=\"57b0242b\" data-element_type=\"section\" data-e-type=\"section\" data-settings=\"{&quot;stretch_section&quot;:&quot;section-stretched&quot;}\">\n\t\t\t\t\t\t<div class=\"elementor-container elementor-column-gap-default\">\n\t\t\t\t\t<div class=\"elementor-column elementor-col-100 elementor-top-column elementor-element elementor-element-75d3342e\" data-id=\"75d3342e\" data-element_type=\"column\" data-e-type=\"column\">\n\t\t\t<div class=\"elementor-widget-wrap elementor-element-populated\">\n\t\t\t\t\t\t<section class=\"elementor-section elementor-inner-section elementor-element elementor-element-3513502e elementor-section-full_width elementor-section-height-default elementor-section-height-default\" data-id=\"3513502e\" data-element_type=\"section\" data-e-type=\"section\">\n\t\t\t\t\t\t<div class=\"elementor-container elementor-column-gap-default\">\n\t\t\t\t\t<div class=\"elementor-column elementor-col-50 elementor-inner-column elementor-element elementor-element-49eaca84\" data-id=\"49eaca84\" data-element_type=\"column\" data-e-type=\"column\">\n\t\t\t<div class=\"elementor-widget-wrap\">\n\t\t\t\t\t\t\t<\/div>\n\t\t<\/div>\n\t\t\t\t<div class=\"elementor-column elementor-col-50 elementor-inner-column elementor-element elementor-element-5c079b5f\" data-id=\"5c079b5f\" data-element_type=\"column\" data-e-type=\"column\">\n\t\t\t<div class=\"elementor-widget-wrap elementor-element-populated\">\n\t\t\t\t\t\t<div class=\"elementor-element elementor-element-754d1c43 elementor-align-center elementor-widget elementor-widget-button\" data-id=\"754d1c43\" data-element_type=\"widget\" data-e-type=\"widget\" data-widget_type=\"button.default\">\n\t\t\t\t<div class=\"elementor-widget-container\">\n\t\t\t\t\t\t\t\t\t<div class=\"elementor-button-wrapper\">\n\t\t\t\t\t<a class=\"elementor-button elementor-button-link elementor-size-sm\" href=\"https:\/\/form.typeform.com\/to\/HHM65Aqf\" target=\"_blank\" rel=\"nofollow\">\n\t\t\t\t\t\t<span class=\"elementor-button-content-wrapper\">\n\t\t\t\t\t\t\t\t\t<span class=\"elementor-button-text\">BE OSS OM INFORMATION<\/span>\n\t\t\t\t\t<\/span>\n\t\t\t\t\t<\/a>\n\t\t\t\t<\/div>\n\t\t\t\t\t\t\t\t<\/div>\n\t\t\t\t<\/div>\n\t\t\t\t\t<\/div>\n\t\t<\/div>\n\t\t\t\t\t<\/div>\n\t\t<\/section>\n\t\t\t\t\t<\/div>\n\t\t<\/div>\n\t\t\t\t\t<\/div>\n\t\t<\/section>\n\t\t\t\t<section class=\"elementor-section elementor-top-section elementor-element elementor-element-00b07b9 elementor-section-boxed elementor-section-height-default elementor-section-height-default\" data-id=\"00b07b9\" data-element_type=\"section\" data-e-type=\"section\">\n\t\t\t\t\t\t<div class=\"elementor-container elementor-column-gap-default\">\n\t\t\t\t\t<div class=\"elementor-column elementor-col-100 elementor-top-column elementor-element elementor-element-5851045\" data-id=\"5851045\" data-element_type=\"column\" data-e-type=\"column\">\n\t\t\t<div class=\"elementor-widget-wrap elementor-element-populated\">\n\t\t\t\t\t\t<div class=\"elementor-element elementor-element-f3e4cfe elementor-widget elementor-widget-spacer\" data-id=\"f3e4cfe\" data-element_type=\"widget\" data-e-type=\"widget\" data-widget_type=\"spacer.default\">\n\t\t\t\t<div class=\"elementor-widget-container\">\n\t\t\t\t\t\t\t<div class=\"elementor-spacer\">\n\t\t\t<div class=\"elementor-spacer-inner\"><\/div>\n\t\t<\/div>\n\t\t\t\t\t\t<\/div>\n\t\t\t\t<\/div>\n\t\t\t\t<div class=\"elementor-element elementor-element-9ba03b0 elementor-widget elementor-widget-text-editor\" data-id=\"9ba03b0\" data-element_type=\"widget\" data-e-type=\"widget\" data-widget_type=\"text-editor.default\">\n\t\t\t\t<div class=\"elementor-widget-container\">\n\t\t\t\t\t\t\t\t\t<p><em>All information p\u00e5 Dimann.com \u00e4r inte avsedd att och kan inte under n\u00e5gra omst\u00e4ndigheter utg\u00f6ra eller ers\u00e4tta formuleringen av en medicinsk diagnos. Vi rekommenderar d\u00e4rf\u00f6r att du alltid s\u00f6ker medicinsk r\u00e5dgivning innan du oms\u00e4tter n\u00e5gra r\u00e5d i praktiken. <\/em><\/p>\n\t\t\t\t\t\t\t\t<\/div>\n\t\t\t\t<\/div>\n\t\t\t\t\t<\/div>\n\t\t<\/div>\n\t\t\t\t\t<\/div>\n\t\t<\/section>\n\t\t\t\t<\/div>\n\t\t","protected":false},"excerpt":{"rendered":"<p>Mot cystit har du provat dem alla men k\u00e4nner dig fortfarande p\u00e5 ruta ett?Har du tappat tron p\u00e5 n\u00e5got botemedel?Vill du ta tillbaka ditt liv i dina h\u00e4nder? Vi vet hur det k\u00e4nns n\u00e4r bl\u00e5skatarr kommer tillbaka trots behandling. L\u00e5t oss prata om det tillsammans och hitta r\u00e4tt l\u00f6sning f\u00f6r dig! KONTAKTA OSS NU BL\u00c5SKATARR [&hellip;]<\/p>\n","protected":false},"author":12,"featured_media":0,"parent":0,"menu_order":0,"comment_status":"closed","ping_status":"closed","template":"page-template-1.php","meta":{"_acf_changed":false,"footnotes":""},"class_list":["post-49742","page","type-page","status-publish","hentry"],"acf":[],"yoast_head":"<!-- This site is optimized with the Yoast SEO plugin v27.5 - https:\/\/yoast.com\/product\/yoast-seo-wordpress\/ -->\n<title>Bl\u00e5skatarr som inte g\u00e5r \u00f6ver: personlig r\u00e5dgivning | Dimann<\/title>\n<meta name=\"description\" content=\"Kontakta oss! Beg\u00e4r en kostnadsfri konsultation f\u00f6r ditt specifika fall av cystit och f\u00e5 en skr\u00e4ddarsydd l\u00f6sning!\" \/>\n<meta name=\"robots\" content=\"index, follow, max-snippet:-1, max-image-preview:large, max-video-preview:-1\" \/>\n<link rel=\"canonical\" href=\"https:\/\/www.dimann.com\/sv\/kontakta-oss\/\" \/>\n<meta property=\"og:locale\" content=\"sv_SE\" \/>\n<meta property=\"og:type\" content=\"article\" \/>\n<meta property=\"og:title\" content=\"Bl\u00e5skatarr som inte g\u00e5r \u00f6ver: personlig r\u00e5dgivning | Dimann\" \/>\n<meta property=\"og:description\" content=\"Kontakta oss! Beg\u00e4r en kostnadsfri konsultation f\u00f6r ditt specifika fall av cystit och f\u00e5 en skr\u00e4ddarsydd l\u00f6sning!\" \/>\n<meta property=\"og:url\" content=\"https:\/\/www.dimann.com\/sv\/kontakta-oss\/\" \/>\n<meta property=\"og:site_name\" content=\"Dimann\" \/>\n<meta property=\"article:publisher\" content=\"https:\/\/www.facebook.com\/pg\/Dimann.cistite\/posts\/\" \/>\n<meta property=\"article:modified_time\" content=\"2025-10-15T13:45:21+00:00\" \/>\n<meta property=\"og:image\" content=\"https:\/\/www.dimann.com\/wp-content\/uploads\/2024\/06\/Render-bianco_1.png\" \/>\n<meta name=\"twitter:card\" content=\"summary_large_image\" \/>\n<meta name=\"twitter:label1\" content=\"Ber\u00e4knad l\u00e4stid\" \/>\n\t<meta name=\"twitter:data1\" content=\"2 minuter\" \/>\n<!-- \/ Yoast SEO plugin. -->","yoast_head_json":{"title":"Bl\u00e5skatarr som inte g\u00e5r \u00f6ver: personlig r\u00e5dgivning | Dimann","description":"Kontakta oss! Beg\u00e4r en kostnadsfri konsultation f\u00f6r ditt specifika fall av cystit och f\u00e5 en skr\u00e4ddarsydd l\u00f6sning!","robots":{"index":"index","follow":"follow","max-snippet":"max-snippet:-1","max-image-preview":"max-image-preview:large","max-video-preview":"max-video-preview:-1"},"canonical":"https:\/\/www.dimann.com\/sv\/kontakta-oss\/","og_locale":"sv_SE","og_type":"article","og_title":"Bl\u00e5skatarr som inte g\u00e5r \u00f6ver: personlig r\u00e5dgivning | Dimann","og_description":"Kontakta oss! Beg\u00e4r en kostnadsfri konsultation f\u00f6r ditt specifika fall av cystit och f\u00e5 en skr\u00e4ddarsydd l\u00f6sning!","og_url":"https:\/\/www.dimann.com\/sv\/kontakta-oss\/","og_site_name":"Dimann","article_publisher":"https:\/\/www.facebook.com\/pg\/Dimann.cistite\/posts\/","article_modified_time":"2025-10-15T13:45:21+00:00","og_image":[{"url":"https:\/\/www.dimann.com\/wp-content\/uploads\/2024\/06\/Render-bianco_1.png","type":"","width":"","height":""}],"twitter_card":"summary_large_image","twitter_misc":{"Ber\u00e4knad l\u00e4stid":"2 minuter"},"schema":{"@context":"https:\/\/schema.org","@graph":[{"@type":"WebPage","@id":"https:\/\/www.dimann.com\/sv\/kontakta-oss\/","url":"https:\/\/www.dimann.com\/sv\/kontakta-oss\/","name":"Bl\u00e5skatarr som inte g\u00e5r \u00f6ver: personlig r\u00e5dgivning | Dimann","isPartOf":{"@id":"https:\/\/www.dimann.com\/sv\/#website"},"primaryImageOfPage":{"@id":"https:\/\/www.dimann.com\/sv\/kontakta-oss\/#primaryimage"},"image":{"@id":"https:\/\/www.dimann.com\/sv\/kontakta-oss\/#primaryimage"},"thumbnailUrl":"https:\/\/www.dimann.com\/wp-content\/uploads\/2024\/06\/Render-bianco_1.png","datePublished":"2025-04-07T08:26:58+00:00","dateModified":"2025-10-15T13:45:21+00:00","description":"Kontakta oss! Beg\u00e4r en kostnadsfri konsultation f\u00f6r ditt specifika fall av cystit och f\u00e5 en skr\u00e4ddarsydd l\u00f6sning!","inLanguage":"sv-SE","potentialAction":[{"@type":"ReadAction","target":["https:\/\/www.dimann.com\/sv\/kontakta-oss\/"]}]},{"@type":"ImageObject","inLanguage":"sv-SE","@id":"https:\/\/www.dimann.com\/sv\/kontakta-oss\/#primaryimage","url":"https:\/\/www.dimann.com\/wp-content\/uploads\/2024\/06\/Render-bianco_1.png","contentUrl":"https:\/\/www.dimann.com\/wp-content\/uploads\/2024\/06\/Render-bianco_1.png"},{"@type":"WebSite","@id":"https:\/\/www.dimann.com\/sv\/#website","url":"https:\/\/www.dimann.com\/sv\/","name":"Dimann","description":"","publisher":{"@id":"https:\/\/www.dimann.com\/sv\/#organization"},"potentialAction":[{"@type":"SearchAction","target":{"@type":"EntryPoint","urlTemplate":"https:\/\/www.dimann.com\/sv\/?s={search_term_string}"},"query-input":{"@type":"PropertyValueSpecification","valueRequired":true,"valueName":"search_term_string"}}],"inLanguage":"sv-SE"},{"@type":"Organization","@id":"https:\/\/www.dimann.com\/sv\/#organization","name":"Dimann","url":"https:\/\/www.dimann.com\/sv\/","logo":{"@type":"ImageObject","inLanguage":"sv-SE","@id":"https:\/\/www.dimann.com\/sv\/#\/schema\/logo\/image\/","url":"https:\/\/www.dimann.com\/wp-content\/uploads\/2019\/07\/logo.svg","contentUrl":"https:\/\/www.dimann.com\/wp-content\/uploads\/2019\/07\/logo.svg","width":1,"height":1,"caption":"Dimann"},"image":{"@id":"https:\/\/www.dimann.com\/sv\/#\/schema\/logo\/image\/"},"sameAs":["https:\/\/www.facebook.com\/pg\/Dimann.cistite\/posts\/","https:\/\/www.instagram.com\/dimann_official\/"]}]}},"_links":{"self":[{"href":"https:\/\/www.dimann.com\/sv\/wp-json\/wp\/v2\/pages\/49742","targetHints":{"allow":["GET"]}}],"collection":[{"href":"https:\/\/www.dimann.com\/sv\/wp-json\/wp\/v2\/pages"}],"about":[{"href":"https:\/\/www.dimann.com\/sv\/wp-json\/wp\/v2\/types\/page"}],"author":[{"embeddable":true,"href":"https:\/\/www.dimann.com\/sv\/wp-json\/wp\/v2\/users\/12"}],"replies":[{"embeddable":true,"href":"https:\/\/www.dimann.com\/sv\/wp-json\/wp\/v2\/comments?post=49742"}],"version-history":[{"count":5,"href":"https:\/\/www.dimann.com\/sv\/wp-json\/wp\/v2\/pages\/49742\/revisions"}],"predecessor-version":[{"id":58021,"href":"https:\/\/www.dimann.com\/sv\/wp-json\/wp\/v2\/pages\/49742\/revisions\/58021"}],"wp:attachment":[{"href":"https:\/\/www.dimann.com\/sv\/wp-json\/wp\/v2\/media?parent=49742"}],"curies":[{"name":"wp","href":"https:\/\/api.w.org\/{rel}","templated":true}]}}